{"id":3111,"date":"2020-10-17T12:57:24","date_gmt":"2020-10-17T10:57:24","guid":{"rendered":"https:\/\/bavarian-bondage.tivendo.com\/produkt\/import-placeholder-for-1704\/"},"modified":"2026-01-05T09:25:10","modified_gmt":"2026-01-05T08:25:10","slug":"bambus-flogger","status":"publish","type":"product","link":"https:\/\/bavarian-bondage.de\/de\/produkt\/bambus-flogger\/","title":{"rendered":"Bambus Flogger"},"content":{"rendered":"<h3 style=\"text-align: center\">Bambus Flogger<\/h3>\n<p style=\"text-align: center\">Der Bambus Flogger ist eine interessante Alternative zu Peitschen und Gerten. Der Griff ist wie bei unserer Seilpeitsche aus Edelstahl gefertigt und mit Nussholz versehen. Der Flogger besteht aus 16 Bambus-Rundst\u00e4ben mit 5mm Durchmesser. Wenn die einzelnen St\u00e4be aufeinanderprallen, entsteht ein relativ lauter Knall, was das den Einsatz sehr spannend gestalten kann.<\/p>\n<p>&nbsp;<\/p>\n<p><strong>Details:<\/strong><\/p>\n<p>Material: Edelstahl, Bambus, Nussholz<br \/>\nFarbe: Silber, hellbraun<br \/>\nGesamtl\u00e4nge: 51cm<br \/>\nGriff L\u00e4nge: 14,5cm<br \/>\nGriff Breite: 21mm<\/p>\n<p>&nbsp;<\/p>\n<p><strong>Lieferumfang:<\/strong> 1 Bambus Flogger<\/p>\n<p>&nbsp;<\/p>\n<hr \/>\n<blockquote>\n<p style=\"text-align: center\"><span style=\"color: #333399\">\u00a0Die Angaben zu den Produkten erfolgt nach bestem Wissen und Gewissen. Alle Ma\u00dfe sind ca-Angaben. Die Benutzung der hier im Shop angebotenen Produkte ist auf eigene Gefahr. Jeder Mensch reagiert anders auf \u00e4u\u00dfere Einwirkungen, auf Lust oder Schmerz usw. Daher kann diesbez\u00fcglich f\u00fcr unsachgem\u00e4\u00dfe Anwendung keine Haftung \u00fcbernommen werden. \u00a0Jeder Benutzer tr\u00e4gt die volle Verantwortung f\u00fcr die Verwendung bzw den richtigen Gebrauch der Produkte und dessen unvorhersehbaren Folgen.<\/span><\/p>\n<\/blockquote>\n","protected":false},"excerpt":{"rendered":"<p>Lieferzeit: 5-7 Tage*<\/p>\n","protected":false},"featured_media":8654,"template":"","meta":[],"product_brand":[],"product_cat":[222,224,252],"product_tag":[],"class_list":{"0":"post-3111","1":"product","2":"type-product","3":"status-publish","4":"has-post-thumbnail","6":"product_cat-alle-produkte","7":"product_cat-lustschmerz","8":"product_cat-peitschen-gerten","10":"first","11":"outofstock","12":"taxable","13":"shipping-taxable","14":"purchasable","15":"product-type-simple"},"_links":{"self":[{"href":"https:\/\/bavarian-bondage.de\/de\/wp-json\/wp\/v2\/product\/3111","targetHints":{"allow":["GET"]}}],"collection":[{"href":"https:\/\/bavarian-bondage.de\/de\/wp-json\/wp\/v2\/product"}],"about":[{"href":"https:\/\/bavarian-bondage.de\/de\/wp-json\/wp\/v2\/types\/product"}],"version-history":[{"count":3,"href":"https:\/\/bavarian-bondage.de\/de\/wp-json\/wp\/v2\/product\/3111\/revisions"}],"predecessor-version":[{"id":13984,"href":"https:\/\/bavarian-bondage.de\/de\/wp-json\/wp\/v2\/product\/3111\/revisions\/13984"}],"wp:featuredmedia":[{"embeddable":true,"href":"https:\/\/bavarian-bondage.de\/de\/wp-json\/wp\/v2\/media\/8654"}],"wp:attachment":[{"href":"https:\/\/bavarian-bondage.de\/de\/wp-json\/wp\/v2\/media?parent=3111"}],"wp:term":[{"taxonomy":"product_brand","embeddable":true,"href":"https:\/\/bavarian-bondage.de\/de\/wp-json\/wp\/v2\/product_brand?post=3111"},{"taxonomy":"product_cat","embeddable":true,"href":"https:\/\/bavarian-bondage.de\/de\/wp-json\/wp\/v2\/product_cat?post=3111"},{"taxonomy":"product_tag","embeddable":true,"href":"https:\/\/bavarian-bondage.de\/de\/wp-json\/wp\/v2\/product_tag?post=3111"}],"curies":[{"name":"wp","href":"https:\/\/api.w.org\/{rel}","templated":true}]}}