{"id":3116,"date":"2020-10-17T12:57:25","date_gmt":"2020-10-17T10:57:25","guid":{"rendered":"https:\/\/bavarian-bondage.tivendo.com\/produkt\/import-placeholder-for-1719\/"},"modified":"2026-04-12T09:14:43","modified_gmt":"2026-04-12T07:14:43","slug":"shibaku-band-1","status":"publish","type":"product","link":"https:\/\/bavarian-bondage.de\/de\/produkt\/shibaku-band-1\/","title":{"rendered":"Shibaku Band 1"},"content":{"rendered":"<h2 style=\"text-align: center\">\u00a0Shibaku Band 1<\/h2>\n<h3 style=\"text-align: center\">BASIS &amp; GRUNDLAGEN (Taschenbuch)<\/h3>\n<p style=\"text-align: center\">In 11 Kapiteln werden die Grundlagen im Umgang mit Seil und Modell dargestellt und beschrieben. Auf 176 Seiten sind mit \u00fcber 500 farbigen Illustrationen verschiedene Abl\u00e4ufe Schritt-f\u00fcr-Schritt dargestellt.<\/p>\n<p>&nbsp;<\/p>\n<p><strong>Die einzelnen Kapitel:<\/strong><\/p>\n<p><strong>Einleitung<\/strong> &#8211; Mit Seil gebunden<br \/>\n<strong>Seilzeug<\/strong> &#8211; Seil als Werkzeug<br \/>\n<strong>Knoten im Seil<\/strong> &#8211; Ein kleines Knoten-ABC<br \/>\n<strong>Techniken<\/strong> &#8211; Grundelemente mit Seil<br \/>\n<strong>Fesseln<\/strong> &#8211; Hand- und Fussfesseln mit Seil<br \/>\n<strong>Karada<\/strong> &#8211; Seil unter der Alltagskleidung<br \/>\n<strong>Das Binden<\/strong> &#8211; Seil am Oberk\u00f6rper ohne Bewegungseinschr\u00e4nkung<br \/>\n<strong>Oberk\u00f6rper<\/strong> &#8211; Bewegungseinschr\u00e4nkung mit einem Seil<br \/>\n<strong>Takate Kote<\/strong> &#8211; Ein Takate Kote mit zwei Seilen<br \/>\n<strong>Unterk\u00f6rper<\/strong> &#8211; Seil am Unterk\u00f6rper<br \/>\n<strong>Fessel-Tipps<\/strong> &#8211; Mit Seil gebunden \u2013 Was nun?<\/p>\n<p>&nbsp;<\/p>\n<p><strong>Details:<\/strong><\/p>\n<p>Erschienen bei: Peter Wettstein<br \/>\nEinband: Softcover<br \/>\nSeiten: 176 Seiten<br \/>\nAutor: Peter Wettstein<br \/>\nJahr: 2017<br \/>\nISBN: 978-3-9524407-2-8<br \/>\nDeutsche Ausgabe<\/p>\n<p><strong>Lieferumfang:<\/strong> Shibaku Band 1<\/p>\n<p>&nbsp;<\/p>\n<hr \/>\n<blockquote>\n<p style=\"text-align: center\"><span style=\"color: #333399\">\u00a0Die Angaben zu den Produkten erfolgt nach bestem Wissen und Gewissen. Alle Ma\u00dfe sind ca-Angaben. Die Benutzung der hier im Shop angebotenen Produkte ist auf eigene Gefahr. Jeder Mensch reagiert anders auf \u00e4u\u00dfere Einwirkungen, auf Lust oder Schmerz usw. Daher kann diesbez\u00fcglich f\u00fcr unsachgem\u00e4\u00dfe Anwendung keine Haftung \u00fcbernommen werden. \u00a0Jeder Benutzer tr\u00e4gt die volle Verantwortung f\u00fcr die Verwendung bzw den richtigen Gebrauch der Produkte und dessen unvorhersehbaren Folgen.<\/span><\/p>\n<\/blockquote>\n<p>&nbsp;<\/p>\n","protected":false},"excerpt":{"rendered":"<p>Lieferzeit: 5-7 Tage*<\/p>\n","protected":false},"featured_media":8502,"template":"","meta":[],"product_brand":[],"product_cat":[222,233,358],"product_tag":[359],"class_list":{"0":"post-3116","1":"product","2":"type-product","3":"status-publish","4":"has-post-thumbnail","6":"product_cat-alle-produkte","7":"product_cat-bondage-zubehoer","8":"product_cat-buecher","9":"product_tag-shibaku","11":"first","12":"instock","13":"taxable","14":"shipping-taxable","15":"purchasable","16":"product-type-simple"},"_links":{"self":[{"href":"https:\/\/bavarian-bondage.de\/de\/wp-json\/wp\/v2\/product\/3116","targetHints":{"allow":["GET"]}}],"collection":[{"href":"https:\/\/bavarian-bondage.de\/de\/wp-json\/wp\/v2\/product"}],"about":[{"href":"https:\/\/bavarian-bondage.de\/de\/wp-json\/wp\/v2\/types\/product"}],"version-history":[{"count":4,"href":"https:\/\/bavarian-bondage.de\/de\/wp-json\/wp\/v2\/product\/3116\/revisions"}],"predecessor-version":[{"id":16507,"href":"https:\/\/bavarian-bondage.de\/de\/wp-json\/wp\/v2\/product\/3116\/revisions\/16507"}],"wp:featuredmedia":[{"embeddable":true,"href":"https:\/\/bavarian-bondage.de\/de\/wp-json\/wp\/v2\/media\/8502"}],"wp:attachment":[{"href":"https:\/\/bavarian-bondage.de\/de\/wp-json\/wp\/v2\/media?parent=3116"}],"wp:term":[{"taxonomy":"product_brand","embeddable":true,"href":"https:\/\/bavarian-bondage.de\/de\/wp-json\/wp\/v2\/product_brand?post=3116"},{"taxonomy":"product_cat","embeddable":true,"href":"https:\/\/bavarian-bondage.de\/de\/wp-json\/wp\/v2\/product_cat?post=3116"},{"taxonomy":"product_tag","embeddable":true,"href":"https:\/\/bavarian-bondage.de\/de\/wp-json\/wp\/v2\/product_tag?post=3116"}],"curies":[{"name":"wp","href":"https:\/\/api.w.org\/{rel}","templated":true}]}}