{"id":3117,"date":"2020-10-17T12:57:25","date_gmt":"2020-10-17T10:57:25","guid":{"rendered":"https:\/\/bavarian-bondage.tivendo.com\/produkt\/import-placeholder-for-1720\/"},"modified":"2026-03-22T19:15:24","modified_gmt":"2026-03-22T18:15:24","slug":"shibaku-band-2","status":"publish","type":"product","link":"https:\/\/bavarian-bondage.de\/de\/produkt\/shibaku-band-2\/","title":{"rendered":"Shibaku Band 2"},"content":{"rendered":"<h2 style=\"text-align: center\">\u00a0Shibaku Band 2<\/h2>\n<h3 style=\"text-align: center\">Takate Kote und Oberk\u00f6rper (Taschenbuch)<\/h3>\n<p style=\"text-align: center\">In\u00a011 Kapiteln werden die wichtigsten Seilf\u00fchrungen am Oberk\u00f6rper dargestellt. Dazu geh\u00f6ren neben verschiedenen Takate-kote-Versionen auch ein Hishi-shibari, ein Giai oder ein Teppo. Auf 176 Seiten sind mit \u00fcber 450\u00a0farbigen Illustrationen die verschiedenen Abl\u00e4ufe\u00a0Schritt-f\u00fcr-Schritt dargestellt und beschrieben.<\/p>\n<p>&nbsp;<\/p>\n<p><strong>Die einzelnen Kapitel:<\/strong><\/p>\n<p><strong>Einleitung<\/strong> &#8211; Die Bedeutung des Takate kote<br \/>\n<strong>Takate Kote<\/strong> &#8211; Der Klassiker nach Osada Ryu<br \/>\n<strong>Western Style<\/strong> &#8211; Eine Interpretation<br \/>\n<strong>Erweiterungen<\/strong> &#8211; Restseil und Finishing-Techniken<br \/>\n<strong>Varianten<\/strong> &#8211; Ideen und M\u00f6glichkeiten<br \/>\n<strong>Hishi<\/strong> &#8211; Ein Takate kote mit Seilkleid<br \/>\n<strong>Gyaku Gote Shibari<\/strong> &#8211; Die Arme vor dem Bauch gefaltet<br \/>\n<strong>Jiai Shibari<\/strong> &#8211; Die H\u00e4nde vor der Brust gebunden<br \/>\n<strong>Dragonfly sleeve<\/strong> &#8211; Eine komplexe Armfesselung<br \/>\n<strong>Teppou<\/strong> &#8211; Das Gewehr geschultert<br \/>\n<strong>Usagi<\/strong> &#8211; Die Hasenohren<\/p>\n<p>&nbsp;<\/p>\n<p><strong>Details:<\/strong><\/p>\n<p>Erschienen bei: Peter Wettstein<br \/>\nEinband: Softcover<br \/>\nSeiten: 176<br \/>\nAutor: Peter Wettstein<br \/>\nJahr: 2017<br \/>\nISBN: 978-3-9524407-3-5<br \/>\nDeutsche Ausgabe<\/p>\n<p><strong>Lieferumfang:<\/strong> Shibaku Band 2<\/p>\n<p>&nbsp;<\/p>\n<hr \/>\n<blockquote>\n<p style=\"text-align: center\"><span style=\"color: #333399\">\u00a0Die Angaben zu den Produkten erfolgt nach bestem Wissen und Gewissen. Alle Ma\u00dfe sind ca-Angaben. Die Benutzung der hier im Shop angebotenen Produkte ist auf eigene Gefahr. Jeder Mensch reagiert anders auf \u00e4u\u00dfere Einwirkungen, auf Lust oder Schmerz usw. Daher kann diesbez\u00fcglich f\u00fcr unsachgem\u00e4\u00dfe Anwendung keine Haftung \u00fcbernommen werden. \u00a0Jeder Benutzer tr\u00e4gt die volle Verantwortung f\u00fcr die Verwendung bzw den richtigen Gebrauch der Produkte und dessen unvorhersehbaren Folgen.<\/span><\/p>\n<\/blockquote>\n","protected":false},"excerpt":{"rendered":"<p>Lieferzeit: 5-7 Tage*<\/p>\n","protected":false},"featured_media":8503,"template":"","meta":[],"product_brand":[],"product_cat":[222,233,358],"product_tag":[359],"class_list":{"0":"post-3117","1":"product","2":"type-product","3":"status-publish","4":"has-post-thumbnail","6":"product_cat-alle-produkte","7":"product_cat-bondage-zubehoer","8":"product_cat-buecher","9":"product_tag-shibaku","11":"first","12":"instock","13":"taxable","14":"shipping-taxable","15":"purchasable","16":"product-type-simple"},"_links":{"self":[{"href":"https:\/\/bavarian-bondage.de\/de\/wp-json\/wp\/v2\/product\/3117","targetHints":{"allow":["GET"]}}],"collection":[{"href":"https:\/\/bavarian-bondage.de\/de\/wp-json\/wp\/v2\/product"}],"about":[{"href":"https:\/\/bavarian-bondage.de\/de\/wp-json\/wp\/v2\/types\/product"}],"version-history":[{"count":3,"href":"https:\/\/bavarian-bondage.de\/de\/wp-json\/wp\/v2\/product\/3117\/revisions"}],"predecessor-version":[{"id":15606,"href":"https:\/\/bavarian-bondage.de\/de\/wp-json\/wp\/v2\/product\/3117\/revisions\/15606"}],"wp:featuredmedia":[{"embeddable":true,"href":"https:\/\/bavarian-bondage.de\/de\/wp-json\/wp\/v2\/media\/8503"}],"wp:attachment":[{"href":"https:\/\/bavarian-bondage.de\/de\/wp-json\/wp\/v2\/media?parent=3117"}],"wp:term":[{"taxonomy":"product_brand","embeddable":true,"href":"https:\/\/bavarian-bondage.de\/de\/wp-json\/wp\/v2\/product_brand?post=3117"},{"taxonomy":"product_cat","embeddable":true,"href":"https:\/\/bavarian-bondage.de\/de\/wp-json\/wp\/v2\/product_cat?post=3117"},{"taxonomy":"product_tag","embeddable":true,"href":"https:\/\/bavarian-bondage.de\/de\/wp-json\/wp\/v2\/product_tag?post=3117"}],"curies":[{"name":"wp","href":"https:\/\/api.w.org\/{rel}","templated":true}]}}