{"id":3118,"date":"2020-10-17T12:57:25","date_gmt":"2020-10-17T10:57:25","guid":{"rendered":"https:\/\/bavarian-bondage.tivendo.com\/produkt\/import-placeholder-for-1722\/"},"modified":"2026-02-25T08:57:18","modified_gmt":"2026-02-25T07:57:18","slug":"shibaku-band-3","status":"publish","type":"product","link":"https:\/\/bavarian-bondage.de\/de\/produkt\/shibaku-band-3\/","title":{"rendered":"Shibaku Band 3"},"content":{"rendered":"<h2 style=\"text-align: center\">\u00a0Shibaku Band 3<\/h2>\n<h3 style=\"text-align: center\">Abheben und Fliegen (Taschenbuch)<\/h3>\n<p style=\"text-align: center\">Im dritten Band werden auf 11 Kapiteln die Grundlagen zu Semi- und Suspension dargestellt und erkl\u00e4rt. Dazu geh\u00f6ren neben verschiedenen Semisuspension-M\u00f6glichkeiten auch einfache Suspensions von Giri-Giri bis Yoko-zuri . Auf 176 Seiten sind mit unz\u00e4hligen farbigen Illustrationen die verschiedenen Abl\u00e4ufe\u00a0Schritt-f\u00fcr-Schritt dargestellt und beschrieben.<\/p>\n<p>&nbsp;<\/p>\n<p><strong>Die einzelnen Kapitel:<\/strong><\/p>\n<p><strong>Einleitung<\/strong> &#8211; Allgemeines zu Semisuspension und Suspension<br \/>\n<strong>Sicherheit<\/strong> &#8211; Eine sichere Suspension<br \/>\n<strong>Das Werkzeug<\/strong> &#8211; Ring, Rohr, Karabiner, Seil und andere Hilfsmittel<br \/>\n<strong>Theorie und Praxis<\/strong> &#8211; Was muss beachtet werden<br \/>\n<strong>Die Befestigung<\/strong> &#8211; Vom Ankerpunkt zum Model<br \/>\n<b>Der \u00dcbergang <\/b>&#8211; K\u00f6rperteile in der Luft<br \/>\n<b>Semisuspensions <\/b>&#8211; Vom Futomomo bis zum Strappado<br \/>\n<strong>Der Weg in die Luft<\/strong> &#8211; Vor und Nachteile einer Suspension<br \/>\n<strong>Abheben<\/strong> &#8211; Von Girigiri bis Face Down<br \/>\n<strong>Fliegen<\/strong> &#8211; Yoko &#8211; zuri und Hip Harness<br \/>\n<strong>Und jetzt?<\/strong> &#8211; Vor w\u00e4hrend und nach der Suspension<\/p>\n<p>&nbsp;<\/p>\n<p><strong>Details:<\/strong><\/p>\n<p>Erschienen bei: Peter Wettstein<br \/>\nEinband: Softcover<br \/>\nSeiten: 176<br \/>\nAutor: Peter Wettstein<br \/>\nJahr: 2019<br \/>\nISBN: 978-3-9524407-2-8<br \/>\nDeutsche Ausgabe<\/p>\n<p>&nbsp;<\/p>\n<p><strong>Lieferumfang:<\/strong> Shibaku Band 3<\/p>\n<p>&nbsp;<\/p>\n<p>&nbsp;<\/p>\n<hr \/>\n<blockquote>\n<p style=\"text-align: center\"><span style=\"color: #333399\">\u00a0Die Angaben zu den Produkten erfolgt nach bestem Wissen und Gewissen. Alle Ma\u00dfe sind ca-Angaben. Die Benutzung der hier im Shop angebotenen Produkte ist auf eigene Gefahr. Jeder Mensch reagiert anders auf \u00e4u\u00dfere Einwirkungen, auf Lust oder Schmerz usw. Daher kann diesbez\u00fcglich f\u00fcr unsachgem\u00e4\u00dfe Anwendung keine Haftung \u00fcbernommen werden. \u00a0Jeder Benutzer tr\u00e4gt die volle Verantwortung f\u00fcr die Verwendung bzw den richtigen Gebrauch der Produkte und dessen unvorhersehbaren Folgen.<\/span><\/p>\n<\/blockquote>\n","protected":false},"excerpt":{"rendered":"<p>Lieferzeit: 5-7 Tage*<\/p>\n","protected":false},"featured_media":8507,"template":"","meta":[],"product_brand":[],"product_cat":[222,233,358],"product_tag":[],"class_list":{"0":"post-3118","1":"product","2":"type-product","3":"status-publish","4":"has-post-thumbnail","6":"product_cat-alle-produkte","7":"product_cat-bondage-zubehoer","8":"product_cat-buecher","10":"first","11":"instock","12":"taxable","13":"shipping-taxable","14":"purchasable","15":"product-type-simple"},"_links":{"self":[{"href":"https:\/\/bavarian-bondage.de\/de\/wp-json\/wp\/v2\/product\/3118","targetHints":{"allow":["GET"]}}],"collection":[{"href":"https:\/\/bavarian-bondage.de\/de\/wp-json\/wp\/v2\/product"}],"about":[{"href":"https:\/\/bavarian-bondage.de\/de\/wp-json\/wp\/v2\/types\/product"}],"version-history":[{"count":4,"href":"https:\/\/bavarian-bondage.de\/de\/wp-json\/wp\/v2\/product\/3118\/revisions"}],"predecessor-version":[{"id":15607,"href":"https:\/\/bavarian-bondage.de\/de\/wp-json\/wp\/v2\/product\/3118\/revisions\/15607"}],"wp:featuredmedia":[{"embeddable":true,"href":"https:\/\/bavarian-bondage.de\/de\/wp-json\/wp\/v2\/media\/8507"}],"wp:attachment":[{"href":"https:\/\/bavarian-bondage.de\/de\/wp-json\/wp\/v2\/media?parent=3118"}],"wp:term":[{"taxonomy":"product_brand","embeddable":true,"href":"https:\/\/bavarian-bondage.de\/de\/wp-json\/wp\/v2\/product_brand?post=3118"},{"taxonomy":"product_cat","embeddable":true,"href":"https:\/\/bavarian-bondage.de\/de\/wp-json\/wp\/v2\/product_cat?post=3118"},{"taxonomy":"product_tag","embeddable":true,"href":"https:\/\/bavarian-bondage.de\/de\/wp-json\/wp\/v2\/product_tag?post=3118"}],"curies":[{"name":"wp","href":"https:\/\/api.w.org\/{rel}","templated":true}]}}