{"id":3130,"date":"2020-10-17T12:57:33","date_gmt":"2020-10-17T10:57:33","guid":{"rendered":"https:\/\/bavarian-bondage.tivendo.com\/produkt\/import-placeholder-for-2112\/"},"modified":"2026-03-30T16:57:53","modified_gmt":"2026-03-30T14:57:53","slug":"shibaku-band-1-3","status":"publish","type":"product","link":"https:\/\/bavarian-bondage.de\/de\/produkt\/shibaku-band-1-3\/","title":{"rendered":"Shibaku Band 1 &#8211; 3"},"content":{"rendered":"<h2 style=\"text-align: center\">Shibaku Band 1 &#8211; 3<\/h2>\n<p>&nbsp;<\/p>\n<p style=\"text-align: center\">\u00dcbersicht:<\/p>\n<h2 style=\"text-align: center\">Shibaku Band 1<\/h2>\n<h3 style=\"text-align: center\">BASIS &amp; GRUNDLAGEN (Taschenbuch)<\/h3>\n<p style=\"text-align: center\">In\u00a011 Kapiteln werden die Grundlagen\u00a0im Umgang mit Seil und Model dargestellt und beschrieben. Auf 176 Seiten sind mit \u00fcber 500 farbigen Illustrationen verschiedene Abl\u00e4ufe\u00a0Schritt-f\u00fcr-Schritt dargestellt.<\/p>\n<p>&nbsp;<\/p>\n<p><strong>Die einzelnen Kapitel:<\/strong><\/p>\n<p><strong>Einleitung<\/strong> &#8211; Mit Seil gebunden<br \/>\n<strong>Seilzeug<\/strong> &#8211; Seil als Werkzeug<br \/>\n<strong>Knoten im Seil<\/strong> &#8211; Ein kleines Knoten-ABC<br \/>\n<strong>Techniken<\/strong> &#8211; Grundelemente mit Seil<br \/>\n<strong>Fesseln<\/strong> &#8211; Hand- und Fussfesseln mit Seil<br \/>\n<strong>Karada<\/strong> &#8211; Seil unter der Alltagskleidung<br \/>\n<strong>Das Binden<\/strong> &#8211; Seil am Oberk\u00f6rper ohne Bewegungseinschr\u00e4nkung<br \/>\n<strong>Oberk\u00f6rper<\/strong> &#8211; Bewegungseinschr\u00e4nkung mit einem Seil<br \/>\n<strong>Takate Kote<\/strong> &#8211; Ein Takate Kote mit zwei Seilen<br \/>\n<strong>Unterk\u00f6rper<\/strong> &#8211; Seil am Unterk\u00f6rper<br \/>\n<strong>Fessel-Tipps<\/strong> &#8211; Mit Seil gebunden \u2013 Was nun?<\/p>\n<p>&nbsp;<\/p>\n<p><strong>Details:<\/strong><\/p>\n<p>Erschienen bei: Peter Wettstein<br \/>\nEinband: Softcover<br \/>\nSeiten: 176 Seiten<br \/>\nAutor: Peter Wettstein<br \/>\nJahr: 2016<br \/>\nISBN: 978-3-9524407-2-8<br \/>\nDeutsche Ausgabe<\/p>\n<hr \/>\n<h2 style=\"text-align: center\">\u00a0Shibaku Band 2<\/h2>\n<h3 style=\"text-align: center\">Takate Kote und Oberk\u00f6rper (Taschenbuch)<\/h3>\n<p style=\"text-align: center\">In\u00a011 Kapiteln werden die wichtigsten Seilf\u00fchrungen am Oberk\u00f6rper dargestellt. Dazu geh\u00f6ren neben verschiedenen Takate-kote-Versionen auch ein Hishi-shibari, ein Giai oder ein Teppo. Auf 176 Seiten sind mit \u00fcber 450\u00a0farbigen Illustrationen die verschiedenen Abl\u00e4ufe\u00a0Schritt-f\u00fcr-Schritt dargestellt und beschrieben.<\/p>\n<p>&nbsp;<\/p>\n<p><strong>Die einzelnen Kapitel:<\/strong><\/p>\n<p><strong>Einleitung<\/strong> &#8211; Die Bedeutung des Takate kote<br \/>\n<strong>Takate Kote<\/strong> &#8211; Der Klassiker nach Osada Ryu<br \/>\n<strong>Western Style<\/strong> &#8211; Eine Interpretation<br \/>\n<strong>Erweiterungen<\/strong> &#8211; Restseil und Finishing-Techniken<br \/>\n<strong>Varianten<\/strong> &#8211; Ideen und M\u00f6glichkeiten<br \/>\n<strong>Hishi<\/strong> &#8211; Ein Takate kote mit Seilkleid<br \/>\n<strong>Gyaku Gote Shibari<\/strong> &#8211; Die Arme vor dem Bauch gefaltet<br \/>\n<strong>Jiai Shibari<\/strong> &#8211; Die H\u00e4nde vor der Brust gebunden<br \/>\n<strong>Dragonfly sleeve<\/strong> &#8211; Eine komplexe Armfesselung<br \/>\n<strong>Teppou<\/strong> &#8211; Das Gewehr geschultert<br \/>\n<strong>Usagi<\/strong> &#8211; Die Hasenohren<\/p>\n<p>&nbsp;<\/p>\n<p><strong>Details:<\/strong><\/p>\n<p>Erschienen bei: Peter Wettstein<br \/>\nEinband: Softcover<br \/>\nSeiten: 176<br \/>\nAutor: Peter Wettstein<br \/>\nJahr: 2017<br \/>\nISBN: 978-3-9524407-3-5<br \/>\nDeutsche Ausgabe<\/p>\n<hr \/>\n<h2 style=\"text-align: center\">\u00a0Shibaku Band 3<\/h2>\n<h3 style=\"text-align: center\">Abheben und Fliegen (Taschenbuch)<\/h3>\n<p style=\"text-align: center\">Im dritten Band werden auf 11 Kapiteln die Grundlagen zu Semi- und Suspension dargestellt und erkl\u00e4rt. Dazu geh\u00f6ren neben verschiedenen Semisuspension-M\u00f6glichkeiten auch einfache Suspensions von Giri-Giri bis Yoko-zuri . Auf 176 Seiten sind mit unz\u00e4hligen farbigen Illustrationen die verschiedenen Abl\u00e4ufe\u00a0Schritt-f\u00fcr-Schritt dargestellt und beschrieben.<\/p>\n<p>&nbsp;<\/p>\n<p><strong>Die einzelnen Kapitel:<\/strong><\/p>\n<p><strong>Einleitung<\/strong> &#8211; Allgemeines zu Semisuspension und Suspension<br \/>\n<strong>Sicherheit<\/strong> &#8211; Eine sichere Suspension<br \/>\n<strong>Das Werkzeug<\/strong> &#8211; Ring, Rohr, Karabiner, Seil und andere Hilfsmittel<br \/>\n<strong>Theorie und Praxis<\/strong> &#8211; Was muss beachtet werden<br \/>\n<strong>Die Befestigung<\/strong> &#8211; Vom Ankerpunkt zum Model<br \/>\n<b>Der \u00dcbergang <\/b>&#8211; K\u00f6rperteile in der Luft<br \/>\n<b>Semisuspensions <\/b>&#8211; Vom Futomomo bis zum Strappado<br \/>\n<strong>Der Weg in die Luft<\/strong> &#8211; Vor und Nachteile einer Suspension<br \/>\n<strong>Abheben<\/strong> &#8211; Von Girigiri bis Face Down<br \/>\n<strong>Fliegen<\/strong> &#8211; Yoko &#8211; zuri und Hip Harness<br \/>\n<strong>Und jetzt?<\/strong> &#8211; Vor w\u00e4hrend und nach der Suspension<\/p>\n<p>&nbsp;<\/p>\n<p><strong>Details:<\/strong><\/p>\n<p>Erschienen bei: Peter Wettstein<br \/>\nEinband: Softcover<br \/>\nSeiten: 176<br \/>\nAutor: Peter Wettstein<br \/>\nJahr: 2019<br \/>\nISBN: 978-3-9524407-2-8<br \/>\nDeutsche Ausgabe<\/p>\n<p>&nbsp;<\/p>\n<p><strong>Lieferumfang:<\/strong> Shibaku Band 1, 2 und 3<\/p>\n<p>&nbsp;<\/p>\n<p>&nbsp;<\/p>\n<hr \/>\n<blockquote>\n<p style=\"text-align: center\"><span style=\"color: #333399\">\u00a0Die Angaben zu den Produkten erfolgt nach bestem Wissen und Gewissen. Alle Ma\u00dfe sind ca-Angaben. Die Benutzung der hier im Shop angebotenen Produkte ist auf eigene Gefahr. Jeder Mensch reagiert anders auf \u00e4u\u00dfere Einwirkungen, auf Lust oder Schmerz usw. Daher kann diesbez\u00fcglich f\u00fcr unsachgem\u00e4\u00dfe Anwendung keine Haftung \u00fcbernommen werden. \u00a0Jeder Benutzer tr\u00e4gt die volle Verantwortung f\u00fcr die Verwendung bzw den richtigen Gebrauch der Produkte und dessen unvorhersehbaren Folgen.<\/span><\/p>\n<\/blockquote>\n","protected":false},"excerpt":{"rendered":"<p>Lieferzeit: 5-7 Tage*<\/p>\n","protected":false},"featured_media":8501,"template":"","meta":[],"product_brand":[],"product_cat":[222,358],"product_tag":[],"class_list":{"0":"post-3130","1":"product","2":"type-product","3":"status-publish","4":"has-post-thumbnail","6":"product_cat-alle-produkte","7":"product_cat-buecher","9":"first","10":"instock","11":"taxable","12":"shipping-taxable","13":"purchasable","14":"product-type-simple"},"_links":{"self":[{"href":"https:\/\/bavarian-bondage.de\/de\/wp-json\/wp\/v2\/product\/3130","targetHints":{"allow":["GET"]}}],"collection":[{"href":"https:\/\/bavarian-bondage.de\/de\/wp-json\/wp\/v2\/product"}],"about":[{"href":"https:\/\/bavarian-bondage.de\/de\/wp-json\/wp\/v2\/types\/product"}],"version-history":[{"count":4,"href":"https:\/\/bavarian-bondage.de\/de\/wp-json\/wp\/v2\/product\/3130\/revisions"}],"predecessor-version":[{"id":5183,"href":"https:\/\/bavarian-bondage.de\/de\/wp-json\/wp\/v2\/product\/3130\/revisions\/5183"}],"wp:featuredmedia":[{"embeddable":true,"href":"https:\/\/bavarian-bondage.de\/de\/wp-json\/wp\/v2\/media\/8501"}],"wp:attachment":[{"href":"https:\/\/bavarian-bondage.de\/de\/wp-json\/wp\/v2\/media?parent=3130"}],"wp:term":[{"taxonomy":"product_brand","embeddable":true,"href":"https:\/\/bavarian-bondage.de\/de\/wp-json\/wp\/v2\/product_brand?post=3130"},{"taxonomy":"product_cat","embeddable":true,"href":"https:\/\/bavarian-bondage.de\/de\/wp-json\/wp\/v2\/product_cat?post=3130"},{"taxonomy":"product_tag","embeddable":true,"href":"https:\/\/bavarian-bondage.de\/de\/wp-json\/wp\/v2\/product_tag?post=3130"}],"curies":[{"name":"wp","href":"https:\/\/api.w.org\/{rel}","templated":true}]}}