{"id":3131,"date":"2020-10-17T12:57:33","date_gmt":"2020-10-17T10:57:33","guid":{"rendered":"https:\/\/bavarian-bondage.tivendo.com\/produkt\/import-placeholder-for-2192\/"},"modified":"2023-02-02T12:18:36","modified_gmt":"2023-02-02T11:18:36","slug":"individuell-gestalteter-bondagering","status":"publish","type":"product","link":"https:\/\/bavarian-bondage.de\/de\/produkt\/individuell-gestalteter-bondagering\/","title":{"rendered":"Individuell gestalteter Bondagering"},"content":{"rendered":"<h3 style=\"text-align: center\">Individuell gestalteter Bondagering<\/h3>\n<p style=\"text-align: center\">Die M\u00f6glichkeiten der Gestaltung von Bondage-Ringen aus Holz ist sehr vielseitig. Ob nun bestimmte Gr\u00f6\u00dfen und Dicken, diverse Holzarten oder unterschiedliche Formen.<\/p>\n<p style=\"text-align: center\">Des weiteren besteht zum Teil die M\u00f6glichkeit den Ring zu beschriften.<\/p>\n<p>&nbsp;<\/p>\n<p style=\"text-align: center\">Gerne kannst Du mir deine W\u00fcnsche und Ideen mitteilen!<\/p>\n<p>&nbsp;<\/p>\n<p>&nbsp;<\/p>\n<p><strong>Details:<\/strong><\/p>\n<p>Individuelle Gestaltung<\/p>\n<p>&nbsp;<\/p>\n<hr \/>\n<blockquote>\n<p style=\"text-align: center\"><span style=\"color: #333399\">Die Angaben zu den Produkten erfolgt nach bestem Wissen und Gewissen. Alle Ma\u00dfe sind ca-Angaben. Die Benutzung der hier im Shop angebotenen Produkte ist auf eigene Gefahr. Jeder Mensch reagiert anders auf \u00e4u\u00dfere Einwirkungen, auf Lust oder Schmerz usw. Daher kann diesbez\u00fcglich f\u00fcr unsachgem\u00e4\u00dfe Anwendung keine Haftung \u00fcbernommen werden. \u00a0Jeder Benutzer tr\u00e4gt die volle Verantwortung f\u00fcr die Verwendung bzw den richtigen Gebrauch der Produkte und dessen unvorhersehbaren Folgen.<\/span><\/p>\n<\/blockquote>\n","protected":false},"excerpt":{"rendered":"<p>Preise und Lieferzeit nach Absprache<\/p>\n","protected":false},"featured_media":556,"template":"","meta":[],"product_brand":[],"product_cat":[222],"product_tag":[],"class_list":{"0":"post-3131","1":"product","2":"type-product","3":"status-publish","4":"has-post-thumbnail","6":"product_cat-alle-produkte","8":"first","9":"instock","10":"virtual","11":"product-type-simple"},"_links":{"self":[{"href":"https:\/\/bavarian-bondage.de\/de\/wp-json\/wp\/v2\/product\/3131","targetHints":{"allow":["GET"]}}],"collection":[{"href":"https:\/\/bavarian-bondage.de\/de\/wp-json\/wp\/v2\/product"}],"about":[{"href":"https:\/\/bavarian-bondage.de\/de\/wp-json\/wp\/v2\/types\/product"}],"version-history":[{"count":1,"href":"https:\/\/bavarian-bondage.de\/de\/wp-json\/wp\/v2\/product\/3131\/revisions"}],"predecessor-version":[{"id":9449,"href":"https:\/\/bavarian-bondage.de\/de\/wp-json\/wp\/v2\/product\/3131\/revisions\/9449"}],"wp:featuredmedia":[{"embeddable":true,"href":"https:\/\/bavarian-bondage.de\/de\/wp-json\/wp\/v2\/media\/556"}],"wp:attachment":[{"href":"https:\/\/bavarian-bondage.de\/de\/wp-json\/wp\/v2\/media?parent=3131"}],"wp:term":[{"taxonomy":"product_brand","embeddable":true,"href":"https:\/\/bavarian-bondage.de\/de\/wp-json\/wp\/v2\/product_brand?post=3131"},{"taxonomy":"product_cat","embeddable":true,"href":"https:\/\/bavarian-bondage.de\/de\/wp-json\/wp\/v2\/product_cat?post=3131"},{"taxonomy":"product_tag","embeddable":true,"href":"https:\/\/bavarian-bondage.de\/de\/wp-json\/wp\/v2\/product_tag?post=3131"}],"curies":[{"name":"wp","href":"https:\/\/api.w.org\/{rel}","templated":true}]}}