{"id":3132,"date":"2020-10-17T12:59:33","date_gmt":"2020-10-17T10:59:33","guid":{"rendered":"https:\/\/bavarian-bondage.tivendo.com\/produkt\/import-placeholder-for-2326\/"},"modified":"2026-03-16T12:38:22","modified_gmt":"2026-03-16T11:38:22","slug":"bondagering-triskele-nussbaum","status":"publish","type":"product","link":"https:\/\/bavarian-bondage.de\/de\/produkt\/bondagering-triskele-nussbaum\/","title":{"rendered":"Bondagering Triskele Nussbaum"},"content":{"rendered":"<h3 style=\"text-align: center\">Bondagering Triskele aus Nussbaumholz<\/h3>\n<p style=\"text-align: center\">Die Triskele ist bekannt als Erkennungsmerkmal in der BDSM Szene und auch bei Bondageringen ist das Muster sehr verbreitet. Der Ring wird aus edlem Nussbaumholz gefertigt und durch einen 10 x 10mm Stahlkern erg\u00e4nzt. Der Stahlkern befindet sich sowohl im Au\u00dfenring, als auch in der Unterteilung im Inneren.<\/p>\n<p style=\"text-align: center\">Hinweis: Holz ist zwar ein ausgesprochen stabiles Material, jedoch nicht mit der Festigkeit von Metall vergleichbar. Insbesondere bei H\u00e4nge-Bondage und vor allem beim sogenannten Lift-up kann es zu leichten Kerben im Holz kommen \u2013 diese beeintr\u00e4chtigen die Stabilit\u00e4t des Rings selbstverst\u00e4ndlich nicht.<\/p>\n<p>&nbsp;<\/p>\n<p><strong>Details:<\/strong><\/p>\n<p>Au\u00dfendurchmesser: 240mm<br \/>\nInnendurchmesser: 180mm<br \/>\nMaterialst\u00e4rke: 30mm<br \/>\nGewicht: ca. 900g<br \/>\nMaterial: Nussbaumholz, 10 x 10mm Stahlkern<\/p>\n<p>&nbsp;<\/p>\n<p><strong>Lieferumfang:<\/strong> 1 Bondagering Nussbaum mit Stahlkern<\/p>\n<p>&nbsp;<\/p>\n<p>&nbsp;<\/p>\n<hr \/>\n<blockquote>\n<p style=\"text-align: center\"><span style=\"color: #333399\">Die Angaben zu den Produkten erfolgt nach bestem Wissen und Gewissen. Alle Ma\u00dfe sind ca-Angaben. Die Benutzung der hier im Shop angebotenen Produkte ist auf eigene Gefahr. Jeder Mensch reagiert anders auf \u00e4u\u00dfere Einwirkungen, auf Lust oder Schmerz usw. Daher kann diesbez\u00fcglich f\u00fcr unsachgem\u00e4\u00dfe Anwendung keine Haftung \u00fcbernommen werden. \u00a0Jeder Benutzer tr\u00e4gt die volle Verantwortung f\u00fcr die Verwendung bzw den richtigen Gebrauch der Produkte und dessen unvorhersehbaren Folgen.<\/span><\/p>\n<\/blockquote>\n<p>&nbsp;<\/p>\n","protected":false},"excerpt":{"rendered":"<p>Lieferzeit: 5-7 Tage*<\/p>\n","protected":false},"featured_media":8098,"template":"","meta":[],"product_brand":[],"product_cat":[222,234],"product_tag":[],"class_list":{"0":"post-3132","1":"product","2":"type-product","3":"status-publish","4":"has-post-thumbnail","6":"product_cat-alle-produkte","7":"product_cat-ringe","9":"first","10":"instock","11":"taxable","12":"shipping-taxable","13":"purchasable","14":"product-type-simple"},"_links":{"self":[{"href":"https:\/\/bavarian-bondage.de\/de\/wp-json\/wp\/v2\/product\/3132","targetHints":{"allow":["GET"]}}],"collection":[{"href":"https:\/\/bavarian-bondage.de\/de\/wp-json\/wp\/v2\/product"}],"about":[{"href":"https:\/\/bavarian-bondage.de\/de\/wp-json\/wp\/v2\/types\/product"}],"version-history":[{"count":6,"href":"https:\/\/bavarian-bondage.de\/de\/wp-json\/wp\/v2\/product\/3132\/revisions"}],"predecessor-version":[{"id":15089,"href":"https:\/\/bavarian-bondage.de\/de\/wp-json\/wp\/v2\/product\/3132\/revisions\/15089"}],"wp:featuredmedia":[{"embeddable":true,"href":"https:\/\/bavarian-bondage.de\/de\/wp-json\/wp\/v2\/media\/8098"}],"wp:attachment":[{"href":"https:\/\/bavarian-bondage.de\/de\/wp-json\/wp\/v2\/media?parent=3132"}],"wp:term":[{"taxonomy":"product_brand","embeddable":true,"href":"https:\/\/bavarian-bondage.de\/de\/wp-json\/wp\/v2\/product_brand?post=3132"},{"taxonomy":"product_cat","embeddable":true,"href":"https:\/\/bavarian-bondage.de\/de\/wp-json\/wp\/v2\/product_cat?post=3132"},{"taxonomy":"product_tag","embeddable":true,"href":"https:\/\/bavarian-bondage.de\/de\/wp-json\/wp\/v2\/product_tag?post=3132"}],"curies":[{"name":"wp","href":"https:\/\/api.w.org\/{rel}","templated":true}]}}