{"id":3136,"date":"2020-10-17T12:59:34","date_gmt":"2020-10-17T10:59:34","guid":{"rendered":"https:\/\/bavarian-bondage.tivendo.com\/produkt\/import-placeholder-for-2338\/"},"modified":"2026-03-16T12:34:57","modified_gmt":"2026-03-16T11:34:57","slug":"bondagering-nussbaumholz","status":"publish","type":"product","link":"https:\/\/bavarian-bondage.de\/de\/produkt\/bondagering-nussbaumholz\/","title":{"rendered":"Bondagering Nussbaumholz"},"content":{"rendered":"<h3 style=\"text-align: center\">Bondagering Nussbaumholz<\/h3>\n<p style=\"text-align: center\">Der klassische, schlichte Bondagering aus Nussbaumholz mit integriertem Stahlkern \u00fcberzeugt durch seine sch\u00f6ne dunkle Farbgebung und der Stabilit\u00e4t eines Edelstahlrings. Einzig das hohe Gewicht weist auf das 10 x 10mm Stahl-Innenleben hin. Das Holz ist fein geschliffen und wird zum Abschluss mit einer d\u00fcnnen Schicht Holz\u00f6l behandelt.<\/p>\n<p style=\"text-align: center\">Hinweis: Holz ist zwar ein ausgesprochen stabiles Material, jedoch nicht mit der Festigkeit von Metall vergleichbar. Insbesondere bei H\u00e4nge-Bondage und vor allem beim sogenannten Lift-up kann es zu leichten Kerben im Holz kommen \u2013 diese beeintr\u00e4chtigen die Stabilit\u00e4t des Rings selbstverst\u00e4ndlich nicht.<\/p>\n<p>&nbsp;<\/p>\n<p><strong>Details:<\/strong><\/p>\n<p>Au\u00dfendurchmesser: 240mm<br \/>\nInnendurchmesser: 180mm<br \/>\nMaterialst\u00e4rke: 30mm<br \/>\nGewicht: ca. 800g<br \/>\nMaterial: Nussbaumholz, 10 x 10mm Stahlkern<\/p>\n<p>&nbsp;<\/p>\n<p><strong>Lieferumfang:<\/strong> 1 Bondagering Nussbaumholz mit Stahlkern<\/p>\n<p>&nbsp;<\/p>\n<p>&nbsp;<\/p>\n<hr \/>\n<blockquote>\n<p style=\"text-align: center\"><span style=\"color: #333399\">Die Angaben zu den Produkten erfolgt nach bestem Wissen und Gewissen. Alle Ma\u00dfe sind ca-Angaben. Die Benutzung der hier im Shop angebotenen Produkte ist auf eigene Gefahr. Jeder Mensch reagiert anders auf \u00e4u\u00dfere Einwirkungen, auf Lust oder Schmerz usw. Daher kann diesbez\u00fcglich f\u00fcr unsachgem\u00e4\u00dfe Anwendung keine Haftung \u00fcbernommen werden. \u00a0Jeder Benutzer tr\u00e4gt die volle Verantwortung f\u00fcr die Verwendung bzw den richtigen Gebrauch der Produkte und dessen unvorhersehbaren Folgen.<\/span><\/p>\n<\/blockquote>\n","protected":false},"excerpt":{"rendered":"<p>Lieferzeit: 5-7 Tage*<\/p>\n","protected":false},"featured_media":8090,"template":"","meta":[],"product_brand":[],"product_cat":[222,234],"product_tag":[],"class_list":{"0":"post-3136","1":"product","2":"type-product","3":"status-publish","4":"has-post-thumbnail","6":"product_cat-alle-produkte","7":"product_cat-ringe","9":"first","10":"instock","11":"taxable","12":"shipping-taxable","13":"purchasable","14":"product-type-simple"},"_links":{"self":[{"href":"https:\/\/bavarian-bondage.de\/de\/wp-json\/wp\/v2\/product\/3136","targetHints":{"allow":["GET"]}}],"collection":[{"href":"https:\/\/bavarian-bondage.de\/de\/wp-json\/wp\/v2\/product"}],"about":[{"href":"https:\/\/bavarian-bondage.de\/de\/wp-json\/wp\/v2\/types\/product"}],"version-history":[{"count":5,"href":"https:\/\/bavarian-bondage.de\/de\/wp-json\/wp\/v2\/product\/3136\/revisions"}],"predecessor-version":[{"id":15088,"href":"https:\/\/bavarian-bondage.de\/de\/wp-json\/wp\/v2\/product\/3136\/revisions\/15088"}],"wp:featuredmedia":[{"embeddable":true,"href":"https:\/\/bavarian-bondage.de\/de\/wp-json\/wp\/v2\/media\/8090"}],"wp:attachment":[{"href":"https:\/\/bavarian-bondage.de\/de\/wp-json\/wp\/v2\/media?parent=3136"}],"wp:term":[{"taxonomy":"product_brand","embeddable":true,"href":"https:\/\/bavarian-bondage.de\/de\/wp-json\/wp\/v2\/product_brand?post=3136"},{"taxonomy":"product_cat","embeddable":true,"href":"https:\/\/bavarian-bondage.de\/de\/wp-json\/wp\/v2\/product_cat?post=3136"},{"taxonomy":"product_tag","embeddable":true,"href":"https:\/\/bavarian-bondage.de\/de\/wp-json\/wp\/v2\/product_tag?post=3136"}],"curies":[{"name":"wp","href":"https:\/\/api.w.org\/{rel}","templated":true}]}}