{"id":4515,"date":"2021-01-02T17:39:08","date_gmt":"2021-01-02T16:39:08","guid":{"rendered":"https:\/\/bavarian-bondage.de\/?post_type=product&#038;p=4515"},"modified":"2025-05-27T11:32:49","modified_gmt":"2025-05-27T09:32:49","slug":"seilpeitsche-lang","status":"publish","type":"product","link":"https:\/\/bavarian-bondage.de\/de\/produkt\/seilpeitsche-lang\/","title":{"rendered":"Seilpeitsche Lang"},"content":{"rendered":"<h3 style=\"text-align: center\">Seilpeitsche lang<\/h3>\n<p style=\"text-align: center\">Die Seilpeitsche ist das perfekte Zubeh\u00f6r f\u00fcr deine Bondage-Session. Sie besteht aus zwanzig Str\u00e4ngen, die aus 4mm starken Hanfseilen hergestellt und mit kleinen Triskenknoten geschlossen werden. F\u00fcr die edle Optik sorgt der Griff aus Edelstahl und den beiden Elementen aus Nussholz.<\/p>\n<p><strong>Details:<\/strong><\/p>\n<p>Material: Holz, Hanfseil, Edelstahl<br \/>\nL\u00e4nge: ca. 80cm<br \/>\nDurchmesser Griff: 22mm<\/p>\n<p>&nbsp;<\/p>\n<p><strong>Lieferumfang:<\/strong> Seilpeitsche lang; Farbe w\u00e4hlbar<\/p>\n<p>&nbsp;<\/p>\n<hr \/>\n<blockquote>\n<p style=\"text-align: center\"><span style=\"color: #333399\">Die Angaben zu den Produkten erfolgt nach bestem Wissen und Gewissen. Alle Ma\u00dfe sind ca-Angaben. Die Benutzung der hier im Shop angebotenen Produkte ist auf eigene Gefahr. Jeder Mensch reagiert anders auf \u00e4u\u00dfere Einwirkungen, auf Lust oder Schmerz usw. Daher kann diesbez\u00fcglich f\u00fcr unsachgem\u00e4\u00dfe Anwendung keine Haftung \u00fcbernommen werden. \u00a0Jeder Benutzer tr\u00e4gt die volle Verantwortung f\u00fcr die Verwendung bzw den richtigen Gebrauch der Produkte und dessen unvorhersehbaren Folgen.<\/span><\/p>\n<\/blockquote>\n","protected":false},"excerpt":{"rendered":"<p>Lieferzeit: 5-7 Tage*<\/p>\n","protected":false},"featured_media":14068,"template":"","meta":[],"product_brand":[],"product_cat":[224,252],"product_tag":[],"class_list":{"0":"post-4515","1":"product","2":"type-product","3":"status-publish","4":"has-post-thumbnail","6":"product_cat-lustschmerz","7":"product_cat-peitschen-gerten","9":"first","10":"instock","11":"taxable","12":"shipping-taxable","13":"purchasable","14":"product-type-variable"},"_links":{"self":[{"href":"https:\/\/bavarian-bondage.de\/de\/wp-json\/wp\/v2\/product\/4515","targetHints":{"allow":["GET"]}}],"collection":[{"href":"https:\/\/bavarian-bondage.de\/de\/wp-json\/wp\/v2\/product"}],"about":[{"href":"https:\/\/bavarian-bondage.de\/de\/wp-json\/wp\/v2\/types\/product"}],"version-history":[{"count":7,"href":"https:\/\/bavarian-bondage.de\/de\/wp-json\/wp\/v2\/product\/4515\/revisions"}],"predecessor-version":[{"id":14072,"href":"https:\/\/bavarian-bondage.de\/de\/wp-json\/wp\/v2\/product\/4515\/revisions\/14072"}],"wp:featuredmedia":[{"embeddable":true,"href":"https:\/\/bavarian-bondage.de\/de\/wp-json\/wp\/v2\/media\/14068"}],"wp:attachment":[{"href":"https:\/\/bavarian-bondage.de\/de\/wp-json\/wp\/v2\/media?parent=4515"}],"wp:term":[{"taxonomy":"product_brand","embeddable":true,"href":"https:\/\/bavarian-bondage.de\/de\/wp-json\/wp\/v2\/product_brand?post=4515"},{"taxonomy":"product_cat","embeddable":true,"href":"https:\/\/bavarian-bondage.de\/de\/wp-json\/wp\/v2\/product_cat?post=4515"},{"taxonomy":"product_tag","embeddable":true,"href":"https:\/\/bavarian-bondage.de\/de\/wp-json\/wp\/v2\/product_tag?post=4515"}],"curies":[{"name":"wp","href":"https:\/\/api.w.org\/{rel}","templated":true}]}}