{"id":4524,"date":"2021-01-02T17:54:38","date_gmt":"2021-01-02T16:54:38","guid":{"rendered":"https:\/\/bavarian-bondage.de\/?post_type=product&#038;p=4524"},"modified":"2026-02-16T18:45:07","modified_gmt":"2026-02-16T17:45:07","slug":"seil-striemenpeitsche","status":"publish","type":"product","link":"https:\/\/bavarian-bondage.de\/de\/produkt\/seil-striemenpeitsche\/","title":{"rendered":"Seil-Striemenpeitsche"},"content":{"rendered":"<h3 style=\"text-align: center\">Seil- Striemenpeitsche<\/h3>\n<p style=\"text-align: center\">Anders als die Seilpeitschen mit Knoten sind die Seil-Striemenpeitschen aus 3mm d\u00fcnnem Hanfseil gefertigt und an den Seilenden mit Gummikappen versehen. In Kombination mit einer Gesamtl\u00e4nge von 70cm und den 20 Str\u00e4ngen l\u00f6st die Peitsche, \u00e4hnlich wie bei Gerten, einen spitzen und eher brennenden Schmerz aus. Wie der Name schon sagt, sind damit Striemen quasi vorprogrammiert!<\/p>\n<p><strong>Details:<\/strong><\/p>\n<p>Material: Holz, Hanfseil, Edelstahl, Gummi<br \/>\nL\u00e4nge: ca. 70cm<br \/>\nDurchmesser Griff: 22mm<\/p>\n<p><strong>Lieferumfang:<\/strong> Seil-Striemenpeitsche; Farbe w\u00e4hlbar<\/p>\n<p>&nbsp;<\/p>\n<hr \/>\n<blockquote>\n<p style=\"text-align: center\"><span style=\"color: #333399\">Die Angaben zu den Produkten erfolgt nach bestem Wissen und Gewissen. Alle Ma\u00dfe sind ca-Angaben. Die Benutzung der hier im Shop angebotenen Produkte ist auf eigene Gefahr. Jeder Mensch reagiert anders auf \u00e4u\u00dfere Einwirkungen, auf Lust oder Schmerz usw. Daher kann diesbez\u00fcglich f\u00fcr unsachgem\u00e4\u00dfe Anwendung keine Haftung \u00fcbernommen werden. \u00a0Jeder Benutzer tr\u00e4gt die volle Verantwortung f\u00fcr die Verwendung bzw den richtigen Gebrauch der Produkte und dessen unvorhersehbaren Folgen.<\/span><\/p>\n<\/blockquote>\n","protected":false},"excerpt":{"rendered":"<p>Lieferzeit: 5-7 Tage*<\/p>\n","protected":false},"featured_media":10295,"template":"","meta":[],"product_brand":[],"product_cat":[224,252],"product_tag":[],"class_list":{"0":"post-4524","1":"product","2":"type-product","3":"status-publish","4":"has-post-thumbnail","6":"product_cat-lustschmerz","7":"product_cat-peitschen-gerten","9":"first","10":"instock","11":"taxable","12":"shipping-taxable","13":"purchasable","14":"product-type-variable"},"_links":{"self":[{"href":"https:\/\/bavarian-bondage.de\/de\/wp-json\/wp\/v2\/product\/4524","targetHints":{"allow":["GET"]}}],"collection":[{"href":"https:\/\/bavarian-bondage.de\/de\/wp-json\/wp\/v2\/product"}],"about":[{"href":"https:\/\/bavarian-bondage.de\/de\/wp-json\/wp\/v2\/types\/product"}],"version-history":[{"count":4,"href":"https:\/\/bavarian-bondage.de\/de\/wp-json\/wp\/v2\/product\/4524\/revisions"}],"predecessor-version":[{"id":13980,"href":"https:\/\/bavarian-bondage.de\/de\/wp-json\/wp\/v2\/product\/4524\/revisions\/13980"}],"wp:featuredmedia":[{"embeddable":true,"href":"https:\/\/bavarian-bondage.de\/de\/wp-json\/wp\/v2\/media\/10295"}],"wp:attachment":[{"href":"https:\/\/bavarian-bondage.de\/de\/wp-json\/wp\/v2\/media?parent=4524"}],"wp:term":[{"taxonomy":"product_brand","embeddable":true,"href":"https:\/\/bavarian-bondage.de\/de\/wp-json\/wp\/v2\/product_brand?post=4524"},{"taxonomy":"product_cat","embeddable":true,"href":"https:\/\/bavarian-bondage.de\/de\/wp-json\/wp\/v2\/product_cat?post=4524"},{"taxonomy":"product_tag","embeddable":true,"href":"https:\/\/bavarian-bondage.de\/de\/wp-json\/wp\/v2\/product_tag?post=4524"}],"curies":[{"name":"wp","href":"https:\/\/api.w.org\/{rel}","templated":true}]}}