{"id":4534,"date":"2021-01-02T18:04:43","date_gmt":"2021-01-02T17:04:43","guid":{"rendered":"https:\/\/bavarian-bondage.de\/?post_type=product&#038;p=4534"},"modified":"2025-09-29T17:18:29","modified_gmt":"2025-09-29T15:18:29","slug":"drehwirbel-schwarz-gold","status":"publish","type":"product","link":"https:\/\/bavarian-bondage.de\/de\/produkt\/drehwirbel-schwarz-gold\/","title":{"rendered":"Drehwirbel schwarz-gold"},"content":{"rendered":"<h3 style=\"text-align: center\">Drehwirbel schwarz-gold<\/h3>\n<p style=\"text-align: center\">Der Drehwirbel, auch bekannt unter den Namen Swivel und macht jede H\u00e4ngebondage zu einem noch gr\u00f6\u00dferen Erlebnis. Der Swivel ist kugelgelagert und verf\u00fcgt trotz seiner geringen Gr\u00f6\u00dfe \u00fcber eine hohe Tragkraft. Durch die verbauten Kugellager kann er sich sehr schnell, ger\u00e4uscharm und fast widerstandslos drehen.<\/p>\n<p style=\"text-align: center\">Um das drehen zu verhindern, reicht es schon aus, ein Seil ein oder zweimal durch die beiden \u00d6ffnungen zu ziehen.<\/p>\n<p><strong>Details:<\/strong><\/p>\n<p>Gr\u00f6\u00dfe: L 10,5cm \/ B 4,2cm<br \/>\nDurchmesser der \u00d6ffnungen:\u00a0 3,5cm x 3,0cm<br \/>\nMaterialst\u00e4rke: ca 1cm<br \/>\nTragkraft: 30KN<br \/>\nMaterial: Aluminium<br \/>\nFarbe: Schwarz \/ Gold<br \/>\nGewicht: 130g<br \/>\nEN354:2002<br \/>\nEN365:2005<\/p>\n<p>&nbsp;<\/p>\n<p><strong>Lieferumfang:<\/strong> Drehwirbel-Swivel schwarz-gold 30KN<\/p>\n<p>&nbsp;<\/p>\n<hr \/>\n<blockquote>\n<p style=\"text-align: center\"><span style=\"color: #333399\">Die Angaben zu den Produkten erfolgt nach bestem Wissen und Gewissen. Alle Ma\u00dfe sind ca-Angaben. Die Benutzung der hier im Shop angebotenen Produkte ist auf eigene Gefahr. Jeder Mensch reagiert anders auf \u00e4u\u00dfere Einwirkungen, auf Lust oder Schmerz usw. Daher kann diesbez\u00fcglich f\u00fcr unsachgem\u00e4\u00dfe Anwendung keine Haftung \u00fcbernommen werden. \u00a0Jeder Benutzer tr\u00e4gt die volle Verantwortung f\u00fcr die Verwendung bzw den richtigen Gebrauch der Produkte und dessen unvorhersehbaren Folgen.<\/span><\/p>\n<\/blockquote>\n","protected":false},"excerpt":{"rendered":"<p>Lieferzeit: 5-7 Tage*<\/p>\n","protected":false},"featured_media":8172,"template":"","meta":[],"product_brand":[],"product_cat":[223],"product_tag":[],"class_list":{"0":"post-4534","1":"product","2":"type-product","3":"status-publish","4":"has-post-thumbnail","6":"product_cat-zubehoer","8":"first","9":"instock","10":"taxable","11":"shipping-taxable","12":"purchasable","13":"product-type-simple"},"_links":{"self":[{"href":"https:\/\/bavarian-bondage.de\/de\/wp-json\/wp\/v2\/product\/4534","targetHints":{"allow":["GET"]}}],"collection":[{"href":"https:\/\/bavarian-bondage.de\/de\/wp-json\/wp\/v2\/product"}],"about":[{"href":"https:\/\/bavarian-bondage.de\/de\/wp-json\/wp\/v2\/types\/product"}],"version-history":[{"count":4,"href":"https:\/\/bavarian-bondage.de\/de\/wp-json\/wp\/v2\/product\/4534\/revisions"}],"predecessor-version":[{"id":14350,"href":"https:\/\/bavarian-bondage.de\/de\/wp-json\/wp\/v2\/product\/4534\/revisions\/14350"}],"wp:featuredmedia":[{"embeddable":true,"href":"https:\/\/bavarian-bondage.de\/de\/wp-json\/wp\/v2\/media\/8172"}],"wp:attachment":[{"href":"https:\/\/bavarian-bondage.de\/de\/wp-json\/wp\/v2\/media?parent=4534"}],"wp:term":[{"taxonomy":"product_brand","embeddable":true,"href":"https:\/\/bavarian-bondage.de\/de\/wp-json\/wp\/v2\/product_brand?post=4534"},{"taxonomy":"product_cat","embeddable":true,"href":"https:\/\/bavarian-bondage.de\/de\/wp-json\/wp\/v2\/product_cat?post=4534"},{"taxonomy":"product_tag","embeddable":true,"href":"https:\/\/bavarian-bondage.de\/de\/wp-json\/wp\/v2\/product_tag?post=4534"}],"curies":[{"name":"wp","href":"https:\/\/api.w.org\/{rel}","templated":true}]}}