{"id":4541,"date":"2020-10-17T12:56:33","date_gmt":"2020-10-17T10:56:33","guid":{"rendered":"https:\/\/bavarian-bondage.de\/?post_type=product&#038;p=4541"},"modified":"2025-09-05T11:59:00","modified_gmt":"2025-09-05T09:59:00","slug":"fuehrungskette-mit-lederschlaufe","status":"publish","type":"product","link":"https:\/\/bavarian-bondage.de\/de\/produkt\/fuehrungskette-mit-lederschlaufe\/","title":{"rendered":"F\u00fchrungskette mit Lederschlaufe"},"content":{"rendered":"<h3 style=\"text-align: center\">F\u00fchrungskette mit Lederschlaufe<\/h3>\n<p style=\"text-align: center\">Eine massive Kette mit zwei Klammern und einer schwarzen Lederschlaufe. Die beiden Klammern sind mittels Gewindeschrauben einstellbar und die Auflagefl\u00e4chen sind mit Gummi ummantelt, um ein angenehmes Tragegef\u00fchl zu erm\u00f6glichen.<\/p>\n<p>&nbsp;<\/p>\n<p><strong>Details:<\/strong><\/p>\n<p>Material: Metall, Gummi, Leder<br \/>\nGesamtl\u00e4nge: 80cm<br \/>\nL\u00e4nge Schlaufe: 20cm<br \/>\nL\u00e4nge Kette: 60cm<\/p>\n<p>&nbsp;<\/p>\n<p><strong>Lieferumfang:<\/strong> 1 F\u00fchrungskette mit Klammern und Lederschlaufe<\/p>\n","protected":false},"excerpt":{"rendered":"<p>Lieferzeit: 5-7 Tage*<\/p>\n","protected":false},"featured_media":14045,"template":"","meta":[],"product_brand":[],"product_cat":[248,224],"product_tag":[],"class_list":{"0":"post-4541","1":"product","2":"type-product","3":"status-publish","4":"has-post-thumbnail","6":"product_cat-klammern","7":"product_cat-lustschmerz","9":"first","10":"instock","11":"taxable","12":"shipping-taxable","13":"purchasable","14":"product-type-simple"},"_links":{"self":[{"href":"https:\/\/bavarian-bondage.de\/de\/wp-json\/wp\/v2\/product\/4541","targetHints":{"allow":["GET"]}}],"collection":[{"href":"https:\/\/bavarian-bondage.de\/de\/wp-json\/wp\/v2\/product"}],"about":[{"href":"https:\/\/bavarian-bondage.de\/de\/wp-json\/wp\/v2\/types\/product"}],"version-history":[{"count":7,"href":"https:\/\/bavarian-bondage.de\/de\/wp-json\/wp\/v2\/product\/4541\/revisions"}],"predecessor-version":[{"id":13959,"href":"https:\/\/bavarian-bondage.de\/de\/wp-json\/wp\/v2\/product\/4541\/revisions\/13959"}],"wp:featuredmedia":[{"embeddable":true,"href":"https:\/\/bavarian-bondage.de\/de\/wp-json\/wp\/v2\/media\/14045"}],"wp:attachment":[{"href":"https:\/\/bavarian-bondage.de\/de\/wp-json\/wp\/v2\/media?parent=4541"}],"wp:term":[{"taxonomy":"product_brand","embeddable":true,"href":"https:\/\/bavarian-bondage.de\/de\/wp-json\/wp\/v2\/product_brand?post=4541"},{"taxonomy":"product_cat","embeddable":true,"href":"https:\/\/bavarian-bondage.de\/de\/wp-json\/wp\/v2\/product_cat?post=4541"},{"taxonomy":"product_tag","embeddable":true,"href":"https:\/\/bavarian-bondage.de\/de\/wp-json\/wp\/v2\/product_tag?post=4541"}],"curies":[{"name":"wp","href":"https:\/\/api.w.org\/{rel}","templated":true}]}}