{"id":4548,"date":"2021-01-02T18:33:08","date_gmt":"2021-01-02T17:33:08","guid":{"rendered":"https:\/\/bavarian-bondage.de\/?post_type=product&#038;p=4548"},"modified":"2026-03-22T13:12:40","modified_gmt":"2026-03-22T12:12:40","slug":"rettungsmesser","status":"publish","type":"product","link":"https:\/\/bavarian-bondage.de\/de\/produkt\/rettungsmesser\/","title":{"rendered":"Rettungsmesser"},"content":{"rendered":"<h3 style=\"text-align: center\">Rettungsmesser (Seilschneider)<\/h3>\n<p style=\"text-align: center\">Das Gill Rettungsmesser ist ein sehr praktisches Tool, wenn es um das Zerschneiden von Leinen, Gurten usw. geht.<\/p>\n<p style=\"text-align: center\">Aber auch zum Zerschneiden von Bondageseilen bis etwa 8mm bestens geeignet. Geliefert wird das Tool mit einer Nylontasche, die sich zum Beispiel an G\u00fcrteln befestigen l\u00e4sst. Des Weiteren ist das Rettungsmesser mit einem rutschfesten Griff ausgestattet.<\/p>\n<p style=\"text-align: center\">Ein solches Rettungsmesser sollte man beim Fesseln nie ben\u00f6tigen m\u00fcssen, dennoch ist man f\u00fcr diese Eventualit\u00e4ten gut vorbereitet.<\/p>\n<p>&nbsp;<\/p>\n<p><strong>Details:<\/strong><br \/>\nMaterial: Stahl beschichtet, Verbundwerkstoff, Nylon<br \/>\nGesamtl\u00e4nge: 12,7cm<br \/>\nHersteller: Gill<\/p>\n<p>&nbsp;<\/p>\n<p><strong>Lieferumfang: <\/strong>1 Gill-Rettungsmesser mit Nylontasche<\/p>\n<hr \/>\n<blockquote>\n<p style=\"text-align: center\"><span style=\"color: #333399\">Die Angaben zu den Produkten erfolgt nach bestem Wissen und Gewissen. Alle Ma\u00dfe sind ca-Angaben. Die Benutzung der hier im Shop angebotenen Produkte ist auf eigene Gefahr. Jeder Mensch reagiert anders auf \u00e4u\u00dfere Einwirkungen, auf Lust oder Schmerz usw. Daher kann diesbez\u00fcglich f\u00fcr unsachgem\u00e4\u00dfe Anwendung keine Haftung \u00fcbernommen werden. \u00a0Jeder Benutzer tr\u00e4gt die volle Verantwortung f\u00fcr die Verwendung bzw den richtigen Gebrauch der Produkte und dessen unvorhersehbaren Folgen<\/span><\/p>\n<\/blockquote>\n","protected":false},"excerpt":{"rendered":"<p>Lieferzeit: 5-7 Tage*<\/p>\n","protected":false},"featured_media":8174,"template":"","meta":[],"product_brand":[],"product_cat":[223],"product_tag":[],"class_list":{"0":"post-4548","1":"product","2":"type-product","3":"status-publish","4":"has-post-thumbnail","6":"product_cat-zubehoer","8":"first","9":"instock","10":"taxable","11":"shipping-taxable","12":"purchasable","13":"product-type-simple"},"_links":{"self":[{"href":"https:\/\/bavarian-bondage.de\/de\/wp-json\/wp\/v2\/product\/4548","targetHints":{"allow":["GET"]}}],"collection":[{"href":"https:\/\/bavarian-bondage.de\/de\/wp-json\/wp\/v2\/product"}],"about":[{"href":"https:\/\/bavarian-bondage.de\/de\/wp-json\/wp\/v2\/types\/product"}],"version-history":[{"count":3,"href":"https:\/\/bavarian-bondage.de\/de\/wp-json\/wp\/v2\/product\/4548\/revisions"}],"predecessor-version":[{"id":16504,"href":"https:\/\/bavarian-bondage.de\/de\/wp-json\/wp\/v2\/product\/4548\/revisions\/16504"}],"wp:featuredmedia":[{"embeddable":true,"href":"https:\/\/bavarian-bondage.de\/de\/wp-json\/wp\/v2\/media\/8174"}],"wp:attachment":[{"href":"https:\/\/bavarian-bondage.de\/de\/wp-json\/wp\/v2\/media?parent=4548"}],"wp:term":[{"taxonomy":"product_brand","embeddable":true,"href":"https:\/\/bavarian-bondage.de\/de\/wp-json\/wp\/v2\/product_brand?post=4548"},{"taxonomy":"product_cat","embeddable":true,"href":"https:\/\/bavarian-bondage.de\/de\/wp-json\/wp\/v2\/product_cat?post=4548"},{"taxonomy":"product_tag","embeddable":true,"href":"https:\/\/bavarian-bondage.de\/de\/wp-json\/wp\/v2\/product_tag?post=4548"}],"curies":[{"name":"wp","href":"https:\/\/api.w.org\/{rel}","templated":true}]}}