{"id":4558,"date":"2021-01-02T19:01:31","date_gmt":"2021-01-02T18:01:31","guid":{"rendered":"https:\/\/bavarian-bondage.de\/?post_type=product&#038;p=4558"},"modified":"2026-04-13T23:43:34","modified_gmt":"2026-04-13T21:43:34","slug":"mini-seilpeitsche","status":"publish","type":"product","link":"https:\/\/bavarian-bondage.de\/de\/produkt\/mini-seilpeitsche\/","title":{"rendered":"Mini Seilpeitsche"},"content":{"rendered":"<h3 style=\"text-align: center\">Mini Seilpeitsche<\/h3>\n<p style=\"text-align: center\">Klein aber Oho ist wohl die perfekte Beschreibung f\u00fcr das nette Toy!<\/p>\n<p style=\"text-align: center\">Die Mini Seilpeitsche besteht aus 18 Str\u00e4ngen, die mit einer Gummikappe am Ende versehen sind. Hergestellt ist diese aus 3mm Hanfseil und einem Metallring f\u00fcr den besseren Halt. Eine Peitsche mit viel Effekt, die theoretisch in jede Hosentasche passen w\u00fcrde und der perfekte Begleiter f\u00fcr unterwegs ist.<\/p>\n<p>&nbsp;<\/p>\n<p><strong>Details:<\/strong><\/p>\n<p>Material: Hanfseil, Gummi, Metall<br \/>\nGesamtl\u00e4nge: ca. 34cm<br \/>\nGriffl\u00e4nge ohne Ring: ca. 7cm<\/p>\n<p>&nbsp;<\/p>\n<p><strong>Lieferumfang:<\/strong> Mini Seilpeitsche; Farbe w\u00e4hlbar<\/p>\n<p>&nbsp;<\/p>\n<hr \/>\n<blockquote>\n<p style=\"text-align: center\"><span style=\"color: #333399\">Die Angaben zu den Produkten erfolgt nach bestem Wissen und Gewissen. Alle Ma\u00dfe sind ca-Angaben. Die Benutzung der hier im Shop angebotenen Produkte ist auf eigene Gefahr. Jeder Mensch reagiert anders auf \u00e4u\u00dfere Einwirkungen, auf Lust oder Schmerz usw. Daher kann diesbez\u00fcglich f\u00fcr unsachgem\u00e4\u00dfe Anwendung keine Haftung \u00fcbernommen werden. \u00a0Jeder Benutzer tr\u00e4gt die volle Verantwortung f\u00fcr die Verwendung bzw den richtigen Gebrauch der Produkte und dessen unvorhersehbaren Folgen.<\/span><\/p>\n<\/blockquote>\n","protected":false},"excerpt":{"rendered":"<p>Lieferzeit: 5-7 Tage*<\/p>\n","protected":false},"featured_media":8650,"template":"","meta":[],"product_brand":[],"product_cat":[224,252],"product_tag":[],"class_list":{"0":"post-4558","1":"product","2":"type-product","3":"status-publish","4":"has-post-thumbnail","6":"product_cat-lustschmerz","7":"product_cat-peitschen-gerten","9":"first","10":"instock","11":"taxable","12":"shipping-taxable","13":"purchasable","14":"product-type-variable"},"_links":{"self":[{"href":"https:\/\/bavarian-bondage.de\/de\/wp-json\/wp\/v2\/product\/4558","targetHints":{"allow":["GET"]}}],"collection":[{"href":"https:\/\/bavarian-bondage.de\/de\/wp-json\/wp\/v2\/product"}],"about":[{"href":"https:\/\/bavarian-bondage.de\/de\/wp-json\/wp\/v2\/types\/product"}],"version-history":[{"count":3,"href":"https:\/\/bavarian-bondage.de\/de\/wp-json\/wp\/v2\/product\/4558\/revisions"}],"predecessor-version":[{"id":13979,"href":"https:\/\/bavarian-bondage.de\/de\/wp-json\/wp\/v2\/product\/4558\/revisions\/13979"}],"wp:featuredmedia":[{"embeddable":true,"href":"https:\/\/bavarian-bondage.de\/de\/wp-json\/wp\/v2\/media\/8650"}],"wp:attachment":[{"href":"https:\/\/bavarian-bondage.de\/de\/wp-json\/wp\/v2\/media?parent=4558"}],"wp:term":[{"taxonomy":"product_brand","embeddable":true,"href":"https:\/\/bavarian-bondage.de\/de\/wp-json\/wp\/v2\/product_brand?post=4558"},{"taxonomy":"product_cat","embeddable":true,"href":"https:\/\/bavarian-bondage.de\/de\/wp-json\/wp\/v2\/product_cat?post=4558"},{"taxonomy":"product_tag","embeddable":true,"href":"https:\/\/bavarian-bondage.de\/de\/wp-json\/wp\/v2\/product_tag?post=4558"}],"curies":[{"name":"wp","href":"https:\/\/api.w.org\/{rel}","templated":true}]}}