{"id":4567,"date":"2021-01-02T19:17:52","date_gmt":"2021-01-02T18:17:52","guid":{"rendered":"https:\/\/bavarian-bondage.de\/?post_type=product&#038;p=4567"},"modified":"2026-01-28T22:38:00","modified_gmt":"2026-01-28T21:38:00","slug":"klammern-mit-seil","status":"publish","type":"product","link":"https:\/\/bavarian-bondage.de\/de\/produkt\/klammern-mit-seil\/","title":{"rendered":"Klammern mit Seil"},"content":{"rendered":"<h3 style=\"text-align: center\">Clover Clamps mit Seil<\/h3>\n<p style=\"text-align: center\">Die wohl bekanntesten Klammern im Bereich BDSM. Diese Klammern sind so konstruiert, dass sie sich bei Zug, der Druck noch weiter erh\u00f6ht.<\/p>\n<p style=\"text-align: center\">Statt einer Kette sind die Clover Clamps mit einem 3m langen und 3mm starken Hanfseil ausgestattet. Dies erlaubt es, die Klammern besser beim Fesseln zu integrieren und einen weit entfernten Fixierpunkt zu benutzen.<\/p>\n<p>&nbsp;<\/p>\n<p><strong>Details:<\/strong><\/p>\n<p>Material: Metall, Gummiauflage, Hanfseil<br \/>\nSeill\u00e4nge: 3m<br \/>\nKlammergr\u00f6\u00dfe: 9cm<\/p>\n<p>&nbsp;<\/p>\n<p><strong>Lieferumfang:<\/strong> Clover-Clamps mit Seil<\/p>\n<p>&nbsp;<\/p>\n<hr \/>\n<blockquote>\n<p style=\"text-align: center\"><span style=\"color: #333399\">Die Angaben zu den Produkten erfolgt nach bestem Wissen und Gewissen. Alle Ma\u00dfe sind ca-Angaben. Die Benutzung der hier im Shop angebotenen Produkte ist auf eigene Gefahr. Jeder Mensch reagiert anders auf \u00e4u\u00dfere Einwirkungen, auf Lust oder Schmerz usw. Daher kann diesbez\u00fcglich f\u00fcr unsachgem\u00e4\u00dfe Anwendung keine Haftung \u00fcbernommen werden. \u00a0Jeder Benutzer tr\u00e4gt die volle Verantwortung f\u00fcr die Verwendung bzw den richtigen Gebrauch der Produkte und dessen unvorhersehbaren Folgen.<\/span><\/p>\n<\/blockquote>\n","protected":false},"excerpt":{"rendered":"<p>Lieferzeit: 5-7 Tage*<\/p>\n","protected":false},"featured_media":8569,"template":"","meta":[],"product_brand":[],"product_cat":[224,248,222],"product_tag":[],"class_list":{"0":"post-4567","1":"product","2":"type-product","3":"status-publish","4":"has-post-thumbnail","6":"product_cat-lustschmerz","7":"product_cat-klammern","8":"product_cat-alle-produkte","10":"first","11":"instock","12":"taxable","13":"shipping-taxable","14":"purchasable","15":"product-type-variable"},"_links":{"self":[{"href":"https:\/\/bavarian-bondage.de\/de\/wp-json\/wp\/v2\/product\/4567","targetHints":{"allow":["GET"]}}],"collection":[{"href":"https:\/\/bavarian-bondage.de\/de\/wp-json\/wp\/v2\/product"}],"about":[{"href":"https:\/\/bavarian-bondage.de\/de\/wp-json\/wp\/v2\/types\/product"}],"version-history":[{"count":4,"href":"https:\/\/bavarian-bondage.de\/de\/wp-json\/wp\/v2\/product\/4567\/revisions"}],"predecessor-version":[{"id":13957,"href":"https:\/\/bavarian-bondage.de\/de\/wp-json\/wp\/v2\/product\/4567\/revisions\/13957"}],"wp:featuredmedia":[{"embeddable":true,"href":"https:\/\/bavarian-bondage.de\/de\/wp-json\/wp\/v2\/media\/8569"}],"wp:attachment":[{"href":"https:\/\/bavarian-bondage.de\/de\/wp-json\/wp\/v2\/media?parent=4567"}],"wp:term":[{"taxonomy":"product_brand","embeddable":true,"href":"https:\/\/bavarian-bondage.de\/de\/wp-json\/wp\/v2\/product_brand?post=4567"},{"taxonomy":"product_cat","embeddable":true,"href":"https:\/\/bavarian-bondage.de\/de\/wp-json\/wp\/v2\/product_cat?post=4567"},{"taxonomy":"product_tag","embeddable":true,"href":"https:\/\/bavarian-bondage.de\/de\/wp-json\/wp\/v2\/product_tag?post=4567"}],"curies":[{"name":"wp","href":"https:\/\/api.w.org\/{rel}","templated":true}]}}