{"id":6337,"date":"2022-12-13T11:14:59","date_gmt":"2022-12-13T10:14:59","guid":{"rendered":"https:\/\/bavarian-bondage.de\/?post_type=product&#038;p=6337"},"modified":"2026-04-07T23:46:55","modified_gmt":"2026-04-07T21:46:55","slug":"schere-bessey","status":"publish","type":"product","link":"https:\/\/bavarian-bondage.de\/de\/produkt\/schere-bessey\/","title":{"rendered":"Schere Bessey"},"content":{"rendered":"<h3 style=\"text-align: center\">Schere Bessy<\/h3>\n<p style=\"text-align: center\">Die Schere von Bessy ist ein sehr praktisches Tool wenn es um das zerschneiden von Leinen, Gurten usw. geht.<\/p>\n<p style=\"text-align: center\">Aber auch zum zerschneiden von Bondageseilen bis etwa 10mm bestens geeignet.<\/p>\n<p style=\"text-align: center\">Ein geeignetes Tool wie Rettungsmesser, Line-Cutter oder Scheren sollte beim fesseln nie zum Einsatz kommen m\u00fcssen, dennoch ist es sehr sinnvoll es Griffbereit zu haben um f\u00fcr diese Eventualit\u00e4ten auf jeden Fall gut vorbereitet.<\/p>\n<p>&nbsp;<\/p>\n<pre><strong>Details:<\/strong>\r\nMaterial: Edelstahl; Kunststoff\r\nGesamtl\u00e4nge: 14 cm\r\nSchneidel\u00e4nge: ca 3cm\r\nHersteller: Bessey<\/pre>\n<p>&nbsp;<\/p>\n<p><strong>Lieferumfang: <\/strong>1 Bessy Schere<\/p>\n","protected":false},"excerpt":{"rendered":"<p>Lieferzeit: 5-7 Tage*<\/p>\n","protected":false},"featured_media":8169,"template":"","meta":[],"product_brand":[],"product_cat":[222,223],"product_tag":[],"class_list":{"0":"post-6337","1":"product","2":"type-product","3":"status-publish","4":"has-post-thumbnail","6":"product_cat-alle-produkte","7":"product_cat-zubehoer","9":"first","10":"instock","11":"taxable","12":"shipping-taxable","13":"purchasable","14":"product-type-simple"},"_links":{"self":[{"href":"https:\/\/bavarian-bondage.de\/de\/wp-json\/wp\/v2\/product\/6337","targetHints":{"allow":["GET"]}}],"collection":[{"href":"https:\/\/bavarian-bondage.de\/de\/wp-json\/wp\/v2\/product"}],"about":[{"href":"https:\/\/bavarian-bondage.de\/de\/wp-json\/wp\/v2\/types\/product"}],"version-history":[{"count":4,"href":"https:\/\/bavarian-bondage.de\/de\/wp-json\/wp\/v2\/product\/6337\/revisions"}],"predecessor-version":[{"id":6342,"href":"https:\/\/bavarian-bondage.de\/de\/wp-json\/wp\/v2\/product\/6337\/revisions\/6342"}],"wp:featuredmedia":[{"embeddable":true,"href":"https:\/\/bavarian-bondage.de\/de\/wp-json\/wp\/v2\/media\/8169"}],"wp:attachment":[{"href":"https:\/\/bavarian-bondage.de\/de\/wp-json\/wp\/v2\/media?parent=6337"}],"wp:term":[{"taxonomy":"product_brand","embeddable":true,"href":"https:\/\/bavarian-bondage.de\/de\/wp-json\/wp\/v2\/product_brand?post=6337"},{"taxonomy":"product_cat","embeddable":true,"href":"https:\/\/bavarian-bondage.de\/de\/wp-json\/wp\/v2\/product_cat?post=6337"},{"taxonomy":"product_tag","embeddable":true,"href":"https:\/\/bavarian-bondage.de\/de\/wp-json\/wp\/v2\/product_tag?post=6337"}],"curies":[{"name":"wp","href":"https:\/\/api.w.org\/{rel}","templated":true}]}}