{"id":6389,"date":"2021-12-13T13:41:31","date_gmt":"2021-12-13T12:41:31","guid":{"rendered":"https:\/\/bavarian-bondage.de\/?post_type=product&#038;p=6389"},"modified":"2026-01-04T22:56:10","modified_gmt":"2026-01-04T21:56:10","slug":"edelholz-design-paddel-wenge-amaranth","status":"publish","type":"product","link":"https:\/\/bavarian-bondage.de\/de\/produkt\/edelholz-design-paddel-wenge-amaranth\/","title":{"rendered":"Edelholz Design Paddel Wenge-Amaranth"},"content":{"rendered":"<h3 style=\"text-align: center\">Edelholz-Design-Paddel<\/h3>\n<p style=\"text-align: center\">Unsere neuen Paddel-Sets bestechen durch die Kombination aus edlen H\u00f6lzern, einen bequemen Griff aus Hanfseil und den filigranen Gravuren, die einseitig eingefr\u00e4st wurden. Die extra d\u00fcnne, geschwungene und trotzdem stabile Verarbeitung der beiden schmalen Paddels sorgt zudem f\u00fcr ein anderes Gef\u00fchlserlebnis im Vergleich zu dem dickeren! Die gravierten Muster dienen nicht nur als sch\u00f6ne Dekoration, sondern ergeben richtig eingesetzt auch wunderbare Abdr\u00fccke auf der Haut. Die Oberfl\u00e4chen wurden mit Holz\u00f6l behandelt. Gut verpackt werden die Paddels in einer passenden Polyester-Tasche geliefert.<\/p>\n<p style=\"text-align: center\">Angeboten werden die Paddels in drei Formen sowie in vier verschiedenen Farben!<\/p>\n<blockquote><p>&nbsp;<\/p><\/blockquote>\n<p><strong>Details:<\/strong><\/p>\n<p>Material: Wenge; Amaranth; Hanfseil schwarz<br \/>\nMaterial Tasche: 100% Polyester<br \/>\nHerstellung: Eigene Herstellung<br \/>\nVerschiedene Ausf\u00fchrungen W\u00e4hlbar<\/p>\n<p>&nbsp;<\/p>\n<p><strong>Lieferumfang:<\/strong> 1 Edelholz-Design-Paddel Wenge Amaranth<\/p>\n<p>&nbsp;<\/p>\n<hr \/>\n<blockquote>\n<p style=\"text-align: center\"><span style=\"color: #333399\">Die Angaben zu den Produkten erfolgt nach bestem Wissen und Gewissen. Alle Ma\u00dfe sind ca-Angaben. Die Benutzung der hier im Shop angebotenen Produkte ist auf eigene Gefahr. Jeder Mensch reagiert anders auf \u00e4u\u00dfere Einwirkungen, auf Lust oder Schmerz usw. Daher kann diesbez\u00fcglich f\u00fcr unsachgem\u00e4\u00dfe Anwendung keine Haftung \u00fcbernommen werden. \u00a0Jeder Benutzer tr\u00e4gt die volle Verantwortung f\u00fcr die Verwendung bzw den richtigen Gebrauch der Produkte und dessen unvorhersehbaren Folgen.<\/span><\/p>\n<\/blockquote>\n","protected":false},"excerpt":{"rendered":"<p>Lieferzeit: 5-7 Tage*<\/p>\n","protected":false},"featured_media":14122,"template":"","meta":[],"product_brand":[],"product_cat":[252],"product_tag":[],"class_list":{"0":"post-6389","1":"product","2":"type-product","3":"status-publish","4":"has-post-thumbnail","6":"product_cat-peitschen-gerten","8":"first","9":"instock","10":"taxable","11":"shipping-taxable","12":"purchasable","13":"product-type-variable"},"_links":{"self":[{"href":"https:\/\/bavarian-bondage.de\/de\/wp-json\/wp\/v2\/product\/6389","targetHints":{"allow":["GET"]}}],"collection":[{"href":"https:\/\/bavarian-bondage.de\/de\/wp-json\/wp\/v2\/product"}],"about":[{"href":"https:\/\/bavarian-bondage.de\/de\/wp-json\/wp\/v2\/types\/product"}],"version-history":[{"count":7,"href":"https:\/\/bavarian-bondage.de\/de\/wp-json\/wp\/v2\/product\/6389\/revisions"}],"predecessor-version":[{"id":13992,"href":"https:\/\/bavarian-bondage.de\/de\/wp-json\/wp\/v2\/product\/6389\/revisions\/13992"}],"wp:featuredmedia":[{"embeddable":true,"href":"https:\/\/bavarian-bondage.de\/de\/wp-json\/wp\/v2\/media\/14122"}],"wp:attachment":[{"href":"https:\/\/bavarian-bondage.de\/de\/wp-json\/wp\/v2\/media?parent=6389"}],"wp:term":[{"taxonomy":"product_brand","embeddable":true,"href":"https:\/\/bavarian-bondage.de\/de\/wp-json\/wp\/v2\/product_brand?post=6389"},{"taxonomy":"product_cat","embeddable":true,"href":"https:\/\/bavarian-bondage.de\/de\/wp-json\/wp\/v2\/product_cat?post=6389"},{"taxonomy":"product_tag","embeddable":true,"href":"https:\/\/bavarian-bondage.de\/de\/wp-json\/wp\/v2\/product_tag?post=6389"}],"curies":[{"name":"wp","href":"https:\/\/api.w.org\/{rel}","templated":true}]}}