{"id":8152,"date":"2023-01-28T16:40:54","date_gmt":"2023-01-28T15:40:54","guid":{"rendered":"https:\/\/bavarian-bondage.de\/?post_type=product&#038;p=8152"},"modified":"2025-05-19T08:58:24","modified_gmt":"2025-05-19T06:58:24","slug":"bondagering-achteck-kirschbaum","status":"publish","type":"product","link":"https:\/\/bavarian-bondage.de\/de\/produkt\/bondagering-achteck-kirschbaum\/","title":{"rendered":"Bondagering Achteck Kirschbaum"},"content":{"rendered":"<h3 style=\"text-align: center\">Bondagering Achteck Kirschbaum<\/h3>\n<p style=\"text-align: center\">Innen rund und au\u00dfen eckig! Der Bondagering aus Kirschholz mit integriertem Stahlkern besticht durch seine r\u00f6tliche Farbgebung, die je nach Baumstamm mal heller, mal dunkler ausf\u00e4llt. Einzig das hohe Gewicht weist auf das 10 x 10mm Stahl-Innenleben des Rings hin. Das Holz ist fein geschliffen und wird zum Abschluss mit einer d\u00fcnnen Schicht Holz\u00f6l behandelt.<\/p>\n<p style=\"text-align: center\">Hinweis: Holz ist zwar ein ausgesprochen stabiles Material, jedoch nicht mit der Festigkeit von Metall vergleichbar. Insbesondere bei H\u00e4nge-Bondage und vor allem beim sogenannten Lift-up kann es zu leichten Kerben im Holz kommen \u2013 diese beeintr\u00e4chtigen die Stabilit\u00e4t des Rings selbstverst\u00e4ndlich nicht.<\/p>\n<p>&nbsp;<\/p>\n<p><strong>Details:<\/strong><\/p>\n<p>Au\u00dfendurchmesser: 240mm<br \/>\nInnendurchmesser: 180mm<br \/>\nMaterialst\u00e4rke: 30mm<br \/>\nGewicht: ca. 850g<br \/>\nMaterial: Kirschbaum, 10 x 10mm Stahlkern<\/p>\n<p>&nbsp;<\/p>\n<p><strong>Lieferumfang:<\/strong> 1 Bondagering Achteck Kirschbaum mit Stahlkern<\/p>\n<p>&nbsp;<\/p>\n<p>&nbsp;<\/p>\n<hr \/>\n<blockquote>\n<p style=\"text-align: center\"><span style=\"color: #333399\">Die Angaben zu den Produkten erfolgt nach bestem Wissen und Gewissen. Alle Ma\u00dfe sind ca-Angaben. Die Benutzung der hier im Shop angebotenen Produkte ist auf eigene Gefahr. Jeder Mensch reagiert anders auf \u00e4u\u00dfere Einwirkungen, auf Lust oder Schmerz usw. Daher kann diesbez\u00fcglich f\u00fcr unsachgem\u00e4\u00dfe Anwendung keine Haftung \u00fcbernommen werden. \u00a0Jeder Benutzer tr\u00e4gt die volle Verantwortung f\u00fcr die Verwendung bzw den richtigen Gebrauch der Produkte und dessen unvorhersehbaren Folgen.<\/span><\/p>\n<\/blockquote>\n","protected":false},"excerpt":{"rendered":"<p>Lieferzeit: 5-7 Tage*<\/p>\n","protected":false},"featured_media":8071,"template":"","meta":[],"product_brand":[],"product_cat":[222,233,234],"product_tag":[],"class_list":{"0":"post-8152","1":"product","2":"type-product","3":"status-publish","4":"has-post-thumbnail","6":"product_cat-alle-produkte","7":"product_cat-bondage-zubehoer","8":"product_cat-ringe","10":"first","11":"instock","12":"taxable","13":"shipping-taxable","14":"purchasable","15":"product-type-simple"},"_links":{"self":[{"href":"https:\/\/bavarian-bondage.de\/de\/wp-json\/wp\/v2\/product\/8152","targetHints":{"allow":["GET"]}}],"collection":[{"href":"https:\/\/bavarian-bondage.de\/de\/wp-json\/wp\/v2\/product"}],"about":[{"href":"https:\/\/bavarian-bondage.de\/de\/wp-json\/wp\/v2\/types\/product"}],"version-history":[{"count":5,"href":"https:\/\/bavarian-bondage.de\/de\/wp-json\/wp\/v2\/product\/8152\/revisions"}],"predecessor-version":[{"id":15084,"href":"https:\/\/bavarian-bondage.de\/de\/wp-json\/wp\/v2\/product\/8152\/revisions\/15084"}],"wp:featuredmedia":[{"embeddable":true,"href":"https:\/\/bavarian-bondage.de\/de\/wp-json\/wp\/v2\/media\/8071"}],"wp:attachment":[{"href":"https:\/\/bavarian-bondage.de\/de\/wp-json\/wp\/v2\/media?parent=8152"}],"wp:term":[{"taxonomy":"product_brand","embeddable":true,"href":"https:\/\/bavarian-bondage.de\/de\/wp-json\/wp\/v2\/product_brand?post=8152"},{"taxonomy":"product_cat","embeddable":true,"href":"https:\/\/bavarian-bondage.de\/de\/wp-json\/wp\/v2\/product_cat?post=8152"},{"taxonomy":"product_tag","embeddable":true,"href":"https:\/\/bavarian-bondage.de\/de\/wp-json\/wp\/v2\/product_tag?post=8152"}],"curies":[{"name":"wp","href":"https:\/\/api.w.org\/{rel}","templated":true}]}}