{"id":8222,"date":"2023-01-28T19:42:14","date_gmt":"2023-01-28T18:42:14","guid":{"rendered":"https:\/\/bavarian-bondage.de\/?post_type=product&#038;p=8222"},"modified":"2025-10-20T11:37:43","modified_gmt":"2025-10-20T09:37:43","slug":"baumwollbeutel-bavarian","status":"publish","type":"product","link":"https:\/\/bavarian-bondage.de\/de\/produkt\/baumwollbeutel-bavarian\/","title":{"rendered":"Baumwollbeutel Bavarian"},"content":{"rendered":"<h3 style=\"text-align: center\">Baumwollbeutel Bavarian-Bondage<\/h3>\n<p style=\"text-align: center\">Nach mehrfacher Anfrage gibt es jetzt auch einen Baumwoll-Turnbeutel mit unserm Logo. Einfache und schnelle Aufbewahrung deiner Seile. Durch die auf beiden Seiten angebrachte Kordel l\u00e4sst sich der Beutel einfach zuziehen und transportieren.<\/p>\n<p>&nbsp;<\/p>\n<p><strong>Details:<\/strong><\/p>\n<p>Material: 100% Baumwolle<br \/>\nFarbe: Schwarz<br \/>\nGr\u00f6\u00dfe: L 40cm; B 36cm<br \/>\nDruck: Digital Direktdruck<\/p>\n<p>&nbsp;<\/p>\n<p><strong>Lieferumfang:<\/strong> Baumwollbeutel Schwarz<\/p>\n<p>&nbsp;<\/p>\n<hr \/>\n<blockquote>\n<p style=\"text-align: center\"><span style=\"color: #333399\">Die Angaben zu den Produkten erfolgt nach bestem Wissen und Gewissen. Alle Ma\u00dfe sind ca-Angaben. Die Benutzung der hier im Shop angebotenen Produkte ist auf eigene Gefahr. Jeder Mensch reagiert anders auf \u00e4u\u00dfere Einwirkungen, auf Lust oder Schmerz usw. Daher kann diesbez\u00fcglich f\u00fcr unsachgem\u00e4\u00dfe Anwendung keine Haftung \u00fcbernommen werden. \u00a0Jeder Benutzer tr\u00e4gt die volle Verantwortung f\u00fcr die Verwendung bzw den richtigen Gebrauch der Produkte und dessen unvorhersehbaren Folgen.<\/span><\/p>\n<\/blockquote>\n","protected":false},"excerpt":{"rendered":"<p>Lieferzeit: 5-7 Tage*<\/p>\n","protected":false},"featured_media":8221,"template":"","meta":[],"product_brand":[],"product_cat":[222,223],"product_tag":[],"class_list":{"0":"post-8222","1":"product","2":"type-product","3":"status-publish","4":"has-post-thumbnail","6":"product_cat-alle-produkte","7":"product_cat-zubehoer","9":"first","10":"outofstock","11":"taxable","12":"shipping-taxable","13":"purchasable","14":"product-type-simple"},"_links":{"self":[{"href":"https:\/\/bavarian-bondage.de\/de\/wp-json\/wp\/v2\/product\/8222","targetHints":{"allow":["GET"]}}],"collection":[{"href":"https:\/\/bavarian-bondage.de\/de\/wp-json\/wp\/v2\/product"}],"about":[{"href":"https:\/\/bavarian-bondage.de\/de\/wp-json\/wp\/v2\/types\/product"}],"version-history":[{"count":2,"href":"https:\/\/bavarian-bondage.de\/de\/wp-json\/wp\/v2\/product\/8222\/revisions"}],"predecessor-version":[{"id":8234,"href":"https:\/\/bavarian-bondage.de\/de\/wp-json\/wp\/v2\/product\/8222\/revisions\/8234"}],"wp:featuredmedia":[{"embeddable":true,"href":"https:\/\/bavarian-bondage.de\/de\/wp-json\/wp\/v2\/media\/8221"}],"wp:attachment":[{"href":"https:\/\/bavarian-bondage.de\/de\/wp-json\/wp\/v2\/media?parent=8222"}],"wp:term":[{"taxonomy":"product_brand","embeddable":true,"href":"https:\/\/bavarian-bondage.de\/de\/wp-json\/wp\/v2\/product_brand?post=8222"},{"taxonomy":"product_cat","embeddable":true,"href":"https:\/\/bavarian-bondage.de\/de\/wp-json\/wp\/v2\/product_cat?post=8222"},{"taxonomy":"product_tag","embeddable":true,"href":"https:\/\/bavarian-bondage.de\/de\/wp-json\/wp\/v2\/product_tag?post=8222"}],"curies":[{"name":"wp","href":"https:\/\/api.w.org\/{rel}","templated":true}]}}