{"id":8238,"date":"2023-01-29T08:31:11","date_gmt":"2023-01-29T07:31:11","guid":{"rendered":"https:\/\/bavarian-bondage.de\/?post_type=product&#038;p=8238"},"modified":"2026-03-13T16:58:47","modified_gmt":"2026-03-13T15:58:47","slug":"bondagering-teufel-kirschholz","status":"publish","type":"product","link":"https:\/\/bavarian-bondage.de\/de\/produkt\/bondagering-teufel-kirschholz\/","title":{"rendered":"Bondagering Teufel Kirschholz"},"content":{"rendered":"<h3 style=\"text-align: center\">Bondagering Teufel aus Kirschholz<\/h3>\n<p style=\"text-align: center\">Die etwas andere Alternative zu den bekannten Formen. Unser kleiner Teufel besitzt zahlreiche M\u00f6glichkeiten, die einzelnen Seile separat zu befestigen. Der Ring wird aus Kirschholz gefertigt und durch einen 10 x 10mm Stahlkern, der sich im gesamten Holzk\u00f6rper befindet, erg\u00e4nzt.<\/p>\n<p style=\"text-align: center\">Hinweis: Holz ist zwar ein ausgesprochen stabiles Material, jedoch nicht mit der Festigkeit von Metall vergleichbar. Insbesondere bei H\u00e4nge-Bondage und vor allem beim sogenannten Lift-up kann es zu leichten Kerben im Holz kommen \u2013 diese beeintr\u00e4chtigen die Stabilit\u00e4t des Rings selbstverst\u00e4ndlich nicht.<\/p>\n<p>&nbsp;<\/p>\n<p><strong>Details:<\/strong><\/p>\n<p>Au\u00dfendurchmesser: 240mm<br \/>\nInnendurchmesser: 180mm<br \/>\nMaterialst\u00e4rke: 30mm<br \/>\nGewicht: ca. 1000g<br \/>\nMaterial: Kirschbaum, 10 x 10mm Stahlkern<\/p>\n<p>&nbsp;<\/p>\n<p><strong>Lieferumfang:<\/strong> 1 Bondagering Teufel mit Stahlkern<\/p>\n<p>&nbsp;<\/p>\n<p>&nbsp;<\/p>\n<hr \/>\n<blockquote>\n<p style=\"text-align: center\"><span style=\"color: #333399\">Die Angaben zu den Produkten erfolgt nach bestem Wissen und Gewissen. Alle Ma\u00dfe sind ca-Angaben. Die Benutzung der hier im Shop angebotenen Produkte ist auf eigene Gefahr. Jeder Mensch reagiert anders auf \u00e4u\u00dfere Einwirkungen, auf Lust oder Schmerz usw. Daher kann diesbez\u00fcglich f\u00fcr unsachgem\u00e4\u00dfe Anwendung keine Haftung \u00fcbernommen werden. \u00a0Jeder Benutzer tr\u00e4gt die volle Verantwortung f\u00fcr die Verwendung bzw den richtigen Gebrauch der Produkte und dessen unvorhersehbaren Folgen.<\/span><\/p>\n<\/blockquote>\n","protected":false},"excerpt":{"rendered":"<p>Lieferzeit: 5-7 Tage*<\/p>\n","protected":false},"featured_media":14276,"template":"","meta":[],"product_brand":[],"product_cat":[222,234,233],"product_tag":[],"class_list":{"0":"post-8238","1":"product","2":"type-product","3":"status-publish","4":"has-post-thumbnail","6":"product_cat-alle-produkte","7":"product_cat-ringe","8":"product_cat-bondage-zubehoer","10":"first","11":"instock","12":"taxable","13":"shipping-taxable","14":"purchasable","15":"product-type-simple"},"_links":{"self":[{"href":"https:\/\/bavarian-bondage.de\/de\/wp-json\/wp\/v2\/product\/8238","targetHints":{"allow":["GET"]}}],"collection":[{"href":"https:\/\/bavarian-bondage.de\/de\/wp-json\/wp\/v2\/product"}],"about":[{"href":"https:\/\/bavarian-bondage.de\/de\/wp-json\/wp\/v2\/types\/product"}],"version-history":[{"count":2,"href":"https:\/\/bavarian-bondage.de\/de\/wp-json\/wp\/v2\/product\/8238\/revisions"}],"predecessor-version":[{"id":15076,"href":"https:\/\/bavarian-bondage.de\/de\/wp-json\/wp\/v2\/product\/8238\/revisions\/15076"}],"wp:featuredmedia":[{"embeddable":true,"href":"https:\/\/bavarian-bondage.de\/de\/wp-json\/wp\/v2\/media\/14276"}],"wp:attachment":[{"href":"https:\/\/bavarian-bondage.de\/de\/wp-json\/wp\/v2\/media?parent=8238"}],"wp:term":[{"taxonomy":"product_brand","embeddable":true,"href":"https:\/\/bavarian-bondage.de\/de\/wp-json\/wp\/v2\/product_brand?post=8238"},{"taxonomy":"product_cat","embeddable":true,"href":"https:\/\/bavarian-bondage.de\/de\/wp-json\/wp\/v2\/product_cat?post=8238"},{"taxonomy":"product_tag","embeddable":true,"href":"https:\/\/bavarian-bondage.de\/de\/wp-json\/wp\/v2\/product_tag?post=8238"}],"curies":[{"name":"wp","href":"https:\/\/api.w.org\/{rel}","templated":true}]}}