{"id":8530,"date":"2023-01-30T09:03:41","date_gmt":"2023-01-30T08:03:41","guid":{"rendered":"https:\/\/bavarian-bondage.de\/?post_type=product&#038;p=8530"},"modified":"2026-04-03T18:20:46","modified_gmt":"2026-04-03T16:20:46","slug":"rope-care-cream-100ml-vegan","status":"publish","type":"product","link":"https:\/\/bavarian-bondage.de\/de\/produkt\/rope-care-cream-100ml-vegan\/","title":{"rendered":"Rope Care Cream 100ml Vegan"},"content":{"rendered":"<h3 style=\"text-align: center\">Rope Care Cream Vegan<\/h3>\n<p style=\"text-align: center\">(Eigene Herstellung)<\/p>\n<p style=\"text-align: center\">Auf mehrfache Nachfrage bieten wir unsere Seilpflegeprodukte nun auch Vegan an. Statt Bienenwachs wird bei der veganen Variante Beerenwachs verwendet. Die Rope Care Cream eine relativ feste Konsistenz und wird im Vergleich zum \u00d6l ins Seil massiert. Daf\u00fcr reicht in der Regel eine Haselnuss gro\u00dfe Menge f\u00fcr ein acht Meter Seil aus.<\/p>\n<p style=\"text-align: center\">Die zu 100% nat\u00fcrliche Seilpflege eignet sich f\u00fcr Hanf und Juteseile gleicherma\u00dfen.<\/p>\n<p style=\"text-align: center\">Nach der Verwendung sollten die Seile einige Tage trocknen.<\/p>\n<p style=\"text-align: center\"><span style=\"color: #ff0000\">Kein Kosmetikartikel<\/span><\/p>\n<p style=\"text-align: center\"><span style=\"color: #ff0000\">Nicht zum Verzehr geeignet<\/span><\/p>\n<p><strong>Zusammensetzung:<\/strong><\/p>\n<p>Beerenwachs<br \/>\nJojoba\u00f6l<\/p>\n<p>&nbsp;<\/p>\n<p><strong>Lieferumfang:<\/strong> 100ml Rope Care Cream vegan<\/p>\n<p>&nbsp;<\/p>\n<hr \/>\n<blockquote>\n<p style=\"text-align: center\"><span style=\"color: #333399\">Die Angaben zu den Produkten erfolgt nach bestem Wissen und Gewissen. Alle Ma\u00dfe sind ca-Angaben. Die Benutzung der hier im Shop angebotenen Produkte ist auf eigene Gefahr. Jeder Mensch reagiert anders auf \u00e4u\u00dfere Einwirkungen, auf Lust oder Schmerz usw. Daher kann diesbez\u00fcglich f\u00fcr unsachgem\u00e4\u00dfe Anwendung keine Haftung \u00fcbernommen werden. \u00a0Jeder Benutzer tr\u00e4gt die volle Verantwortung f\u00fcr die Verwendung bzw den richtigen Gebrauch der Produkte und dessen unvorhersehbaren Folgen.<\/span><\/p>\n<\/blockquote>\n","protected":false},"excerpt":{"rendered":"<p>Grundpreis: 125,00 \u20ac\/l<\/p>\n<p>Lieferzeit: 5-7 Tage*<\/p>\n","protected":false},"featured_media":8549,"template":"","meta":[],"product_brand":[],"product_cat":[322,233,222],"product_tag":[],"class_list":{"0":"post-8530","1":"product","2":"type-product","3":"status-publish","4":"has-post-thumbnail","6":"product_cat-seilpflege","7":"product_cat-bondage-zubehoer","8":"product_cat-alle-produkte","10":"first","11":"instock","12":"taxable","13":"shipping-taxable","14":"purchasable","15":"product-type-simple"},"_links":{"self":[{"href":"https:\/\/bavarian-bondage.de\/de\/wp-json\/wp\/v2\/product\/8530","targetHints":{"allow":["GET"]}}],"collection":[{"href":"https:\/\/bavarian-bondage.de\/de\/wp-json\/wp\/v2\/product"}],"about":[{"href":"https:\/\/bavarian-bondage.de\/de\/wp-json\/wp\/v2\/types\/product"}],"version-history":[{"count":4,"href":"https:\/\/bavarian-bondage.de\/de\/wp-json\/wp\/v2\/product\/8530\/revisions"}],"predecessor-version":[{"id":15246,"href":"https:\/\/bavarian-bondage.de\/de\/wp-json\/wp\/v2\/product\/8530\/revisions\/15246"}],"wp:featuredmedia":[{"embeddable":true,"href":"https:\/\/bavarian-bondage.de\/de\/wp-json\/wp\/v2\/media\/8549"}],"wp:attachment":[{"href":"https:\/\/bavarian-bondage.de\/de\/wp-json\/wp\/v2\/media?parent=8530"}],"wp:term":[{"taxonomy":"product_brand","embeddable":true,"href":"https:\/\/bavarian-bondage.de\/de\/wp-json\/wp\/v2\/product_brand?post=8530"},{"taxonomy":"product_cat","embeddable":true,"href":"https:\/\/bavarian-bondage.de\/de\/wp-json\/wp\/v2\/product_cat?post=8530"},{"taxonomy":"product_tag","embeddable":true,"href":"https:\/\/bavarian-bondage.de\/de\/wp-json\/wp\/v2\/product_tag?post=8530"}],"curies":[{"name":"wp","href":"https:\/\/api.w.org\/{rel}","templated":true}]}}