{"id":8788,"date":"2023-01-30T17:30:39","date_gmt":"2023-01-30T16:30:39","guid":{"rendered":"https:\/\/bavarian-bondage.de\/?post_type=product&#038;p=8788"},"modified":"2025-10-19T15:47:08","modified_gmt":"2025-10-19T13:47:08","slug":"jute-s-edition-5mm-klassik-set-1x8","status":"publish","type":"product","link":"https:\/\/bavarian-bondage.de\/de\/produkt\/jute-s-edition-5mm-klassik-set-1x8\/","title":{"rendered":"Jute S-Edition 5mm KLASSIK; Set 1x8m"},"content":{"rendered":"<h3 style=\"text-align: center\">Jute S-Edition 5mm KLASSIK<\/h3>\n<p style=\"text-align: center\">Ein Seil ersetzen, das Set erweitern oder einfach die Qualit\u00e4t pr\u00fcfen.<\/p>\n<p style=\"text-align: center\">Ein sehr festgedrehtes Seil mit ganz eigenen Vorz\u00fcgen. Durch das richtige Garn und die aufwendige Veredelung entsteht eine sch\u00f6ne und glatte Oberfl\u00e4che, die kaum fusselt und anders als bei vielen Juteseilen nicht kratzt. Das Fesseln mit diesen Seilen ist etwas anders als mit anderen und braucht am Anfang etwas \u00dcbung. Sind die Seile richtig eingefesselt werden sie etwas lockerer, behalten aber ihren festen Kern.<\/p>\n<p style=\"text-align: center\">Die Enden werden mit einem einfachen \u00dcberhandknoten verschlossen,<\/p>\n<p>&nbsp;<\/p>\n<p><strong>Details:<\/strong><br \/>\nJute S-Edition 5mm KLASSIK<br \/>\n3-sch\u00e4ftig gedreht (<em>Double<\/em>&#8211;<em>Ply)<\/em><br \/>\nHeller Karamellton<br \/>\n\u00dcberhandknoten<br \/>\nL\u00e4nge: 1x8m<br \/>\n(Die Seill\u00e4nge kann bis zu 3% der L\u00e4ngenangabe abweichen.)<\/p>\n<p>&nbsp;<\/p>\n<p><span style=\"color: #ff0000\"><strong>Hinweis:<\/strong><\/span><\/p>\n<p>Seile regelm\u00e4\u00dfig auf Verschlei\u00df und Besch\u00e4digungen kontrollieren!<br \/>\nBei geschlagenen bzw. gedrehten Seilen kann es passieren, dass diese sich bei der Verwendung lockern!<br \/>\nJuteseile nicht waschen. Am besten mit einem feuchten Lappen reinigen.<\/p>\n<p>&nbsp;<\/p>\n<p><strong>Lieferumfang:<\/strong> 1x8m Jute S-Edition 5mm KLASSIK; Merkblatt<\/p>\n<p>&nbsp;<\/p>\n<hr \/>\n<blockquote>\n<p style=\"text-align: center\"><span style=\"color: #333399\">Die Angaben zu den Produkten erfolgt nach bestem Wissen und Gewissen. Alle Ma\u00dfe sind ca-Angaben. Die Benutzung der hier im Shop angebotenen Produkte ist auf eigene Gefahr. Jeder Mensch reagiert anders auf \u00e4u\u00dfere Einwirkungen, auf Lust oder Schmerz usw. Daher kann diesbez\u00fcglich f\u00fcr unsachgem\u00e4\u00dfe Anwendung keine Haftung \u00fcbernommen werden. \u00a0Jeder Benutzer tr\u00e4gt die volle Verantwortung f\u00fcr die Verwendung bzw den richtigen Gebrauch der Produkte und dessen unvorhersehbaren Folgen.<\/span><\/p>\n<\/blockquote>\n","protected":false},"excerpt":{"rendered":"<p>Grundpreis: 2,31 \u20ac\/m<\/p>\n<p>Lieferzeit: 5-7 Tage*<\/p>\n","protected":false},"featured_media":8903,"template":"","meta":[],"product_brand":[],"product_cat":[216,294,483],"product_tag":[],"class_list":{"0":"post-8788","1":"product","2":"type-product","3":"status-publish","4":"has-post-thumbnail","6":"product_cat-bondageseile","7":"product_cat-juteseile","8":"product_cat-jute-s-edition-5mm","10":"first","11":"instock","12":"taxable","13":"shipping-taxable","14":"purchasable","15":"product-type-simple"},"_links":{"self":[{"href":"https:\/\/bavarian-bondage.de\/de\/wp-json\/wp\/v2\/product\/8788","targetHints":{"allow":["GET"]}}],"collection":[{"href":"https:\/\/bavarian-bondage.de\/de\/wp-json\/wp\/v2\/product"}],"about":[{"href":"https:\/\/bavarian-bondage.de\/de\/wp-json\/wp\/v2\/types\/product"}],"version-history":[{"count":6,"href":"https:\/\/bavarian-bondage.de\/de\/wp-json\/wp\/v2\/product\/8788\/revisions"}],"predecessor-version":[{"id":13879,"href":"https:\/\/bavarian-bondage.de\/de\/wp-json\/wp\/v2\/product\/8788\/revisions\/13879"}],"wp:featuredmedia":[{"embeddable":true,"href":"https:\/\/bavarian-bondage.de\/de\/wp-json\/wp\/v2\/media\/8903"}],"wp:attachment":[{"href":"https:\/\/bavarian-bondage.de\/de\/wp-json\/wp\/v2\/media?parent=8788"}],"wp:term":[{"taxonomy":"product_brand","embeddable":true,"href":"https:\/\/bavarian-bondage.de\/de\/wp-json\/wp\/v2\/product_brand?post=8788"},{"taxonomy":"product_cat","embeddable":true,"href":"https:\/\/bavarian-bondage.de\/de\/wp-json\/wp\/v2\/product_cat?post=8788"},{"taxonomy":"product_tag","embeddable":true,"href":"https:\/\/bavarian-bondage.de\/de\/wp-json\/wp\/v2\/product_tag?post=8788"}],"curies":[{"name":"wp","href":"https:\/\/api.w.org\/{rel}","templated":true}]}}