{"id":8831,"date":"2023-01-31T09:10:38","date_gmt":"2023-01-31T08:10:38","guid":{"rendered":"https:\/\/bavarian-bondage.de\/?post_type=product&#038;p=8831"},"modified":"2026-02-23T14:04:03","modified_gmt":"2026-02-23T13:04:03","slug":"jute-s-edition-6mm-exklusiv-set-10x8-und-2x4m","status":"publish","type":"product","link":"https:\/\/bavarian-bondage.de\/de\/produkt\/jute-s-edition-6mm-exklusiv-set-10x8-und-2x4m\/","title":{"rendered":"Jute S-Edition 6mm EXKLUSIV; Set 10&#215;8 und 2x4m"},"content":{"rendered":"<h3 style=\"text-align: center\">Jute S-Edition 6mm EXKLUSIV<\/h3>\n<p style=\"text-align: center\">Das gro\u00dfe Profi-Set bietet jede Menge Seil f\u00fcr anspruchsvolle Fesselungen. Die zwei kurzen Seile erg\u00e4nzen das Set optimal und bieten vielseitige Einsatzm\u00f6glichkeiten!<\/p>\n<p style=\"text-align: center\">Ein sehr festgedrehtes Seil mit ganz eigenen Vorz\u00fcgen. Durch das richtige Garn und die aufwendige Veredelung entsteht eine sch\u00f6ne und glatte Oberfl\u00e4che, die kaum fusselt und anders als bei vielen Juteseilen nicht kratzt. Das Fesseln mit diesen Seilen ist etwas anders als mit anderen und braucht am Anfang etwas \u00dcbung. Sind die Seile richtig eingefesselt werden sie etwas lockerer, behalten aber ihren festen Kern.<\/p>\n<p style=\"text-align: center\">Die Enden werden mit kleinen Trisken-Knoten versehen, was beim Fesseln eine gro\u00dfe Erleichterung darstellt.<\/p>\n<p>&nbsp;<\/p>\n<p>&nbsp;<\/p>\n<p><strong>Details:<\/strong><br \/>\nJute S-Edition 6mm EXKLUSIV<br \/>\n3-sch\u00e4ftig gedreht (<em>Double<\/em>&#8211;<em>Ply)<\/em><br \/>\nHeller Karamellton<br \/>\nKleine Endknoten<br \/>\nL\u00e4nge: 10x8m und 2x4m<br \/>\n(Die Seill\u00e4nge kann bis zu 3% der L\u00e4ngenangabe abweichen.)<\/p>\n<p>&nbsp;<\/p>\n<p><span style=\"color: #ff0000\"><strong>Hinweis:<\/strong><\/span><\/p>\n<p>Seile regelm\u00e4\u00dfig auf Verschlei\u00df und Besch\u00e4digungen kontrollieren!<br \/>\nBei geschlagenen bzw. gedrehten Seilen kann es passieren, dass diese sich bei der Verwendung lockern!<br \/>\nJuteseile nicht waschen. Am besten mit einem feuchten Lappen reinigen.<\/p>\n<p>&nbsp;<\/p>\n<p><strong>Lieferumfang:<\/strong> 10x8m und 2x4m Jute S-Edition 6mm EXKLUSIV<\/p>\n<p>&nbsp;<\/p>\n<hr \/>\n<blockquote>\n<p style=\"text-align: center\"><span style=\"color: #333399\">Die Angaben zu den Produkten erfolgt nach bestem Wissen und Gewissen. Alle Ma\u00dfe sind ca-Angaben. Die Benutzung der hier im Shop angebotenen Produkte ist auf eigene Gefahr. Jeder Mensch reagiert anders auf \u00e4u\u00dfere Einwirkungen, auf Lust oder Schmerz usw. Daher kann diesbez\u00fcglich f\u00fcr unsachgem\u00e4\u00dfe Anwendung keine Haftung \u00fcbernommen werden. \u00a0Jeder Benutzer tr\u00e4gt die volle Verantwortung f\u00fcr die Verwendung bzw den richtigen Gebrauch der Produkte und dessen unvorhersehbaren Folgen.<\/span><\/p>\n<\/blockquote>\n","protected":false},"excerpt":{"rendered":"<p>Grundpreis: 2,30 \u20ac\/m<\/p>\n<p>Lieferzeit: 5-7 Tage*<\/p>\n","protected":false},"featured_media":9642,"template":"","meta":[],"product_brand":[],"product_cat":[216,294,484],"product_tag":[],"class_list":{"0":"post-8831","1":"product","2":"type-product","3":"status-publish","4":"has-post-thumbnail","6":"product_cat-bondageseile","7":"product_cat-juteseile","8":"product_cat-jute-s-edition-6mm","10":"first","11":"instock","12":"taxable","13":"shipping-taxable","14":"purchasable","15":"product-type-simple"},"_links":{"self":[{"href":"https:\/\/bavarian-bondage.de\/de\/wp-json\/wp\/v2\/product\/8831","targetHints":{"allow":["GET"]}}],"collection":[{"href":"https:\/\/bavarian-bondage.de\/de\/wp-json\/wp\/v2\/product"}],"about":[{"href":"https:\/\/bavarian-bondage.de\/de\/wp-json\/wp\/v2\/types\/product"}],"version-history":[{"count":4,"href":"https:\/\/bavarian-bondage.de\/de\/wp-json\/wp\/v2\/product\/8831\/revisions"}],"predecessor-version":[{"id":13891,"href":"https:\/\/bavarian-bondage.de\/de\/wp-json\/wp\/v2\/product\/8831\/revisions\/13891"}],"wp:featuredmedia":[{"embeddable":true,"href":"https:\/\/bavarian-bondage.de\/de\/wp-json\/wp\/v2\/media\/9642"}],"wp:attachment":[{"href":"https:\/\/bavarian-bondage.de\/de\/wp-json\/wp\/v2\/media?parent=8831"}],"wp:term":[{"taxonomy":"product_brand","embeddable":true,"href":"https:\/\/bavarian-bondage.de\/de\/wp-json\/wp\/v2\/product_brand?post=8831"},{"taxonomy":"product_cat","embeddable":true,"href":"https:\/\/bavarian-bondage.de\/de\/wp-json\/wp\/v2\/product_cat?post=8831"},{"taxonomy":"product_tag","embeddable":true,"href":"https:\/\/bavarian-bondage.de\/de\/wp-json\/wp\/v2\/product_tag?post=8831"}],"curies":[{"name":"wp","href":"https:\/\/api.w.org\/{rel}","templated":true}]}}