{"id":8906,"date":"2023-01-31T13:54:05","date_gmt":"2023-01-31T12:54:05","guid":{"rendered":"https:\/\/bavarian-bondage.de\/?post_type=product&#038;p=8906"},"modified":"2026-03-20T08:55:29","modified_gmt":"2026-03-20T07:55:29","slug":"ishidaki-version-1","status":"publish","type":"product","link":"https:\/\/bavarian-bondage.de\/de\/produkt\/ishidaki-version-1\/","title":{"rendered":"Ishidaki Version 1"},"content":{"rendered":"<h3 style=\"text-align: center\">Ishidaki Version 1<\/h3>\n<p style=\"text-align: center\">Unsere moderne Interpretation eines Ishidaki (Kniebrett). Hergestellt wird das Brett aus Buche und Nussbaum und ist zweiseitig einsetzbar. Wie auf den Bildern zu sehen, ist die eine Seite mit 13 quer verlaufenden Streben best\u00fcckt, wohingegen die zweite Seite mit 593 kleinen Pyramiden versehen ist. Das Brett ist so konstruiert, dass es an den vier Ecken, sowie links und rechts in der Mitte den Boden ber\u00fchrt. Die Spitzen beider Seiten liegen etwa 3mm tiefer, um den Boden nicht zu besch\u00e4digen. Dennoch empfiehlt es sich, eine Unterlage zu verwenden.<\/p>\n<p style=\"text-align: center\">Das Ishidaki-Brett ist komplett aus einem St\u00fcck gefertigt, und lediglich das Grundmaterial wurde zu vorab verleimt und wurde zum Abschluss mit Holz\u00f6l behandelt. Ob im stehen, sitzen oder kniend kann das Board eure Shibari-Session durchaus bereichern.<\/p>\n<p>&nbsp;<\/p>\n<p><strong>Details:<\/strong><\/p>\n<p>Material: Buche, Nussbaum<br \/>\nFarbe: Nuss &#8211; Buche<br \/>\nL\u00e4nge: 46cm<br \/>\nBreite: 40cm<br \/>\nH\u00f6he: 4cm<br \/>\nGewicht: Ca. 3 kg<\/p>\n<p>&nbsp;<\/p>\n<p>&nbsp;<\/p>\n<p><strong>Lieferumfang:<\/strong> 1x Ishidaki Version 1 Buche und Nussbaum<\/p>\n<p>&nbsp;<\/p>\n<hr \/>\n<blockquote>\n<p style=\"text-align: center\"><span style=\"color: #333399\">Die Angaben zu den Produkten erfolgt nach bestem Wissen und Gewissen. Alle Ma\u00dfe sind ca-Angaben. Die Benutzung der hier im Shop angebotenen Produkte ist auf eigene Gefahr. Jeder Mensch reagiert anders auf \u00e4u\u00dfere Einwirkungen, auf Lust oder Schmerz usw. Daher kann diesbez\u00fcglich f\u00fcr unsachgem\u00e4\u00dfe Anwendung keine Haftung \u00fcbernommen werden. \u00a0Jeder Benutzer tr\u00e4gt die volle Verantwortung f\u00fcr die Verwendung bzw den richtigen Gebrauch der Produkte und dessen unvorhersehbaren Folgen.<\/span><\/p>\n<\/blockquote>\n","protected":false},"excerpt":{"rendered":"<p>Ishidaki Version 1<\/p>\n","protected":false},"featured_media":8981,"template":"","meta":[],"product_brand":[],"product_cat":[223],"product_tag":[],"class_list":{"0":"post-8906","1":"product","2":"type-product","3":"status-publish","4":"has-post-thumbnail","6":"product_cat-zubehoer","8":"first","9":"instock","10":"taxable","11":"shipping-taxable","12":"purchasable","13":"product-type-simple"},"_links":{"self":[{"href":"https:\/\/bavarian-bondage.de\/de\/wp-json\/wp\/v2\/product\/8906","targetHints":{"allow":["GET"]}}],"collection":[{"href":"https:\/\/bavarian-bondage.de\/de\/wp-json\/wp\/v2\/product"}],"about":[{"href":"https:\/\/bavarian-bondage.de\/de\/wp-json\/wp\/v2\/types\/product"}],"version-history":[{"count":4,"href":"https:\/\/bavarian-bondage.de\/de\/wp-json\/wp\/v2\/product\/8906\/revisions"}],"predecessor-version":[{"id":13946,"href":"https:\/\/bavarian-bondage.de\/de\/wp-json\/wp\/v2\/product\/8906\/revisions\/13946"}],"wp:featuredmedia":[{"embeddable":true,"href":"https:\/\/bavarian-bondage.de\/de\/wp-json\/wp\/v2\/media\/8981"}],"wp:attachment":[{"href":"https:\/\/bavarian-bondage.de\/de\/wp-json\/wp\/v2\/media?parent=8906"}],"wp:term":[{"taxonomy":"product_brand","embeddable":true,"href":"https:\/\/bavarian-bondage.de\/de\/wp-json\/wp\/v2\/product_brand?post=8906"},{"taxonomy":"product_cat","embeddable":true,"href":"https:\/\/bavarian-bondage.de\/de\/wp-json\/wp\/v2\/product_cat?post=8906"},{"taxonomy":"product_tag","embeddable":true,"href":"https:\/\/bavarian-bondage.de\/de\/wp-json\/wp\/v2\/product_tag?post=8906"}],"curies":[{"name":"wp","href":"https:\/\/api.w.org\/{rel}","templated":true}]}}