{"id":8914,"date":"2023-01-31T09:20:49","date_gmt":"2023-01-31T08:20:49","guid":{"rendered":"https:\/\/bavarian-bondage.de\/?post_type=product&#038;p=8914"},"modified":"2024-11-30T14:07:23","modified_gmt":"2024-11-30T13:07:23","slug":"wanduhr-version-3","status":"publish","type":"product","link":"https:\/\/bavarian-bondage.de\/de\/produkt\/wanduhr-version-3\/","title":{"rendered":"Wanduhr Version 3"},"content":{"rendered":"<h3 style=\"text-align: center\">Wanduhr Version 3<\/h3>\n<p style=\"text-align: center\">Definitiv ein Hingucker, unsere Wanduhren!<\/p>\n<p style=\"text-align: center\">Hergestellt wird die Uhr aus 20mm Birken-Multiplex und als Abdeckung auf der R\u00fcckseite wird Pappelholz verwendet. F\u00fcr die r\u00f6mischen Zahlen sowie die Sekunden-Striche werden 3mm und 4mm Hanfseil verwendet. Die Fr\u00e4sung in der Mitte wurde schwarz und rot lackiert.<\/p>\n<p>&nbsp;<\/p>\n<h3 style=\"text-align: center\"><strong>Hinweis:<\/strong><\/h3>\n<p style=\"text-align: center\"><strong>Es ist kein Uhrwerk, keine Zeiger und keine Batterie im Lieferumfang enthalten. Der vorgesehene Ausschnitt auf der R\u00fcckseite misst 60x60mm und besitzt eine Tiefe von 20mm. Das Loch f\u00fcr die Uhrwelle bemisst sich auf 8mm. Die L\u00e4nge der Uhrwelle sollte mindestens 11-13mm betragen.<\/strong><\/p>\n<p><strong>Details:<\/strong><\/p>\n<p>Material: Birken-Multiplex<br \/>\nDurchmesser: 37cm<br \/>\nBreite: 40cm<br \/>\nH\u00f6he: 21mm<br \/>\nGewicht: Ca. 1 kg<\/p>\n<p>&nbsp;<\/p>\n<p>&nbsp;<\/p>\n<p><strong>Lieferumfang:<\/strong> 1x Wanduhr Version 3<\/p>\n<p>&nbsp;<\/p>\n<hr \/>\n<blockquote>\n<p style=\"text-align: center\"><span style=\"color: #333399\">Die Angaben zu den Produkten erfolgt nach bestem Wissen und Gewissen. Alle Ma\u00dfe sind ca-Angaben. Die Benutzung der hier im Shop angebotenen Produkte ist auf eigene Gefahr. Jeder Mensch reagiert anders auf \u00e4u\u00dfere Einwirkungen, auf Lust oder Schmerz usw. Daher kann diesbez\u00fcglich f\u00fcr unsachgem\u00e4\u00dfe Anwendung keine Haftung \u00fcbernommen werden. \u00a0Jeder Benutzer tr\u00e4gt die volle Verantwortung f\u00fcr die Verwendung bzw den richtigen Gebrauch der Produkte und dessen unvorhersehbaren Folgen.<\/span><\/p>\n<\/blockquote>\n","protected":false},"excerpt":{"rendered":"<p>Lieferzeit: 5-7 Tage*<\/p>\n","protected":false},"featured_media":8989,"template":"","meta":[],"product_brand":[],"product_cat":[223],"product_tag":[],"class_list":{"0":"post-8914","1":"product","2":"type-product","3":"status-publish","4":"has-post-thumbnail","6":"product_cat-zubehoer","8":"first","9":"instock","10":"taxable","11":"shipping-taxable","12":"purchasable","13":"product-type-simple"},"_links":{"self":[{"href":"https:\/\/bavarian-bondage.de\/de\/wp-json\/wp\/v2\/product\/8914","targetHints":{"allow":["GET"]}}],"collection":[{"href":"https:\/\/bavarian-bondage.de\/de\/wp-json\/wp\/v2\/product"}],"about":[{"href":"https:\/\/bavarian-bondage.de\/de\/wp-json\/wp\/v2\/types\/product"}],"version-history":[{"count":6,"href":"https:\/\/bavarian-bondage.de\/de\/wp-json\/wp\/v2\/product\/8914\/revisions"}],"predecessor-version":[{"id":13948,"href":"https:\/\/bavarian-bondage.de\/de\/wp-json\/wp\/v2\/product\/8914\/revisions\/13948"}],"wp:featuredmedia":[{"embeddable":true,"href":"https:\/\/bavarian-bondage.de\/de\/wp-json\/wp\/v2\/media\/8989"}],"wp:attachment":[{"href":"https:\/\/bavarian-bondage.de\/de\/wp-json\/wp\/v2\/media?parent=8914"}],"wp:term":[{"taxonomy":"product_brand","embeddable":true,"href":"https:\/\/bavarian-bondage.de\/de\/wp-json\/wp\/v2\/product_brand?post=8914"},{"taxonomy":"product_cat","embeddable":true,"href":"https:\/\/bavarian-bondage.de\/de\/wp-json\/wp\/v2\/product_cat?post=8914"},{"taxonomy":"product_tag","embeddable":true,"href":"https:\/\/bavarian-bondage.de\/de\/wp-json\/wp\/v2\/product_tag?post=8914"}],"curies":[{"name":"wp","href":"https:\/\/api.w.org\/{rel}","templated":true}]}}