{"id":9037,"date":"2023-02-01T11:56:45","date_gmt":"2023-02-01T10:56:45","guid":{"rendered":"https:\/\/bavarian-bondage.de\/?post_type=product&#038;p=9037"},"modified":"2026-03-21T04:56:38","modified_gmt":"2026-03-21T03:56:38","slug":"jute-s-edition-lila-6mm-exklusiv-set-3x8m","status":"publish","type":"product","link":"https:\/\/bavarian-bondage.de\/de\/produkt\/jute-s-edition-lila-6mm-exklusiv-set-3x8m\/","title":{"rendered":"Jute S-Edition Lila 6mm EXKLUSIV; Set 3x8m"},"content":{"rendered":"<h3 style=\"text-align: center\">Jute S-Edition Lila 6mm EXKLUSIV<\/h3>\n<p style=\"text-align: center\">Bestens geeignet f\u00fcr den Start als Rigger, oder um ein bestehendes Set zu erweitern.<\/p>\n<p style=\"text-align: center\">Anders als bei den Naturseilen werden die Seile durch das F\u00e4rben weicher, dennoch bleibt auch bei der gef\u00e4rbten S-Edition, der feste Kern erhalten. Die fesselfertigen Juteseile f\u00fchlen sich sehr angenehm auf der Haut an, kratzen fast gar nicht und fusseln wenig.<\/p>\n<p style=\"text-align: center\">Die Enden werden mit kleinen Trisken-Knoten versehen, was beim Fesseln eine gro\u00dfe Erleichterung darstellt.<\/p>\n<p>&nbsp;<\/p>\n<p>&nbsp;<\/p>\n<p><strong>Details:<\/strong><br \/>\nJute S-Edition Lila 6mm EXKLUSIV<br \/>\n3-sch\u00e4ftig gedreht (<em>Double<\/em>&#8211;<em>Ply)<\/em><br \/>\nLila gef\u00e4rbt<br \/>\nKleine Endknoten<br \/>\nL\u00e4nge: 3x8m<br \/>\n(Die Seill\u00e4nge kann bis zu 3% der L\u00e4ngenangabe abweichen.)<\/p>\n<p>&nbsp;<\/p>\n<p><span style=\"color: #ff0000\"><strong>Hinweis:<\/strong><\/span><\/p>\n<p>Seile regelm\u00e4\u00dfig auf Verschlei\u00df und Besch\u00e4digungen kontrollieren!<br \/>\nBei geschlagenen bzw. gedrehten Seilen kann es passieren, dass diese sich bei der Verwendung lockern!<br \/>\nJuteseile nicht waschen. Am besten mit einem feuchten Lappen reinigen.<\/p>\n<p>&nbsp;<\/p>\n<p><strong>Lieferumfang:<\/strong> 3x8m Jute S-Edition Lila 6mm EXKLUSIV<\/p>\n<p>&nbsp;<\/p>\n<hr \/>\n<blockquote>\n<p style=\"text-align: center\"><span style=\"color: #333399\">Die Angaben zu den Produkten erfolgt nach bestem Wissen und Gewissen. Alle Ma\u00dfe sind ca-Angaben. Die Benutzung der hier im Shop angebotenen Produkte ist auf eigene Gefahr. Jeder Mensch reagiert anders auf \u00e4u\u00dfere Einwirkungen, auf Lust oder Schmerz usw. Daher kann diesbez\u00fcglich f\u00fcr unsachgem\u00e4\u00dfe Anwendung keine Haftung \u00fcbernommen werden. \u00a0Jeder Benutzer tr\u00e4gt die volle Verantwortung f\u00fcr die Verwendung bzw den richtigen Gebrauch der Produkte und dessen unvorhersehbaren Folgen.<\/span><\/p>\n<\/blockquote>\n","protected":false},"excerpt":{"rendered":"<p>Grundpreis: 2,79 \u20ac\/m<\/p>\n<p>Lieferzeit: 5-7 Tage*<\/p>\n","protected":false},"featured_media":9099,"template":"","meta":[],"product_brand":[],"product_cat":[216,294,494],"product_tag":[],"class_list":{"0":"post-9037","1":"product","2":"type-product","3":"status-publish","4":"has-post-thumbnail","6":"product_cat-bondageseile","7":"product_cat-juteseile","8":"product_cat-jute-s-edition-farbig","10":"first","11":"instock","12":"taxable","13":"shipping-taxable","14":"purchasable","15":"product-type-simple"},"_links":{"self":[{"href":"https:\/\/bavarian-bondage.de\/de\/wp-json\/wp\/v2\/product\/9037","targetHints":{"allow":["GET"]}}],"collection":[{"href":"https:\/\/bavarian-bondage.de\/de\/wp-json\/wp\/v2\/product"}],"about":[{"href":"https:\/\/bavarian-bondage.de\/de\/wp-json\/wp\/v2\/types\/product"}],"version-history":[{"count":4,"href":"https:\/\/bavarian-bondage.de\/de\/wp-json\/wp\/v2\/product\/9037\/revisions"}],"predecessor-version":[{"id":14019,"href":"https:\/\/bavarian-bondage.de\/de\/wp-json\/wp\/v2\/product\/9037\/revisions\/14019"}],"wp:featuredmedia":[{"embeddable":true,"href":"https:\/\/bavarian-bondage.de\/de\/wp-json\/wp\/v2\/media\/9099"}],"wp:attachment":[{"href":"https:\/\/bavarian-bondage.de\/de\/wp-json\/wp\/v2\/media?parent=9037"}],"wp:term":[{"taxonomy":"product_brand","embeddable":true,"href":"https:\/\/bavarian-bondage.de\/de\/wp-json\/wp\/v2\/product_brand?post=9037"},{"taxonomy":"product_cat","embeddable":true,"href":"https:\/\/bavarian-bondage.de\/de\/wp-json\/wp\/v2\/product_cat?post=9037"},{"taxonomy":"product_tag","embeddable":true,"href":"https:\/\/bavarian-bondage.de\/de\/wp-json\/wp\/v2\/product_tag?post=9037"}],"curies":[{"name":"wp","href":"https:\/\/api.w.org\/{rel}","templated":true}]}}