{"id":9569,"date":"2023-02-15T12:46:17","date_gmt":"2023-02-15T11:46:17","guid":{"rendered":"https:\/\/bavarian-bondage.de\/?post_type=product&#038;p=9569"},"modified":"2026-03-19T07:02:01","modified_gmt":"2026-03-19T06:02:01","slug":"gutschein","status":"publish","type":"product","link":"https:\/\/bavarian-bondage.de\/de\/produkt\/gutschein\/","title":{"rendered":"Gutschein"},"content":{"rendered":"<h3 style=\"text-align: center\">Gutschein<\/h3>\n<h3 style=\"text-align: center\"><span style=\"color: #0000ff\">Gutscheine bitte separat zu anderen Produkten bestellen<\/span><\/h3>\n<p style=\"text-align: center\">Das perfekte Geschenk f\u00fcr viele Anl\u00e4sse! Schenken und gl\u00fccklich machen!<\/p>\n<p style=\"text-align: center\">Auf vielfachen Wunsch bieten wir nun auch Gutscheine an. Diese k\u00f6nnen hier im Shop eingel\u00f6st werden. Standardm\u00e4\u00dfig schicken wir Dir deinen fertigen Gutschein, versandkostenfrei per Post zu. Sollte es mal eilig sein, lassen wir Dir den Gutschein auch gerne via E-Mail zum Selbstausdrucken zukommen.<\/p>\n<p style=\"text-align: center\">Der Gutscheincode befindet sich links unten und wird beim Postversand nochmals separat per E-Mail verschickt. Auf der R\u00fcckseite findet sich noch Platz f\u00fcr deine pers\u00f6nlichen Worte!<\/p>\n<p>&nbsp;<\/p>\n<p><strong>Details:<\/strong><\/p>\n<p>Ma\u00dfe: 10,7cm x 21,2cm<\/p>\n<p>G\u00fcltigkeit: 2 Jahre nach Erwerb<\/p>\n<p>&nbsp;<\/p>\n<p><span style=\"color: #ff0000\"><strong>Hinweis:<\/strong><\/span><\/p>\n<ul>\n<li>Es k\u00f6nnen mehrere Wertgutscheine gleichzeitig eingel\u00f6st werden.<\/li>\n<li>Der Gutschein kann nur im vollem Umfang eingel\u00f6st werden.<\/li>\n<li>Eine Teileinl\u00f6sung sowie die Auszahlung ist nicht m\u00f6glich.<\/li>\n<\/ul>\n<p>&nbsp;<\/p>\n<p><strong>Lieferumfang:<\/strong> Ein Wertgutschein (Wert w\u00e4hlbar), Versand via Brief oder E-Mail<\/p>\n<p>&nbsp;<\/p>\n<hr \/>\n<blockquote>\n<p style=\"text-align: center\"><span style=\"color: #333399\">Die Angaben zu den Produkten erfolgt nach bestem Wissen und Gewissen. Alle Ma\u00dfe sind ca-Angaben. Die Benutzung der hier im Shop angebotenen Produkte ist auf eigene Gefahr. Jeder Mensch reagiert anders auf \u00e4u\u00dfere Einwirkungen, auf Lust oder Schmerz usw. Daher kann diesbez\u00fcglich f\u00fcr unsachgem\u00e4\u00dfe Anwendung keine Haftung \u00fcbernommen werden. \u00a0Jeder Benutzer tr\u00e4gt die volle Verantwortung f\u00fcr die Verwendung bzw den richtigen Gebrauch der Produkte und dessen unvorhersehbaren Folgen.<\/span><\/p>\n<\/blockquote>\n","protected":false},"excerpt":{"rendered":"<p>Lieferzeit: 5-7 Tage*<\/p>\n","protected":false},"featured_media":9668,"template":"","meta":[],"product_brand":[],"product_cat":[223,222],"product_tag":[],"class_list":{"0":"post-9569","1":"product","2":"type-product","3":"status-publish","4":"has-post-thumbnail","6":"product_cat-zubehoer","7":"product_cat-alle-produkte","9":"first","10":"instock","11":"purchasable","12":"product-type-variable"},"_links":{"self":[{"href":"https:\/\/bavarian-bondage.de\/de\/wp-json\/wp\/v2\/product\/9569","targetHints":{"allow":["GET"]}}],"collection":[{"href":"https:\/\/bavarian-bondage.de\/de\/wp-json\/wp\/v2\/product"}],"about":[{"href":"https:\/\/bavarian-bondage.de\/de\/wp-json\/wp\/v2\/types\/product"}],"version-history":[{"count":5,"href":"https:\/\/bavarian-bondage.de\/de\/wp-json\/wp\/v2\/product\/9569\/revisions"}],"predecessor-version":[{"id":16990,"href":"https:\/\/bavarian-bondage.de\/de\/wp-json\/wp\/v2\/product\/9569\/revisions\/16990"}],"wp:featuredmedia":[{"embeddable":true,"href":"https:\/\/bavarian-bondage.de\/de\/wp-json\/wp\/v2\/media\/9668"}],"wp:attachment":[{"href":"https:\/\/bavarian-bondage.de\/de\/wp-json\/wp\/v2\/media?parent=9569"}],"wp:term":[{"taxonomy":"product_brand","embeddable":true,"href":"https:\/\/bavarian-bondage.de\/de\/wp-json\/wp\/v2\/product_brand?post=9569"},{"taxonomy":"product_cat","embeddable":true,"href":"https:\/\/bavarian-bondage.de\/de\/wp-json\/wp\/v2\/product_cat?post=9569"},{"taxonomy":"product_tag","embeddable":true,"href":"https:\/\/bavarian-bondage.de\/de\/wp-json\/wp\/v2\/product_tag?post=9569"}],"curies":[{"name":"wp","href":"https:\/\/api.w.org\/{rel}","templated":true}]}}