{"id":9972,"date":"2023-04-16T12:17:54","date_gmt":"2023-04-16T10:17:54","guid":{"rendered":"https:\/\/bavarian-bondage.de\/?post_type=product&#038;p=9972"},"modified":"2026-03-23T17:02:29","modified_gmt":"2026-03-23T16:02:29","slug":"posh-schwarz-55mm","status":"publish","type":"product","link":"https:\/\/bavarian-bondage.de\/de\/produkt\/posh-schwarz-55mm\/","title":{"rendered":"Posh Schwarz 5,5mm"},"content":{"rendered":"<h3 style=\"text-align: center\">Posh Schwarz 5,5mm<\/h3>\n<p style=\"text-align: center\">Die kr\u00e4ftig gef\u00e4rbten Polyester-Seile sind den geschlagenen Hanf und Juteseilen nachempfunden. Da sie ohne gro\u00dfen Aufwand gewaschen und getrocknet werden k\u00f6nnen, sich mit Wasserkontakt nicht zusammenziehen, sind die Seile bestens f\u00fcr Outdoor-Anwendungen geeignet.<\/p>\n<p style=\"text-align: center\">Die Polyesterseile haben eine rund doppelt so hohe Bruchlast als Hanfseile bei gleichem Durchmesser und sind zudem f\u00fcr viele Allergiker eine gute Alternative zu den Naturfasern. So gut wie keine Fussel, weich auf der Haut und die sehr \u00e4hnliche Haptik zu den Naturfaserseilen machen die Posh-Seile zu einer interessanten Alternative f\u00fcr viele Anwendungen.<\/p>\n<p style=\"text-align: center\">Anders als die meisten Kunststoffseile bleiben Knoten stabil und lassen sich relativ leicht wieder \u00f6ffnen. Die Seile dehnen sich kaum und f\u00fchren zu keiner gro\u00dfen W\u00e4rmeentwicklung, wenn sie mal schneller \u00fcber die Haut gezogen werden.<\/p>\n<p style=\"text-align: center\"><strong>Wichtig<\/strong>: Kunststoff kann man nicht abflammen und \u00d6le oder Wachse sind nicht zu empfehlen!<\/p>\n<p style=\"text-align: center\"><span style=\"color: #ff0000\"><strong>Bei H\u00e4ngebondage immer einen Karabiner verwenden, und die Reibung Seil auf Seil vermeiden.<\/strong><\/span><\/p>\n<p><strong>Details:<\/strong><\/p>\n<p>Posh-Seil 5,5mm EXKLUSIV<br \/>\n3-sch\u00e4ftig gedreht<br \/>\nFarbe: Schwarz<br \/>\nTriskenknoten<br \/>\nMaterial: Polyester<br \/>\nMenge: Ausf\u00fchrung w\u00e4hlbar<br \/>\n(Die Seill\u00e4nge kann bis zu 3% von der L\u00e4ngenangabe abweichen)<\/p>\n<p>&nbsp;<\/p>\n<p><span style=\"color: #ff0000\"><strong>Hinweis:<\/strong><\/span><\/p>\n<p>Seile regelm\u00e4\u00dfig auf Verschlei\u00df und Besch\u00e4digungen kontrollieren!<br \/>\nBei geschlagenen bzw. gedrehten Seilen kann es passieren, dass diese sich bei der Verwendung lockern!<\/p>\n<p>&nbsp;<\/p>\n<p><strong>Lieferumfang:<\/strong> Posh-Seil 5,5mm Schwarz; Ausf\u00fchrung w\u00e4hlbar<\/p>\n<hr \/>\n<blockquote>\n<p style=\"text-align: center\"><span style=\"color: #333399\">Die Angaben zu den Produkten erfolgt nach bestem Wissen und Gewissen. Alle Ma\u00dfe sind ca-Angaben. Die Benutzung der hier im Shop angebotenen Produkte ist auf eigene Gefahr. Jeder Mensch reagiert anders auf \u00e4u\u00dfere Einwirkungen, auf Lust oder Schmerz usw. Daher kann diesbez\u00fcglich f\u00fcr unsachgem\u00e4\u00dfe Anwendung keine Haftung \u00fcbernommen werden. \u00a0Jeder Benutzer tr\u00e4gt die volle Verantwortung f\u00fcr die Verwendung bzw den richtigen Gebrauch der Produkte und dessen unvorhersehbaren Folgen.<\/span><\/p>\n<\/blockquote>\n","protected":false},"excerpt":{"rendered":"<p>Lieferzeit: 5-7 Tage*<\/p>\n","protected":false},"featured_media":10142,"template":"","meta":[],"product_brand":[],"product_cat":[222,515,216],"product_tag":[],"class_list":{"0":"post-9972","1":"product","2":"type-product","3":"status-publish","4":"has-post-thumbnail","6":"product_cat-alle-produkte","7":"product_cat-posh","8":"product_cat-bondageseile","10":"first","11":"instock","12":"taxable","13":"shipping-taxable","14":"purchasable","15":"product-type-variable"},"_links":{"self":[{"href":"https:\/\/bavarian-bondage.de\/de\/wp-json\/wp\/v2\/product\/9972","targetHints":{"allow":["GET"]}}],"collection":[{"href":"https:\/\/bavarian-bondage.de\/de\/wp-json\/wp\/v2\/product"}],"about":[{"href":"https:\/\/bavarian-bondage.de\/de\/wp-json\/wp\/v2\/types\/product"}],"version-history":[{"count":4,"href":"https:\/\/bavarian-bondage.de\/de\/wp-json\/wp\/v2\/product\/9972\/revisions"}],"predecessor-version":[{"id":16746,"href":"https:\/\/bavarian-bondage.de\/de\/wp-json\/wp\/v2\/product\/9972\/revisions\/16746"}],"wp:featuredmedia":[{"embeddable":true,"href":"https:\/\/bavarian-bondage.de\/de\/wp-json\/wp\/v2\/media\/10142"}],"wp:attachment":[{"href":"https:\/\/bavarian-bondage.de\/de\/wp-json\/wp\/v2\/media?parent=9972"}],"wp:term":[{"taxonomy":"product_brand","embeddable":true,"href":"https:\/\/bavarian-bondage.de\/de\/wp-json\/wp\/v2\/product_brand?post=9972"},{"taxonomy":"product_cat","embeddable":true,"href":"https:\/\/bavarian-bondage.de\/de\/wp-json\/wp\/v2\/product_cat?post=9972"},{"taxonomy":"product_tag","embeddable":true,"href":"https:\/\/bavarian-bondage.de\/de\/wp-json\/wp\/v2\/product_tag?post=9972"}],"curies":[{"name":"wp","href":"https:\/\/api.w.org\/{rel}","templated":true}]}}