{"id":1108,"date":"2016-01-25T16:56:26","date_gmt":"2016-01-25T15:56:26","guid":{"rendered":"https:\/\/bavarian-bondage.mysupr.de\/workshop-ja-oder-nein\/"},"modified":"2024-09-01T16:20:32","modified_gmt":"2024-09-01T14:20:32","slug":"workshop-yes-or-no","status":"publish","type":"page","link":"https:\/\/bavarian-bondage.de\/en\/workshop-ja-oder-nein\/","title":{"rendered":"Workshop yes or no"},"content":{"rendered":"<div data-elementor-type=\"wp-post\" data-elementor-id=\"1108\" class=\"elementor elementor-1108\" data-elementor-post-type=\"page\">\n\t\t\t\t<div class=\"elementor-element elementor-element-dcbc31e e-flex e-con-boxed e-con e-parent\" data-id=\"dcbc31e\" data-element_type=\"container\" data-e-type=\"container\">\n\t\t\t\t\t<div class=\"e-con-inner\">\n\t\t<div class=\"elementor-element elementor-element-ecc35ec e-con-full e-flex e-con e-child\" data-id=\"ecc35ec\" data-element_type=\"container\" data-e-type=\"container\">\n\t\t\t\t<div class=\"elementor-element elementor-element-2de9a03 elementor-widget elementor-widget-heading\" data-id=\"2de9a03\" data-element_type=\"widget\" data-e-type=\"widget\" data-widget_type=\"heading.default\">\n\t\t\t\t\t<h2 class=\"elementor-heading-title elementor-size-default\">Is such a workshop necessary at all?<\/h2>\t\t\t\t<\/div>\n\t\t\t\t<div class=\"elementor-element elementor-element-872dc88 elementor-widget elementor-widget-spacer\" data-id=\"872dc88\" data-element_type=\"widget\" data-e-type=\"widget\" data-widget_type=\"spacer.default\">\n\t\t\t\t\t\t\t<div class=\"elementor-spacer\">\n\t\t\t<div class=\"elementor-spacer-inner\"><\/div>\n\t\t<\/div>\n\t\t\t\t\t\t<\/div>\n\t\t\t\t<div class=\"elementor-element elementor-element-b9c8382 elementor-widget elementor-widget-heading\" data-id=\"b9c8382\" data-element_type=\"widget\" data-e-type=\"widget\" data-widget_type=\"heading.default\">\n\t\t\t\t\t<h2 class=\"elementor-heading-title elementor-size-default\">No, air is necessary to breathe. A workshop definitely makes sense!<\/h2>\t\t\t\t<\/div>\n\t\t\t\t<div class=\"elementor-element elementor-element-0837066 elementor-widget elementor-widget-text-editor\" data-id=\"0837066\" data-element_type=\"widget\" data-e-type=\"widget\" data-widget_type=\"text-editor.default\">\n\t\t\t\t\t\t\t\t\t<p style=\"text-align: center\">I cannot write about the general public or about the individual workshop providers, because everyone has their own experiences and processes.<\/p><p style=\"text-align: center\"><strong><span style=\"text-decoration: underline\">In this blog post I will share my views and refer to the courses I offer!<\/span><\/strong><\/p><p style=\"text-align: center\">Of course, there are many books, videos and guides on the subject of bondage or Shibari. You can look at everything on the Internet, read up on it and then try it out. Just like in a cooking class or dance class, you learn faster and of course better if you are shown it correctly! You can ask your questions straight away, get an answer straight away and there are tips and tricks on top of that!<strong><span style=\"color: #ff0000\">\u00a0<\/span>\u00a0<\/strong> \u00a0 \u00a0 \u00a0 \u00a0 \u00a0\u00a0<\/p><p style=\"text-align: center\">Now many of you will wonder:<\/p><p style=\"text-align: center\"><strong><span style=\"color: #ff0000\">One of the most important points, no even the most important point, is safety! <\/span><\/strong><\/p><p style=\"text-align: center\"><strong><span style=\"text-decoration: underline\">Why then security? I just want to tie up my partner!<\/span><\/strong><\/p><p style=\"text-align: center\">Now that our body is very sensitive to external influences, everyone who binds should know exactly what he is doing. It already starts with the right knots, which should not come undone or tighten inadvertently. It continues with the rope guide. How can the ropes run so as not to accidentally injure the person opposite? Where do you have to pay attention to nerves and blood vessels? What about the numerous joints? These questions and of course more should be answered at a workshop!<\/p><p style=\"text-align: center\">The supreme discipline and often the highlight of every bondage session is the so-called suspension (hanging bondage), in which the tied person only hangs freely on ropes! Everyone can imagine what strain this is for our body and how great the possible dangers are! I really don't want to put anyone off, because a suspension bondage is a great experience that everyone who likes to be tied up should experience. However, only get involved in a suspension if you are sure that the other person knows exactly what he is doing! And you dear captivating ones, you are always aware that a shackled person completely surrenders himself and you alone have the full responsibility!<\/p><p style=\"text-align: center\">Now, even with the best preparation and knowledge, something can go wrong. Even in such a case - which of course nobody wants - you should always be prepared so that you can react as quickly as possible.<\/p><p style=\"text-align: center\">When it comes to security, I think we all realized that a workshop really makes sense. After all, bondage should be fun and not end with a trip to the doctor!<\/p><p style=\"text-align: center\">Furthermore, in a beginners workshop you should also have the opportunity to deal with the different types of rope and their advantages and disadvantages in order to get an insight into which ropes you will buy yourself later!<\/p><p style=\"text-align: center\">\u00a0<\/p><p style=\"text-align: center\"><strong><span style=\"color: #212157\">After the whole speech and the novel about safety, I don't want to put you off working with the ropes in any way!<\/span><\/strong><\/p><p style=\"text-align: center\"><b>(On the contrary, otherwise I would have never created the page)<\/b><\/p><p style=\"text-align: center\">I generally offer workshops for couples or for two people, because you can learn much faster and better than with so-called group workshops with ten people or more!<\/p>\t\t\t\t\t\t\t\t<\/div>\n\t\t\t\t<\/div>\n\t\t\t\t\t<\/div>\n\t\t\t\t<\/div>\n\t\t\t\t<\/div>","protected":false},"excerpt":{"rendered":"<p>Ist so ein Workshop \u00fcberhaupt notwendig? Nein, notwendig ist die Luft zum Atmen. Ein Workshop ist auf jeden Fall sinnvoll! Ich kann hier nicht \u00fcber die Allgemeinheit schreiben oder \u00fcber die einzelnen Workshopanbieter,denn jeder hat seine eigenen Erfahrunngen und Abl\u00e4ufe. In diesem Blogeintrag gehe ich auf meine Ansichten ein und beziehe mich auf die von [&hellip;]<\/p>\n","protected":false},"author":3,"featured_media":0,"parent":0,"menu_order":0,"comment_status":"closed","ping_status":"closed","template":"elementor_header_footer","meta":{"footnotes":""},"class_list":["post-1108","page","type-page","status-publish","hentry"],"_links":{"self":[{"href":"https:\/\/bavarian-bondage.de\/en\/wp-json\/wp\/v2\/pages\/1108","targetHints":{"allow":["GET"]}}],"collection":[{"href":"https:\/\/bavarian-bondage.de\/en\/wp-json\/wp\/v2\/pages"}],"about":[{"href":"https:\/\/bavarian-bondage.de\/en\/wp-json\/wp\/v2\/types\/page"}],"author":[{"embeddable":true,"href":"https:\/\/bavarian-bondage.de\/en\/wp-json\/wp\/v2\/users\/3"}],"replies":[{"embeddable":true,"href":"https:\/\/bavarian-bondage.de\/en\/wp-json\/wp\/v2\/comments?post=1108"}],"version-history":[{"count":8,"href":"https:\/\/bavarian-bondage.de\/en\/wp-json\/wp\/v2\/pages\/1108\/revisions"}],"predecessor-version":[{"id":12816,"href":"https:\/\/bavarian-bondage.de\/en\/wp-json\/wp\/v2\/pages\/1108\/revisions\/12816"}],"wp:attachment":[{"href":"https:\/\/bavarian-bondage.de\/en\/wp-json\/wp\/v2\/media?parent=1108"}],"curies":[{"name":"wp","href":"https:\/\/api.w.org\/{rel}","templated":true}]}}