{"id":1120,"date":"2016-01-25T17:04:15","date_gmt":"2016-01-25T16:04:15","guid":{"rendered":"https:\/\/bavarian-bondage.mysupr.de\/workshops\/"},"modified":"2026-03-19T06:56:53","modified_gmt":"2026-03-19T05:56:53","slug":"workshops","status":"publish","type":"page","link":"https:\/\/bavarian-bondage.de\/en\/workshops\/","title":{"rendered":"Workshops"},"content":{"rendered":"<div data-elementor-type=\"wp-post\" data-elementor-id=\"1120\" class=\"elementor elementor-1120\" data-elementor-post-type=\"page\">\n\t\t\t\t<div class=\"elementor-element elementor-element-207c85f e-flex e-con-boxed e-con e-parent\" data-id=\"207c85f\" data-element_type=\"container\" data-e-type=\"container\">\n\t\t\t\t\t<div class=\"e-con-inner\">\n\t\t<div class=\"elementor-element elementor-element-7a219d3 e-con-full e-flex e-con e-child\" data-id=\"7a219d3\" data-element_type=\"container\" data-e-type=\"container\">\n\t\t\t\t<div class=\"elementor-element elementor-element-6f55626 elementor-widget elementor-widget-heading\" data-id=\"6f55626\" data-element_type=\"widget\" data-e-type=\"widget\" data-widget_type=\"heading.default\">\n\t\t\t\t\t<h2 class=\"elementor-heading-title elementor-size-default\">Workshops<\/h2>\t\t\t\t<\/div>\n\t\t\t\t<div class=\"elementor-element elementor-element-f6b62fc elementor-widget elementor-widget-heading\" data-id=\"f6b62fc\" data-element_type=\"widget\" data-e-type=\"widget\" data-widget_type=\"heading.default\">\n\t\t\t\t\t<h2 class=\"elementor-heading-title elementor-size-default\">individual * personal * private * discreet<\/h2>\t\t\t\t<\/div>\n\t\t\t\t<div class=\"elementor-element elementor-element-3484915 elementor-widget elementor-widget-text-editor\" data-id=\"3484915\" data-element_type=\"widget\" data-e-type=\"widget\" data-widget_type=\"text-editor.default\">\n\t\t\t\t\t\t\t\t\t<p style=\"text-align: center\">It doesn't matter whether you are a beginner in the field or already have experience in handling the rope. The main thing is that you and your partner enjoy it. Of course, I would like to make the courses as individual as possible and try to respond to your wishes and experiences as much as possible.<\/p><p style=\"text-align: center\"><strong><span style=\"text-decoration: underline;color: #000080\">Put your personal program together and contact me!<\/span><\/strong><\/p><p>\u00a0<\/p><p style=\"text-align: center\">All courses offered, as well as the price, are based on two people. Workshops for individuals (with a model), as well as groups or individual requests are of course also possible by arrangement!<\/p><p style=\"text-align: center\">If you don't have a partner at the moment, just ask a friend or acquaintance. Don't worry, a workshop has nothing to do with acting immorally.<\/p><p style=\"text-align: center\">So why not a bondage workshop instead of a cinema or a pub !?<\/p><p style=\"text-align: center\">\u00a0<\/p><p>\u00a0<\/p><p style=\"text-align: center\"><strong><span style=\"text-decoration: underline\"><span style=\"color: #000080;text-decoration: underline\">Which brings us to the topic of clothing:<\/span><\/span><\/strong><\/p><p style=\"text-align: center\">It should be sporty and comfortable and a little body-hugging in order to be able to guide the ropes well.<\/p><p style=\"text-align: center\">(Snowsuit is also possible, but a little unsuitable\n\n)<\/p><p style=\"text-align: center\">Furthermore, when choosing clothing, care should be taken to avoid buttons, belt buckles, underwired bras, jewelry and the like. This way, pressure points and injuries caused by ropes can be avoided.<\/p><p style=\"text-align: center\">\u00a0<\/p><p>\u00a0<\/p><p style=\"text-align: center\"><span style=\"color: #000080\"><strong><span style=\"text-decoration: underline\">The place of the event:<\/span><\/strong><\/span><\/p>\t\t\t\t\t\t\t\t<\/div>\n\t\t\t\t<div class=\"elementor-element elementor-element-cb62c80 elementor-widget elementor-widget-text-editor\" data-id=\"cb62c80\" data-element_type=\"widget\" data-e-type=\"widget\" data-widget_type=\"text-editor.default\">\n\t\t\t\t\t\t\t\t\t<p style=\"text-align: center\">Andreas Venus<\/p><p style=\"text-align: center\">Haidberg 2<\/p><p style=\"text-align: center\">94379 Sankt Englmar<\/p>\t\t\t\t\t\t\t\t<\/div>\n\t\t\t\t<div class=\"elementor-element elementor-element-9ccdabc elementor-widget elementor-widget-text-editor\" data-id=\"9ccdabc\" data-element_type=\"widget\" data-e-type=\"widget\" data-widget_type=\"text-editor.default\">\n\t\t\t\t\t\t\t\t\t<p style=\"text-align: center\"><strong>Participation from 18 years of age<\/strong><\/p><p style=\"text-align: center\"><span style=\"color: #808080\">(ID check in the event of discrepancies)<\/span><\/p><p style=\"text-align: center\">Appointments by telephone or written agreement.<\/p><p style=\"text-align: center\">\u00a0<\/p>\t\t\t\t\t\t\t\t<\/div>\n\t\t\t\t<div class=\"elementor-element elementor-element-daae2fe premium-lq__none elementor-widget elementor-widget-premium-addon-button\" data-id=\"daae2fe\" data-element_type=\"widget\" data-e-type=\"widget\" data-widget_type=\"premium-addon-button.default\">\n\t\t\t\t\t\n\n\t\t<a class=\"premium-button premium-button-none premium-btn-md premium-button-none\" href=\"https:\/\/bavarian-bondage.de\/en\/contact-form\/\">\n\t\t\t<div class=\"premium-button-text-icon-wrapper\">\n\t\t\t\t\n\t\t\t\t\t\t\t\t\t<span >\n\t\t\t\t\t\tContact\t\t\t\t\t<\/span>\n\t\t\t\t\t\t\t<\/div>\n\n\t\t\t\n\t\t\t\n\t\t\t\n\t\t<\/a>\n\n\n\t\t\t\t\t\t<\/div>\n\t\t\t\t<div class=\"elementor-element elementor-element-adc6e7d elementor-widget-divider--view-line elementor-widget elementor-widget-divider\" data-id=\"adc6e7d\" data-element_type=\"widget\" data-e-type=\"widget\" data-widget_type=\"divider.default\">\n\t\t\t\t\t\t\t<div class=\"elementor-divider\">\n\t\t\t<span class=\"elementor-divider-separator\">\n\t\t\t\t\t\t<\/span>\n\t\t<\/div>\n\t\t\t\t\t\t<\/div>\n\t\t\t\t<\/div>\n\t\t\t\t\t<\/div>\n\t\t\t\t<\/div>\n\t\t<div class=\"elementor-element elementor-element-082562f e-flex e-con-boxed e-con e-parent\" data-id=\"082562f\" data-element_type=\"container\" data-e-type=\"container\">\n\t\t\t\t\t<div class=\"e-con-inner\">\n\t\t<div class=\"elementor-element elementor-element-f4525ca e-con-full e-flex e-con e-child\" data-id=\"f4525ca\" data-element_type=\"container\" data-e-type=\"container\">\n\t\t\t\t<div class=\"elementor-element elementor-element-6228073 elementor-widget elementor-widget-heading\" data-id=\"6228073\" data-element_type=\"widget\" data-e-type=\"widget\" data-widget_type=\"heading.default\">\n\t\t\t\t\t<h2 class=\"elementor-heading-title elementor-size-default\">No workshops are currently being offered!<\/h2>\t\t\t\t<\/div>\n\t\t\t\t<\/div>\n\t\t\t\t\t<\/div>\n\t\t\t\t<\/div>\n\t\t<div class=\"elementor-element elementor-element-7fc534f e-flex e-con-boxed e-con e-parent\" data-id=\"7fc534f\" data-element_type=\"container\" data-e-type=\"container\">\n\t\t\t\t\t<div class=\"e-con-inner\">\n\t\t\t\t<div class=\"elementor-element elementor-element-25b5f95 elementor-position-top elementor-widget elementor-widget-image-box\" data-id=\"25b5f95\" data-element_type=\"widget\" data-e-type=\"widget\" data-widget_type=\"image-box.default\">\n\t\t\t\t\t<div class=\"elementor-image-box-wrapper\"><figure class=\"elementor-image-box-img\"><a href=\"https:\/\/bavarian-bondage.de\/en\/beginner-workshop\/\" tabindex=\"-1\"><img decoding=\"async\" src=\"https:\/\/bavarian-bondage.de\/wp-content\/plugins\/elementor\/assets\/images\/placeholder.png\" title=\"\" alt=\"\" loading=\"lazy\"><\/a><\/figure><div class=\"elementor-image-box-content\"><h3 class=\"elementor-image-box-title\"><a href=\"https:\/\/bavarian-bondage.de\/en\/beginner-workshop\/\">Beginners workshop<\/a><\/h3><\/div><\/div>\t\t\t\t<\/div>\n\t\t\t\t<div class=\"elementor-element elementor-element-aba3e8c elementor-position-top elementor-widget elementor-widget-image-box\" data-id=\"aba3e8c\" data-element_type=\"widget\" data-e-type=\"widget\" data-widget_type=\"image-box.default\">\n\t\t\t\t\t<div class=\"elementor-image-box-wrapper\"><figure class=\"elementor-image-box-img\"><a href=\"https:\/\/bavarian-bondage.de\/en\/advanced-workshop\/\" tabindex=\"-1\"><img decoding=\"async\" src=\"https:\/\/bavarian-bondage.de\/wp-content\/plugins\/elementor\/assets\/images\/placeholder.png\" title=\"\" alt=\"\" loading=\"lazy\"><\/a><\/figure><div class=\"elementor-image-box-content\"><h3 class=\"elementor-image-box-title\"><a href=\"https:\/\/bavarian-bondage.de\/en\/advanced-workshop\/\">Advanced workshop<\/a><\/h3><\/div><\/div>\t\t\t\t<\/div>\n\t\t\t\t\t<\/div>\n\t\t\t\t<\/div>\n\t\t\t\t<\/div>","protected":false},"excerpt":{"rendered":"<p>Workshops individuell * pers\u00f6nlich * privat * diskret Ob Du nun Einsteiger auf dem Gebiet bist oder schon Erfahrung im Umgang mit dem Seil hast, spielt keine Rolle. Die Hauptsache Du und dein Partner habt Spa\u00df daran. Selbstverst\u00e4ndlich m\u00f6chte ich die Kurse so individuell wie m\u00f6glich gestalten und versuche so gut es geht auf Deine [&hellip;]<\/p>\n","protected":false},"author":3,"featured_media":0,"parent":0,"menu_order":0,"comment_status":"closed","ping_status":"closed","template":"elementor_header_footer","meta":{"footnotes":""},"class_list":["post-1120","page","type-page","status-publish","hentry"],"_links":{"self":[{"href":"https:\/\/bavarian-bondage.de\/en\/wp-json\/wp\/v2\/pages\/1120","targetHints":{"allow":["GET"]}}],"collection":[{"href":"https:\/\/bavarian-bondage.de\/en\/wp-json\/wp\/v2\/pages"}],"about":[{"href":"https:\/\/bavarian-bondage.de\/en\/wp-json\/wp\/v2\/types\/page"}],"author":[{"embeddable":true,"href":"https:\/\/bavarian-bondage.de\/en\/wp-json\/wp\/v2\/users\/3"}],"replies":[{"embeddable":true,"href":"https:\/\/bavarian-bondage.de\/en\/wp-json\/wp\/v2\/comments?post=1120"}],"version-history":[{"count":5,"href":"https:\/\/bavarian-bondage.de\/en\/wp-json\/wp\/v2\/pages\/1120\/revisions"}],"predecessor-version":[{"id":16989,"href":"https:\/\/bavarian-bondage.de\/en\/wp-json\/wp\/v2\/pages\/1120\/revisions\/16989"}],"wp:attachment":[{"href":"https:\/\/bavarian-bondage.de\/en\/wp-json\/wp\/v2\/media?parent=1120"}],"curies":[{"name":"wp","href":"https:\/\/api.w.org\/{rel}","templated":true}]}}