{"id":1145,"date":"2016-06-01T10:24:58","date_gmt":"2016-06-01T08:24:58","guid":{"rendered":"https:\/\/bavarian-bondage.mysupr.de\/widerrufsrecht-fuer-waren\/"},"modified":"2025-07-20T08:32:20","modified_gmt":"2025-07-20T06:32:20","slug":"right-of-withdrawal-for-goods","status":"publish","type":"page","link":"https:\/\/bavarian-bondage.de\/en\/widerrufsrecht-fuer-waren\/","title":{"rendered":"Right of withdrawal for goods"},"content":{"rendered":"<div data-elementor-type=\"wp-post\" data-elementor-id=\"1145\" class=\"elementor elementor-1145\" data-elementor-post-type=\"page\">\n\t\t\t\t<div class=\"elementor-element elementor-element-eb1d6f5 e-flex e-con-boxed e-con e-parent\" data-id=\"eb1d6f5\" data-element_type=\"container\" data-e-type=\"container\">\n\t\t\t\t\t<div class=\"e-con-inner\">\n\t\t\t\t<div class=\"elementor-element elementor-element-7a6ac82 elementor-widget elementor-widget-text-editor\" data-id=\"7a6ac82\" data-element_type=\"widget\" data-e-type=\"widget\" data-widget_type=\"text-editor.default\">\n\t\t\t\t\t\t\t\t\t<p><strong>Revocation right for consumers\u00a0<\/strong><br \/>(A \u2018consumer\u2019 is any natural person who concludes a legal transaction which, to an overwhelming extent, cannot be attributed to either his commercial or independent professional activities.)<br \/><br \/><strong>Instructions for revocation<\/strong><br \/><br \/><strong>Revocation right<\/strong><br \/>You have the right to revoke this contract within 14 days without specifying any reasons.<br \/>The revocation period is 14 days with effect from the day,<br \/><br \/>-  on which you or a third party nominated by you, which is not the carrier, had taken possession of the products, provided you had ordered one or more products within the scope of a standard order and this\/these product\/products is\/are delivered uniformly;<br \/><br \/>-  on which you or a third party nominated by you, which is not the carrier, had taken possession of the last product, provided you had ordered several products within the scope of a standard order and these products are delivered separately;<br \/><br \/>In order to exercise your revocation right, you must inform us\u00a0<strong>(Andreas Venus, Haidberg 2, 94379 Sankt Englmar, Telephone number: 016091594448, E-Mail address: info@bavarian-bondage.de<\/strong>\u00a0by means of a clear statement (e.g. a letter sent by post or an e-mail) of your decision to withdraw from this contract. You can use the attached sample revocation form for this, but this is not mandatory.<br \/><br \/>In order to safeguard the revocation period, it is sufficient that you send the notification about the exercise of the revocation right before the expiry of the revocation period.<br \/><br \/><strong>Consequences of the revocation<\/strong><br \/><br \/>If you revoke this contract, we have paid you all payments that we have received from you, including the delivery costs (with the exception of the additional costs resulting from the fact that you have chosen a different type of delivery than the cheapest standard delivery offered by us have), immediately and at the latest within 14 days from the day on which we received the notification of your cancellation of this contract. For this repayment, we use the same means of payment that you used in the original transaction, unless something else was expressly agreed with you; under no circumstances will you be charged fees for this repayment.<br \/><br \/>We can refuse the repayment until the products are returned to us or until you have furnished evidence that you have sent the products back to us, depending on whichever is earlier.<br \/><br \/>You must return or hand over the goods to us immediately and in any case no later than 14 days from the day on which you inform us of the cancellation of this contract. The deadline is met if you send back the goods before the period of 14 days has expired.<br \/><br \/>You bear the direct costs for returning the products.<br \/><br \/>You must pay for any depreciation of the products only if this depreciation can be attributed to any handling with you that was not necessary for checking the condition, features and functionality of the products.<br \/><br \/><strong>Criteria for expiry<\/strong><br \/><br \/>The revocation right is not available for contracts<br \/><br \/>- for delivery of products, which are not prefabricated and for whose manufacturing an individual selection or stipulation by the consumer is important or which are clearly tailored to the personal requirements of the consumer;<br \/>- for delivery of products, which can spoil quickly or whose use-by date would be exceeded quickly;<br \/>- for delivery of alcoholic drinks, whose price was agreed at the time of concluding the contract, which however can be delivered 30 days after the conclusion of the contract at the earliest and whose current value depends on the fluctuations in the market, on which the entrepreneur has no influence;<br \/>- for delivery of newspapers, periodicals or magazines with the exception of subscription contracts.<br \/><br \/>The revocation right expires prematurely in case of contracts<br \/><br \/>- for delivery of sealed products, which are not suitable for return for reasons of health protection or hygiene if their seal has been removed after the delivery;<br \/>- for delivery of products if they have been mixed inseparably with other goods after the delivery, owing to their condition;<br \/>- for delivery of sound or video recording or computer software in a sealed package if the seal has been removed after the delivery.<br \/><br \/><\/p><hr \/><p><br \/><strong>Specimen - revocation form<\/strong><br \/><br \/>(If you wish to revoke the contract, please fill up this form and send it back to us.)<br \/><br \/>\u2013 To Andreas Venus, Haidberg 2, 94379 Sankt Englmar, email address: info@bavarian-bondage.de:<br \/><br \/>- I \/ we (*) hereby revoke the contract concluded by me \/ us (*) for the purchase of the following goods (*) \/<br \/>\u00a0 the provision of the following service (*)<br \/><br \/>- Ordered on (*) \/ received on (*<br \/><br \/>- Name of the consumer (s)<br \/>- Address of the consumer (s)<br \/>- Signature of the consumer (s) (only if this is communicated on paper)<br \/>- Date<br \/><br \/>(*) Delete where inapplicable.<br \/><br \/><\/p>\t\t\t\t\t\t\t\t<\/div>\n\t\t\t\t\t<\/div>\n\t\t\t\t<\/div>\n\t\t\t\t<\/div>","protected":false},"excerpt":{"rendered":"<p>Widerrufsrecht f\u00fcr Verbraucher\u00a0(Verbraucher ist jede nat\u00fcrliche Person, die ein Rechtsgesch\u00e4ft zu Zwecken abschlie\u00dft, die \u00fcberwiegend weder ihrer gewerblichen noch ihrer selbstst\u00e4ndigen beruflichen T\u00e4tigkeit zugerechnet werden k\u00f6nnen.) Widerrufsbelehrung WiderrufsrechtSie haben das Recht, binnen 14 Tagen ohne Angabe von Gr\u00fcnden diesen Vertrag zu widerrufen.Die Widerrufsfrist betr\u00e4gt 14 Tage ab dem Tag, &#8211; an dem Sie oder ein [&hellip;]<\/p>\n","protected":false},"author":3,"featured_media":0,"parent":0,"menu_order":0,"comment_status":"closed","ping_status":"closed","template":"","meta":{"footnotes":""},"class_list":["post-1145","page","type-page","status-publish","hentry"],"_links":{"self":[{"href":"https:\/\/bavarian-bondage.de\/en\/wp-json\/wp\/v2\/pages\/1145","targetHints":{"allow":["GET"]}}],"collection":[{"href":"https:\/\/bavarian-bondage.de\/en\/wp-json\/wp\/v2\/pages"}],"about":[{"href":"https:\/\/bavarian-bondage.de\/en\/wp-json\/wp\/v2\/types\/page"}],"author":[{"embeddable":true,"href":"https:\/\/bavarian-bondage.de\/en\/wp-json\/wp\/v2\/users\/3"}],"replies":[{"embeddable":true,"href":"https:\/\/bavarian-bondage.de\/en\/wp-json\/wp\/v2\/comments?post=1145"}],"version-history":[{"count":5,"href":"https:\/\/bavarian-bondage.de\/en\/wp-json\/wp\/v2\/pages\/1145\/revisions"}],"predecessor-version":[{"id":15405,"href":"https:\/\/bavarian-bondage.de\/en\/wp-json\/wp\/v2\/pages\/1145\/revisions\/15405"}],"wp:attachment":[{"href":"https:\/\/bavarian-bondage.de\/en\/wp-json\/wp\/v2\/media?parent=1145"}],"curies":[{"name":"wp","href":"https:\/\/api.w.org\/{rel}","templated":true}]}}