{"id":12,"date":"2018-09-04T13:47:19","date_gmt":"2018-09-04T11:47:19","guid":{"rendered":"http:\/\/bavarian-bondage.mysupr.de\/versandarten\/"},"modified":"2018-09-04T13:47:19","modified_gmt":"2018-09-04T11:47:19","slug":"shipping-methods","status":"publish","type":"page","link":"https:\/\/bavarian-bondage.de\/en\/versandarten\/","title":{"rendered":"Versandarten"},"content":{"rendered":"<div data-elementor-type=\"wp-post\" data-elementor-id=\"12\" class=\"elementor elementor-12\" data-elementor-post-type=\"page\">\n\t\t\t\t\t\t<section class=\"elementor-section elementor-top-section elementor-element elementor-element-07d64f3 elementor-section-boxed elementor-section-height-default elementor-section-height-default\" data-id=\"07d64f3\" data-element_type=\"section\" data-e-type=\"section\">\n\t\t\t\t\t\t<div class=\"elementor-container elementor-column-gap-default\">\n\t\t\t\t\t<div class=\"elementor-column elementor-col-100 elementor-top-column elementor-element elementor-element-6935983\" data-id=\"6935983\" data-element_type=\"column\" data-e-type=\"column\">\n\t\t\t<div class=\"elementor-widget-wrap elementor-element-populated\">\n\t\t\t\t\t\t<div class=\"elementor-element elementor-element-4538605 elementor-widget elementor-widget-text-editor\" data-id=\"4538605\" data-element_type=\"widget\" data-e-type=\"widget\" data-widget_type=\"text-editor.default\">\n\t\t\t\t\t\t\t\t\t<h3><strong>Payment and dispatch<\/strong><\/h3><p>The following terms and conditions apply:<\/p><p><strong>Shipping conditions<\/strong><\/p><p>Domestic delivery (Germany) and neighbouring countries: Belgien, D\u00e4nemark, Frankreich, Italien, Luxemburg, Niederlande, Schweden, Spanien, \u00d6sterreich.<\/p><p>There is no dispatch to the following foreign islands: El Hierro, Fuerteventura, Gran Canaria, La Gomera, La Palma, Lanzarote, Tenerife<\/p><p><strong>Dispatch costs<\/strong>\u00a0(inclusive of legally applicable VAT)<\/p><p><strong>Domestic deliveries (Germany):\u00a0<\/strong><\/p><p>We charge a flat shipping fee of 4,90 \u20ac per order.<\/p><p>From an order value of 120,00 \u20ac onwards, we deliver shipments free of cost.<\/p><p><strong>Deliveries to foreign countries:<\/strong><\/p><p>We charge a flat shipping fee for international deliveries:<\/p><p>Belgium: \u20ac 13.99<br \/>Denmark: \u20ac 13.99<br \/>France: \u20ac 13.99<br \/>Italy: \u20ac 13.99<br \/>Luxembourg: \u20ac 13.99<br \/>Netherlands: \u20ac 13.99<br \/>Sweden \u20ac 13.99<br \/>Spain: \u20ac 13.99<br \/>Austria: \u20ac 13.99<br \/><strong>Delivery periods<\/strong><\/p><p>Unless a different deadline is specified in the respective offer, the goods will be delivered domestically (Germany) within 5 - 7 days, and for international deliveries within 5 - 7 days after conclusion of the contract (if advance payment has been agreed, after the time of your payment instruction).<br \/>Please note that deliveries are not made on Sundays and other holidays.<br \/>If you have ordered articles with different delivery dates, we send the articles together in one delivery if no other agreement has been made. The delivery date for the complete order will be the same as that of the article with the longest delivery time.<\/p><p><strong>Accepted payment options<\/strong><\/p><p><strong>\u2013\u00a0\u00a0<\/strong>Prepayment via transfer<br \/><strong>\u2013\u00a0\u00a0<\/strong>payment with credit card<br \/><strong>\u2013<\/strong>\u00a0 Payment via PayPal\u00a0<br \/><strong>\u2013<\/strong><strong>\u00a0\u00a0<\/strong>payment via instant transfer<\/p><p><strong>Further payment details<\/strong><\/p><p>If you pay by credit card, your credit card account will be debited when the contract is concluded.<\/p><p>In case of questions, please contact us at the contact details mentioned in the Legal Notice.<\/p>\t\t\t\t\t\t\t\t<\/div>\n\t\t\t\t\t<\/div>\n\t\t<\/div>\n\t\t\t\t\t<\/div>\n\t\t<\/section>\n\t\t\t\t<\/div>","protected":false},"excerpt":{"rendered":"<p>Zahlung und Versand Es gelten folgende Bedingungen: Versandbedingungen Die Lieferung erfolgt im Inland (Deutschland)\u00a0und in die nachstehenden L\u00e4nder:\u00a0Belgien, D\u00e4nemark, Frankreich, Italien, Luxemburg, Niederlande, Schweden, Spanien, \u00d6sterreich. Keine Versendung erfolgt auf die nachstehenden ausl\u00e4ndischen Inseln: El Hierro, Fuerteventura, Gran Canaria, La Gomera, La Palma, Lanzarote,Teneriffa Versandkosten\u00a0(inklusive gesetzliche Mehrwertsteuer) Lieferungen im Inland (Deutschland):\u00a0 Wir berechnen die Versandkosten [&hellip;]<\/p>\n","protected":false},"author":3,"featured_media":0,"parent":0,"menu_order":0,"comment_status":"closed","ping_status":"closed","template":"","meta":{"footnotes":""},"class_list":["post-12","page","type-page","status-publish","hentry"],"_links":{"self":[{"href":"https:\/\/bavarian-bondage.de\/en\/wp-json\/wp\/v2\/pages\/12","targetHints":{"allow":["GET"]}}],"collection":[{"href":"https:\/\/bavarian-bondage.de\/en\/wp-json\/wp\/v2\/pages"}],"about":[{"href":"https:\/\/bavarian-bondage.de\/en\/wp-json\/wp\/v2\/types\/page"}],"author":[{"embeddable":true,"href":"https:\/\/bavarian-bondage.de\/en\/wp-json\/wp\/v2\/users\/3"}],"replies":[{"embeddable":true,"href":"https:\/\/bavarian-bondage.de\/en\/wp-json\/wp\/v2\/comments?post=12"}],"version-history":[{"count":0,"href":"https:\/\/bavarian-bondage.de\/en\/wp-json\/wp\/v2\/pages\/12\/revisions"}],"wp:attachment":[{"href":"https:\/\/bavarian-bondage.de\/en\/wp-json\/wp\/v2\/media?parent=12"}],"curies":[{"name":"wp","href":"https:\/\/api.w.org\/{rel}","templated":true}]}}