{"id":1739,"date":"2020-01-16T11:15:25","date_gmt":"2020-01-16T10:15:25","guid":{"rendered":"https:\/\/bavarian-bondage.mysupr.de\/?page_id=1739"},"modified":"2024-11-29T10:41:25","modified_gmt":"2024-11-29T09:41:25","slug":"linen-hemp-ropes-two-colored","status":"publish","type":"page","link":"https:\/\/bavarian-bondage.de\/en\/leinenhanfseile-zweifarbig\/","title":{"rendered":"Linen hemp ropes two-tone"},"content":{"rendered":"<div data-elementor-type=\"wp-post\" data-elementor-id=\"1739\" class=\"elementor elementor-1739\" data-elementor-post-type=\"page\">\n\t\t\t\t<div class=\"elementor-element elementor-element-7a22539 e-flex e-con-boxed e-con e-parent\" data-id=\"7a22539\" data-element_type=\"container\" data-e-type=\"container\">\n\t\t\t\t\t<div class=\"e-con-inner\">\n\t\t<div class=\"elementor-element elementor-element-f815282 e-con-full e-flex e-con e-child\" data-id=\"f815282\" data-element_type=\"container\" data-e-type=\"container\">\n\t\t\t\t<div class=\"elementor-element elementor-element-165a812 elementor-widget elementor-widget-heading\" data-id=\"165a812\" data-element_type=\"widget\" data-e-type=\"widget\" data-widget_type=\"heading.default\">\n\t\t\t\t\t<h2 class=\"elementor-heading-title elementor-size-default\">Linen hemp ropes two-tone<\/h2>\t\t\t\t<\/div>\n\t\t\t\t<div class=\"elementor-element elementor-element-6fa6af0 elementor-widget elementor-widget-text-editor\" data-id=\"6fa6af0\" data-element_type=\"widget\" data-e-type=\"widget\" data-widget_type=\"text-editor.default\">\n\t\t\t\t\t\t\t\t\t<p style=\"text-align: center\">All two-tone linen hemp ropes on offer are currently only available in the exclusive version with the small trisk knots.\u00a0<\/p><p style=\"text-align: center\">The ropes, including the knot, are dyed as a whole and are relatively strongly dyed through, even if not completely. This only works if the yarn (the individual strands) are dyed before the actual rope production. For the dyeing itself, high-quality textile dye is used to prevent later bleeding. The color is well fixed, which makes it easy to wash the ropes. I generally advise against washing in the machine, as the rope structure would suffer a lot. Instead, you should wash your hands by hand if necessary and dry the ropes under tension. However, a damp cloth is still best. After washing, the ropes should definitely be treated with oil or wax again.<\/p><p style=\"text-align: center\">You can find more care tips under Things to know.<\/p>\t\t\t\t\t\t\t\t<\/div>\n\t\t\t\t<div class=\"elementor-element elementor-element-7fd9fe0 elementor-widget elementor-widget-spacer\" data-id=\"7fd9fe0\" data-element_type=\"widget\" data-e-type=\"widget\" data-widget_type=\"spacer.default\">\n\t\t\t\t\t\t\t<div class=\"elementor-spacer\">\n\t\t\t<div class=\"elementor-spacer-inner\"><\/div>\n\t\t<\/div>\n\t\t\t\t\t\t<\/div>\n\t\t\t\t<\/div>\n\t\t\t\t\t<\/div>\n\t\t\t\t<\/div>\n\t\t<div class=\"elementor-element elementor-element-036b973 e-flex e-con-boxed e-con e-parent\" data-id=\"036b973\" data-element_type=\"container\" data-e-type=\"container\" data-settings=\"{&quot;background_background&quot;:&quot;classic&quot;}\">\n\t\t\t\t\t<div class=\"e-con-inner\">\n\t\t<div class=\"elementor-element elementor-element-99e2afe e-con-full e-flex e-con e-child\" data-id=\"99e2afe\" data-element_type=\"container\" data-e-type=\"container\" data-settings=\"{&quot;background_background&quot;:&quot;classic&quot;}\">\n\t\t\t\t<div class=\"elementor-element elementor-element-5021aa5 elementor-widget elementor-widget-heading\" data-id=\"5021aa5\" data-element_type=\"widget\" data-e-type=\"widget\" data-widget_type=\"heading.default\">\n\t\t\t\t\t<h2 class=\"elementor-heading-title elementor-size-default\">Exclusive 5mm<\/h2>\t\t\t\t<\/div>\n\t\t\t\t<div class=\"elementor-element elementor-element-bcb7122 wl-columns-mobile_extra-2 wl-columns-mobile-2 wl-columns-3 elementor-widget elementor-widget-woolentor-custom-product-archive\" data-id=\"bcb7122\" data-element_type=\"widget\" data-e-type=\"widget\" data-widget_type=\"woolentor-custom-product-archive.default\">\n\t\t\t\t<div class=\"elementor-widget-container\">\n\t\t\t\t\t            <div class=\"ht-products woolentor-product-same-height\">\r\n                <div id=\"wl-shop-tab-area-bcb7122\" class=\"wl-shop-tab-area grid_view\">\r\n                    <div class=\"products-not-found\"><p class=\"woocommerce-info\">No products were found matching your selection.<\/p><\/div>                <\/div>\r\n            <\/div>\r\n\r\n            <script type=\"text\/javascript\">\r\n                ;jQuery(document).ready(function($) {\r\n                    var uniqid = 'bcb7122';\r\n                    function woolentor_tabs_pro( $tabmenus, $tabpane ){\r\n                        $tabmenus.on('click', 'a', function(e){\r\n                            e.preventDefault();\r\n                            var $this = $(this),\r\n                                $target = $this.attr('href'),\r\n                                $data = $this.data('tabvalue');\r\n                            $this.addClass('htactive').parent().siblings().children('a').removeClass('htactive');\r\n                            $( $tabpane ).removeClass('grid_view list_view');\r\n                            $( $tabpane ).addClass( $data );\r\n\r\n                            \/\/ refresh slick\r\n                            $id = $this.attr('href');\r\n                            $('.wl-shop-tab-area').find('.slick-slider').slick('refresh');\r\n                        });\r\n                    }\r\n                    woolentor_tabs_pro( $( \"#wl-shop-tab-links-\"+uniqid ), '#wl-shop-tab-area-'+uniqid );\r\n                });\r\n            <\/script>\r\n\r\n            \r\n            \t\t\t\t<\/div>\n\t\t\t\t<\/div>\n\t\t\t\t<\/div>\n\t\t\t\t\t<\/div>\n\t\t\t\t<\/div>\n\t\t<div class=\"elementor-element elementor-element-aebeef2 e-flex e-con-boxed e-con e-parent\" data-id=\"aebeef2\" data-element_type=\"container\" data-e-type=\"container\">\n\t\t\t\t\t<div class=\"e-con-inner\">\n\t\t<div class=\"elementor-element elementor-element-2dc1df0 e-con-full e-flex e-con e-child\" data-id=\"2dc1df0\" data-element_type=\"container\" data-e-type=\"container\">\n\t\t\t\t<div class=\"elementor-element elementor-element-a574764 elementor-widget elementor-widget-spacer\" data-id=\"a574764\" data-element_type=\"widget\" data-e-type=\"widget\" data-widget_type=\"spacer.default\">\n\t\t\t\t\t\t\t<div class=\"elementor-spacer\">\n\t\t\t<div class=\"elementor-spacer-inner\"><\/div>\n\t\t<\/div>\n\t\t\t\t\t\t<\/div>\n\t\t\t\t<div class=\"elementor-element elementor-element-ba39426 elementor-widget-divider--view-line elementor-widget elementor-widget-divider\" data-id=\"ba39426\" data-element_type=\"widget\" data-e-type=\"widget\" data-widget_type=\"divider.default\">\n\t\t\t\t\t\t\t<div class=\"elementor-divider\">\n\t\t\t<span class=\"elementor-divider-separator\">\n\t\t\t\t\t\t<\/span>\n\t\t<\/div>\n\t\t\t\t\t\t<\/div>\n\t\t\t\t<div class=\"elementor-element elementor-element-8a46d32 elementor-widget elementor-widget-spacer\" data-id=\"8a46d32\" data-element_type=\"widget\" data-e-type=\"widget\" data-widget_type=\"spacer.default\">\n\t\t\t\t\t\t\t<div class=\"elementor-spacer\">\n\t\t\t<div class=\"elementor-spacer-inner\"><\/div>\n\t\t<\/div>\n\t\t\t\t\t\t<\/div>\n\t\t\t\t<div class=\"elementor-element elementor-element-0824807 elementor-widget elementor-widget-heading\" data-id=\"0824807\" data-element_type=\"widget\" data-e-type=\"widget\" data-widget_type=\"heading.default\">\n\t\t\t\t\t<h2 class=\"elementor-heading-title elementor-size-default\">The ropes too long, too short or the set not suitable?<\/h2>\t\t\t\t<\/div>\n\t\t\t\t<div class=\"elementor-element elementor-element-dbf7833 elementor-widget elementor-widget-text-editor\" data-id=\"dbf7833\" data-element_type=\"widget\" data-e-type=\"widget\" data-widget_type=\"text-editor.default\">\n\t\t\t\t\t\t\t\t\t<p>We are happy to put together a set of your choice for you. If you need different lengths or want to combine different diameters, just contact me and I will make you an individual offer.<\/p>\t\t\t\t\t\t\t\t<\/div>\n\t\t\t\t<div class=\"elementor-element elementor-element-cd91420 premium-lq__none elementor-widget elementor-widget-premium-addon-button\" data-id=\"cd91420\" data-element_type=\"widget\" data-e-type=\"widget\" data-widget_type=\"premium-addon-button.default\">\n\t\t\t\t\t\n\n\t\t<a class=\"premium-button premium-button-none premium-btn-sm premium-button-none\" href=\"https:\/\/bavarian-bondage.de\/en\/kontaktformular\/\">\n\t\t\t<div class=\"premium-button-text-icon-wrapper\">\n\t\t\t\t\n\t\t\t\t\t\t\t\t\t<span >\n\t\t\t\t\t\tContact\t\t\t\t\t<\/span>\n\t\t\t\t\t\t\t<\/div>\n\n\t\t\t\n\t\t\t\n\t\t\t\n\t\t<\/a>\n\n\n\t\t\t\t\t\t<\/div>\n\t\t\t\t<\/div>\n\t\t\t\t\t<\/div>\n\t\t\t\t<\/div>\n\t\t\t\t<\/div>","protected":false},"excerpt":{"rendered":"<p>Leinenhanf-Seile Zweifarbig Alle angebotenen zweifarbigen Leinenhanfseile werden aktuell nur in der Exklusiv-Variante mit den kleinen Triskenknoten angeboten.\u00a0 Die Seile werden inklusive dem Knoten im ganzen gef\u00e4rbt und sind relativ stark durchgef\u00e4rbt, wenn auch nicht komplett. Das klappt nur dann, wenn das Garn (die einzelnen Str\u00e4nge) schon vor der eigentlichen Seilherstellung gef\u00e4rbt werden w\u00fcrde. Zur F\u00e4rbung [&hellip;]<\/p>\n","protected":false},"author":3,"featured_media":0,"parent":0,"menu_order":0,"comment_status":"closed","ping_status":"closed","template":"elementor_header_footer","meta":{"footnotes":""},"class_list":["post-1739","page","type-page","status-publish","hentry"],"_links":{"self":[{"href":"https:\/\/bavarian-bondage.de\/en\/wp-json\/wp\/v2\/pages\/1739","targetHints":{"allow":["GET"]}}],"collection":[{"href":"https:\/\/bavarian-bondage.de\/en\/wp-json\/wp\/v2\/pages"}],"about":[{"href":"https:\/\/bavarian-bondage.de\/en\/wp-json\/wp\/v2\/types\/page"}],"author":[{"embeddable":true,"href":"https:\/\/bavarian-bondage.de\/en\/wp-json\/wp\/v2\/users\/3"}],"replies":[{"embeddable":true,"href":"https:\/\/bavarian-bondage.de\/en\/wp-json\/wp\/v2\/comments?post=1739"}],"version-history":[{"count":36,"href":"https:\/\/bavarian-bondage.de\/en\/wp-json\/wp\/v2\/pages\/1739\/revisions"}],"predecessor-version":[{"id":13774,"href":"https:\/\/bavarian-bondage.de\/en\/wp-json\/wp\/v2\/pages\/1739\/revisions\/13774"}],"wp:attachment":[{"href":"https:\/\/bavarian-bondage.de\/en\/wp-json\/wp\/v2\/media?parent=1739"}],"curies":[{"name":"wp","href":"https:\/\/api.w.org\/{rel}","templated":true}]}}