{"id":1108,"date":"2016-01-25T16:56:26","date_gmt":"2016-01-25T15:56:26","guid":{"rendered":"https:\/\/bavarian-bondage.mysupr.de\/workshop-ja-oder-nein\/"},"modified":"2024-09-01T16:20:32","modified_gmt":"2024-09-01T14:20:32","slug":"taller-si-o-no","status":"publish","type":"page","link":"https:\/\/bavarian-bondage.de\/es\/workshop-ja-oder-nein\/","title":{"rendered":"Taller si o no"},"content":{"rendered":"<div data-elementor-type=\"wp-post\" data-elementor-id=\"1108\" class=\"elementor elementor-1108\" data-elementor-post-type=\"page\">\n\t\t\t\t<div class=\"elementor-element elementor-element-dcbc31e e-flex e-con-boxed e-con e-parent\" data-id=\"dcbc31e\" data-element_type=\"container\" data-e-type=\"container\">\n\t\t\t\t\t<div class=\"e-con-inner\">\n\t\t<div class=\"elementor-element elementor-element-ecc35ec e-con-full e-flex e-con e-child\" data-id=\"ecc35ec\" data-element_type=\"container\" data-e-type=\"container\">\n\t\t\t\t<div class=\"elementor-element elementor-element-2de9a03 elementor-widget elementor-widget-heading\" data-id=\"2de9a03\" data-element_type=\"widget\" data-e-type=\"widget\" data-widget_type=\"heading.default\">\n\t\t\t\t\t<h2 class=\"elementor-heading-title elementor-size-default\">\u00bfEs siquiera necesario un taller de este tipo?<\/h2>\t\t\t\t<\/div>\n\t\t\t\t<div class=\"elementor-element elementor-element-872dc88 elementor-widget elementor-widget-spacer\" data-id=\"872dc88\" data-element_type=\"widget\" data-e-type=\"widget\" data-widget_type=\"spacer.default\">\n\t\t\t\t\t\t\t<div class=\"elementor-spacer\">\n\t\t\t<div class=\"elementor-spacer-inner\"><\/div>\n\t\t<\/div>\n\t\t\t\t\t\t<\/div>\n\t\t\t\t<div class=\"elementor-element elementor-element-b9c8382 elementor-widget elementor-widget-heading\" data-id=\"b9c8382\" data-element_type=\"widget\" data-e-type=\"widget\" data-widget_type=\"heading.default\">\n\t\t\t\t\t<h2 class=\"elementor-heading-title elementor-size-default\">No, el aire es necesario para respirar. \u00a1Un taller definitivamente tiene sentido!<\/h2>\t\t\t\t<\/div>\n\t\t\t\t<div class=\"elementor-element elementor-element-0837066 elementor-widget elementor-widget-text-editor\" data-id=\"0837066\" data-element_type=\"widget\" data-e-type=\"widget\" data-widget_type=\"text-editor.default\">\n\t\t\t\t\t\t\t\t\t<p style=\"text-align: center\">No puedo escribir aqu\u00ed sobre el p\u00fablico en general ni sobre los proveedores individuales de los talleres, porque cada uno tiene sus propias experiencias y procesos.<\/p><p style=\"text-align: center\"><strong><span style=\"text-decoration: underline\">\u00a1En esta publicaci\u00f3n de blog discutir\u00e9 mis puntos de vista y har\u00e9 referencia a los cursos que ofrezco!<\/span><\/strong><\/p><p style=\"text-align: center\">Por supuesto, hay muchos libros, v\u00eddeos e instrucciones sobre el tema del bondage o shibari. Puedes mirar todo en Internet, leer sobre ello y luego probarlo. Al igual que con una clase de cocina o de baile, \u00a1aprendes m\u00e1s r\u00e1pido y por supuesto mejor si te lo ense\u00f1an correctamente! Puede hacer sus preguntas de inmediato, obtener una respuesta de inmediato y, adem\u00e1s, \u00a1hay consejos y trucos!<strong><span style=\"color: #ff0000\">\u00a0<\/span>\u00a0<\/strong> \u00a0 \u00a0 \u00a0 \u00a0 \u00a0\u00a0<\/p><p style=\"text-align: center\">Ahora muchos de vosotros os estar\u00e9is preguntando:<\/p><p style=\"text-align: center\"><strong><span style=\"color: #ff0000\">Uno de los puntos m\u00e1s importantes, ni siquiera el m\u00e1s importante, es la seguridad. <\/span><\/strong><\/p><p style=\"text-align: center\"><strong><span style=\"text-decoration: underline\">\u00bfPor qu\u00e9 seguridad? \u00a1Solo quiero atar a mi pareja!<\/span><\/strong><\/p><p style=\"text-align: center\">Bueno, dado que nuestros cuerpos son muy sensibles a las influencias externas, cualquiera que los ate deber\u00eda saber exactamente lo que est\u00e1n haciendo. Todo comienza con los nudos adecuados, que no deber\u00edan aflojarse ni apretarse de forma indeseable. Seguimos con la gu\u00eda de cuerda. \u00bfC\u00f3mo deben correr las cuerdas para no herir accidentalmente a la otra persona? \u00bfD\u00f3nde hay que prestar atenci\u00f3n a los nervios y vasos sangu\u00edneos? \u00bfQu\u00e9 pasa con las numerosas articulaciones? \u00a1Estas preguntas y por supuesto m\u00e1s deber\u00edan responderse en un taller!<\/p><p style=\"text-align: center\">La disciplina suprema y, a menudo, el punto culminante de cada sesi\u00f3n de bondage es la llamada suspensi\u00f3n (bondage colgante), en la que la persona atada cuelga libremente s\u00f3lo de cuerdas. \u00a1Cualquiera puede imaginarse el estr\u00e9s que esto supone para nuestro cuerpo y cu\u00e1n grandes son los posibles peligros! Realmente no quiero asustar a nadie, porque el bondage colgante es una gran experiencia que todo aquel a quien le guste estar atado deber\u00eda experimentar. Sin embargo, s\u00f3lo participe en una suspensi\u00f3n si est\u00e1 seguro de que la persona con la que est\u00e1 hablando sabe exactamente lo que est\u00e1 haciendo. \u00a1Y vosotros, queridos atados, sed siempre conscientes de que una persona atada se entrega por completo y s\u00f3lo vosotros ten\u00e9is toda la responsabilidad!<\/p><p style=\"text-align: center\">Ahora bien, incluso con la mejor preparaci\u00f3n y conocimiento, algo puede salir mal. Incluso en un caso as\u00ed, que por supuesto nadie quiere, siempre hay que estar preparado para poder reaccionar lo m\u00e1s r\u00e1pido posible.<\/p><p style=\"text-align: center\">Creo que cuando se trata del tema de la seguridad, todos nos dimos cuenta de que un taller realmente tiene sentido. Despu\u00e9s de todo, \u00a1el bondage debe ser divertido y no terminar con una visita al m\u00e9dico!<\/p><p style=\"text-align: center\">Adem\u00e1s, en un taller para principiantes tambi\u00e9n deber\u00edas tener la oportunidad de abordar los diferentes tipos de cuerdas y sus ventajas y desventajas, para poder tener una idea de qu\u00e9 cuerdas deber\u00edas comprar t\u00fa mismo m\u00e1s adelante.<\/p><p style=\"text-align: center\">\u00a0<\/p><p style=\"text-align: center\"><strong><span style=\"color: #212157\">Despu\u00e9s de todo el discurso o la novela sobre seguridad, \u00a1no quiero asustarte de ninguna manera para que no trabajes con las cuerdas!<\/span><\/strong><\/p><p style=\"text-align: center\"><b>(Al contrario, de lo contrario nunca habr\u00eda creado el sitio)<\/b><\/p><p style=\"text-align: center\">Generalmente ofrezco talleres para parejas o dos personas, ya que puedes aprender mucho m\u00e1s r\u00e1pido y mejor que en los llamados talleres grupales con diez personas o m\u00e1s.<\/p>\t\t\t\t\t\t\t\t<\/div>\n\t\t\t\t<\/div>\n\t\t\t\t\t<\/div>\n\t\t\t\t<\/div>\n\t\t\t\t<\/div>","protected":false},"excerpt":{"rendered":"<p>Ist so ein Workshop \u00fcberhaupt notwendig? Nein, notwendig ist die Luft zum Atmen. Ein Workshop ist auf jeden Fall sinnvoll! Ich kann hier nicht \u00fcber die Allgemeinheit schreiben oder \u00fcber die einzelnen Workshopanbieter,denn jeder hat seine eigenen Erfahrunngen und Abl\u00e4ufe. In diesem Blogeintrag gehe ich auf meine Ansichten ein und beziehe mich auf die von [&hellip;]<\/p>\n","protected":false},"author":3,"featured_media":0,"parent":0,"menu_order":0,"comment_status":"closed","ping_status":"closed","template":"elementor_header_footer","meta":{"footnotes":""},"class_list":["post-1108","page","type-page","status-publish","hentry"],"_links":{"self":[{"href":"https:\/\/bavarian-bondage.de\/es\/wp-json\/wp\/v2\/pages\/1108","targetHints":{"allow":["GET"]}}],"collection":[{"href":"https:\/\/bavarian-bondage.de\/es\/wp-json\/wp\/v2\/pages"}],"about":[{"href":"https:\/\/bavarian-bondage.de\/es\/wp-json\/wp\/v2\/types\/page"}],"author":[{"embeddable":true,"href":"https:\/\/bavarian-bondage.de\/es\/wp-json\/wp\/v2\/users\/3"}],"replies":[{"embeddable":true,"href":"https:\/\/bavarian-bondage.de\/es\/wp-json\/wp\/v2\/comments?post=1108"}],"version-history":[{"count":8,"href":"https:\/\/bavarian-bondage.de\/es\/wp-json\/wp\/v2\/pages\/1108\/revisions"}],"predecessor-version":[{"id":12816,"href":"https:\/\/bavarian-bondage.de\/es\/wp-json\/wp\/v2\/pages\/1108\/revisions\/12816"}],"wp:attachment":[{"href":"https:\/\/bavarian-bondage.de\/es\/wp-json\/wp\/v2\/media?parent=1108"}],"curies":[{"name":"gracias","href":"https:\/\/api.w.org\/{rel}","templated":true}]}}