{"id":1120,"date":"2016-01-25T17:04:15","date_gmt":"2016-01-25T16:04:15","guid":{"rendered":"https:\/\/bavarian-bondage.mysupr.de\/workshops\/"},"modified":"2026-03-19T06:56:53","modified_gmt":"2026-03-19T05:56:53","slug":"talleres","status":"publish","type":"page","link":"https:\/\/bavarian-bondage.de\/es\/workshops\/","title":{"rendered":"Talleres"},"content":{"rendered":"<div data-elementor-type=\"wp-post\" data-elementor-id=\"1120\" class=\"elementor elementor-1120\" data-elementor-post-type=\"page\">\n\t\t\t\t<div class=\"elementor-element elementor-element-207c85f e-flex e-con-boxed e-con e-parent\" data-id=\"207c85f\" data-element_type=\"container\" data-e-type=\"container\">\n\t\t\t\t\t<div class=\"e-con-inner\">\n\t\t<div class=\"elementor-element elementor-element-7a219d3 e-con-full e-flex e-con e-child\" data-id=\"7a219d3\" data-element_type=\"container\" data-e-type=\"container\">\n\t\t\t\t<div class=\"elementor-element elementor-element-6f55626 elementor-widget elementor-widget-heading\" data-id=\"6f55626\" data-element_type=\"widget\" data-e-type=\"widget\" data-widget_type=\"heading.default\">\n\t\t\t\t\t<h2 class=\"elementor-heading-title elementor-size-default\">Talleres<\/h2>\t\t\t\t<\/div>\n\t\t\t\t<div class=\"elementor-element elementor-element-f6b62fc elementor-widget elementor-widget-heading\" data-id=\"f6b62fc\" data-element_type=\"widget\" data-e-type=\"widget\" data-widget_type=\"heading.default\">\n\t\t\t\t\t<h2 class=\"elementor-heading-title elementor-size-default\">individual * personal * privado * discreto<\/h2>\t\t\t\t<\/div>\n\t\t\t\t<div class=\"elementor-element elementor-element-3484915 elementor-widget elementor-widget-text-editor\" data-id=\"3484915\" data-element_type=\"widget\" data-e-type=\"widget\" data-widget_type=\"text-editor.default\">\n\t\t\t\t\t\t\t\t\t<p style=\"text-align: center\">No importa si eres principiante en el campo o ya tienes experiencia en el uso de la cuerda. Lo principal es que t\u00fa y tu pareja os divirt\u00e1is con ello. Por supuesto, quiero que los cursos sean lo m\u00e1s individuales posible e intentar responder lo mejor que pueda a sus deseos y experiencias.<\/p><p style=\"text-align: center\"><strong><span style=\"text-decoration: underline;color: #000080\">\u00a1Arma tu programa personal y cont\u00e1ctame!<\/span><\/strong><\/p><p>\u00a0<\/p><p style=\"text-align: center\">Todos los cursos ofrecidos, as\u00ed como el precio, est\u00e1n basados en dos personas. \u00a1Por supuesto, tambi\u00e9n es posible realizar talleres individuales (con modelo), as\u00ed como para grupos o solicitudes individuales, previa cita!<\/p><p style=\"text-align: center\">Si no tienes pareja en estos momentos, preg\u00fantale a alg\u00fan amigo o conocido. No te preocupes, un taller no tiene nada que ver con conductas inmorales.<\/p><p style=\"text-align: center\">Entonces, \u00bfpor qu\u00e9 no un taller de bondage en lugar de un cine o un pub?<\/p><p style=\"text-align: center\">\u00a0<\/p><p>\u00a0<\/p><p style=\"text-align: center\"><strong><span style=\"text-decoration: underline\"><span style=\"color: #000080;text-decoration: underline\">Lo que nos lleva al tema de la ropa:<\/span><\/span><\/strong><\/p><p style=\"text-align: center\">Debe ser deportivo y c\u00f3modo y algo ce\u00f1ido al cuerpo para que puedas guiar bien las cuerdas.<\/p><p style=\"text-align: center\">(Tambi\u00e9n es posible usar traje de nieve, pero es un poco inapropiado ^^)<\/p><p style=\"text-align: center\">Adem\u00e1s, al elegir la ropa, se debe tener cuidado de evitar botones, hebillas de cintur\u00f3n, sujetadores con aros, joyas y similares. De esta forma se pueden evitar puntos de presi\u00f3n y lesiones causadas por cuerdas.<\/p><p style=\"text-align: center\">\u00a0<\/p><p>\u00a0<\/p><p style=\"text-align: center\"><span style=\"color: #000080\"><strong><span style=\"text-decoration: underline\">La ubicaci\u00f3n del evento:<\/span><\/strong><\/span><\/p>\t\t\t\t\t\t\t\t<\/div>\n\t\t\t\t<div class=\"elementor-element elementor-element-cb62c80 elementor-widget elementor-widget-text-editor\" data-id=\"cb62c80\" data-element_type=\"widget\" data-e-type=\"widget\" data-widget_type=\"text-editor.default\">\n\t\t\t\t\t\t\t\t\t<p style=\"text-align: center\">Andr\u00e9s Venus<\/p><p style=\"text-align: center\">Haidberg 2<\/p><p style=\"text-align: center\">94379 Sankt Englmar<\/p>\t\t\t\t\t\t\t\t<\/div>\n\t\t\t\t<div class=\"elementor-element elementor-element-9ccdabc elementor-widget elementor-widget-text-editor\" data-id=\"9ccdabc\" data-element_type=\"widget\" data-e-type=\"widget\" data-widget_type=\"text-editor.default\">\n\t\t\t\t\t\t\t\t\t<p style=\"text-align: center\"><strong>Participaci\u00f3n a partir de 18 a\u00f1os.<\/strong><\/p><p style=\"text-align: center\"><span style=\"color: #808080\">(si hay discrepancias, verificaci\u00f3n de identificaci\u00f3n)<\/span><\/p><p style=\"text-align: center\">Citas por tel\u00e9fono o acuerdo escrito.<\/p><p style=\"text-align: center\">\u00a0<\/p>\t\t\t\t\t\t\t\t<\/div>\n\t\t\t\t<div class=\"elementor-element elementor-element-daae2fe premium-lq__none elementor-widget elementor-widget-premium-addon-button\" data-id=\"daae2fe\" data-element_type=\"widget\" data-e-type=\"widget\" data-widget_type=\"premium-addon-button.default\">\n\t\t\t\t\t\n\n\t\t<a class=\"premium-button premium-button-none premium-btn-md premium-button-none\" href=\"https:\/\/bavarian-bondage.de\/es\/formulario-de-contacto\/\">\n\t\t\t<div class=\"premium-button-text-icon-wrapper\">\n\t\t\t\t\n\t\t\t\t\t\t\t\t\t<span >\n\t\t\t\t\t\tFormulario de contacto\t\t\t\t\t<\/span>\n\t\t\t\t\t\t\t<\/div>\n\n\t\t\t\n\t\t\t\n\t\t\t\n\t\t<\/a>\n\n\n\t\t\t\t\t\t<\/div>\n\t\t\t\t<div class=\"elementor-element elementor-element-adc6e7d elementor-widget-divider--view-line elementor-widget elementor-widget-divider\" data-id=\"adc6e7d\" data-element_type=\"widget\" data-e-type=\"widget\" data-widget_type=\"divider.default\">\n\t\t\t\t\t\t\t<div class=\"elementor-divider\">\n\t\t\t<span class=\"elementor-divider-separator\">\n\t\t\t\t\t\t<\/span>\n\t\t<\/div>\n\t\t\t\t\t\t<\/div>\n\t\t\t\t<\/div>\n\t\t\t\t\t<\/div>\n\t\t\t\t<\/div>\n\t\t<div class=\"elementor-element elementor-element-082562f e-flex e-con-boxed e-con e-parent\" data-id=\"082562f\" data-element_type=\"container\" data-e-type=\"container\">\n\t\t\t\t\t<div class=\"e-con-inner\">\n\t\t<div class=\"elementor-element elementor-element-f4525ca e-con-full e-flex e-con e-child\" data-id=\"f4525ca\" data-element_type=\"container\" data-e-type=\"container\">\n\t\t\t\t<div class=\"elementor-element elementor-element-6228073 elementor-widget elementor-widget-heading\" data-id=\"6228073\" data-element_type=\"widget\" data-e-type=\"widget\" data-widget_type=\"heading.default\">\n\t\t\t\t\t<h2 class=\"elementor-heading-title elementor-size-default\">Aktuell werden keine Workshops angeboten!<\/h2>\t\t\t\t<\/div>\n\t\t\t\t<\/div>\n\t\t\t\t\t<\/div>\n\t\t\t\t<\/div>\n\t\t<div class=\"elementor-element elementor-element-7fc534f e-flex e-con-boxed e-con e-parent\" data-id=\"7fc534f\" data-element_type=\"container\" data-e-type=\"container\">\n\t\t\t\t\t<div class=\"e-con-inner\">\n\t\t\t\t<div class=\"elementor-element elementor-element-25b5f95 elementor-position-top elementor-widget elementor-widget-image-box\" data-id=\"25b5f95\" data-element_type=\"widget\" data-e-type=\"widget\" data-widget_type=\"image-box.default\">\n\t\t\t\t\t<div class=\"elementor-image-box-wrapper\"><figure class=\"elementor-image-box-img\"><a href=\"https:\/\/bavarian-bondage.de\/es\/taller-para-principiantes\/\" tabindex=\"-1\"><img decoding=\"async\" src=\"https:\/\/bavarian-bondage.de\/wp-content\/plugins\/elementor\/assets\/images\/placeholder.png\" title=\"\" alt=\"\" loading=\"lazy\"><\/a><\/figure><div class=\"elementor-image-box-content\"><h3 class=\"elementor-image-box-title\"><a href=\"https:\/\/bavarian-bondage.de\/es\/taller-para-principiantes\/\">Taller para principiantes<\/a><\/h3><\/div><\/div>\t\t\t\t<\/div>\n\t\t\t\t<div class=\"elementor-element elementor-element-aba3e8c elementor-position-top elementor-widget elementor-widget-image-box\" data-id=\"aba3e8c\" data-element_type=\"widget\" data-e-type=\"widget\" data-widget_type=\"image-box.default\">\n\t\t\t\t\t<div class=\"elementor-image-box-wrapper\"><figure class=\"elementor-image-box-img\"><a href=\"https:\/\/bavarian-bondage.de\/es\/taller-avanzado\/\" tabindex=\"-1\"><img decoding=\"async\" src=\"https:\/\/bavarian-bondage.de\/wp-content\/plugins\/elementor\/assets\/images\/placeholder.png\" title=\"\" alt=\"\" loading=\"lazy\"><\/a><\/figure><div class=\"elementor-image-box-content\"><h3 class=\"elementor-image-box-title\"><a href=\"https:\/\/bavarian-bondage.de\/es\/taller-avanzado\/\">Taller avanzado<\/a><\/h3><\/div><\/div>\t\t\t\t<\/div>\n\t\t\t\t\t<\/div>\n\t\t\t\t<\/div>\n\t\t\t\t<\/div>","protected":false},"excerpt":{"rendered":"<p>Workshops individuell * pers\u00f6nlich * privat * diskret Ob Du nun Einsteiger auf dem Gebiet bist oder schon Erfahrung im Umgang mit dem Seil hast, spielt keine Rolle. Die Hauptsache Du und dein Partner habt Spa\u00df daran. Selbstverst\u00e4ndlich m\u00f6chte ich die Kurse so individuell wie m\u00f6glich gestalten und versuche so gut es geht auf Deine [&hellip;]<\/p>\n","protected":false},"author":3,"featured_media":0,"parent":0,"menu_order":0,"comment_status":"closed","ping_status":"closed","template":"elementor_header_footer","meta":{"footnotes":""},"class_list":["post-1120","page","type-page","status-publish","hentry"],"_links":{"self":[{"href":"https:\/\/bavarian-bondage.de\/es\/wp-json\/wp\/v2\/pages\/1120","targetHints":{"allow":["GET"]}}],"collection":[{"href":"https:\/\/bavarian-bondage.de\/es\/wp-json\/wp\/v2\/pages"}],"about":[{"href":"https:\/\/bavarian-bondage.de\/es\/wp-json\/wp\/v2\/types\/page"}],"author":[{"embeddable":true,"href":"https:\/\/bavarian-bondage.de\/es\/wp-json\/wp\/v2\/users\/3"}],"replies":[{"embeddable":true,"href":"https:\/\/bavarian-bondage.de\/es\/wp-json\/wp\/v2\/comments?post=1120"}],"version-history":[{"count":5,"href":"https:\/\/bavarian-bondage.de\/es\/wp-json\/wp\/v2\/pages\/1120\/revisions"}],"predecessor-version":[{"id":16989,"href":"https:\/\/bavarian-bondage.de\/es\/wp-json\/wp\/v2\/pages\/1120\/revisions\/16989"}],"wp:attachment":[{"href":"https:\/\/bavarian-bondage.de\/es\/wp-json\/wp\/v2\/media?parent=1120"}],"curies":[{"name":"gracias","href":"https:\/\/api.w.org\/{rel}","templated":true}]}}