{"id":1139,"date":"2016-05-24T16:03:59","date_gmt":"2016-05-24T14:03:59","guid":{"rendered":"https:\/\/bavarian-bondage.mysupr.de\/ueber-mich\/"},"modified":"2023-02-02T13:46:18","modified_gmt":"2023-02-02T12:46:18","slug":"acerca-de-mi","status":"publish","type":"page","link":"https:\/\/bavarian-bondage.de\/es\/ueber-mich\/","title":{"rendered":"Acerca de m\u00ed"},"content":{"rendered":"<div data-elementor-type=\"wp-post\" data-elementor-id=\"1139\" class=\"elementor elementor-1139\" data-elementor-post-type=\"page\">\n\t\t\t\t\t\t<section class=\"elementor-section elementor-top-section elementor-element elementor-element-c0abc2b elementor-section-boxed elementor-section-height-default elementor-section-height-default\" data-id=\"c0abc2b\" data-element_type=\"section\" data-e-type=\"section\">\n\t\t\t\t\t\t<div class=\"elementor-container elementor-column-gap-default\">\n\t\t\t\t\t<div class=\"elementor-column elementor-col-100 elementor-top-column elementor-element elementor-element-a395192\" data-id=\"a395192\" data-element_type=\"column\" data-e-type=\"column\">\n\t\t\t<div class=\"elementor-widget-wrap elementor-element-populated\">\n\t\t\t\t\t\t<div class=\"elementor-element elementor-element-923671e elementor-widget elementor-widget-heading\" data-id=\"923671e\" data-element_type=\"widget\" data-e-type=\"widget\" data-widget_type=\"heading.default\">\n\t\t\t\t\t<h2 class=\"elementor-heading-title elementor-size-default\">Tiempo para momentos cautivadores<\/h2>\t\t\t\t<\/div>\n\t\t\t\t<div class=\"elementor-element elementor-element-0865faa elementor-widget elementor-widget-text-editor\" data-id=\"0865faa\" data-element_type=\"widget\" data-e-type=\"widget\" data-widget_type=\"text-editor.default\">\n\t\t\t\t\t\t\t\t\t<p style=\"text-align: center\">En las siguientes l\u00edneas descubrir\u00e1s un par de cosas sobre m\u00ed, el sitio y la tienda.<br \/>\u00a1Y por qu\u00e9 has venido al lugar correcto!<\/p><p style=\"text-align: center\">Para que la lectura sea menos aburrida, s\u00f3lo escribo los detalles m\u00e1s importantes y no una novela.<\/p><p style=\"text-align: center\">Empezar\u00e9 conmigo mismo para que sepas qui\u00e9n es el responsable de la p\u00e1gina de inicio, los talleres, los productos y, por supuesto, de errores tipogr\u00e1ficos ocasionales ^^<\/p><p style=\"text-align: center\">Mi nombre es Andreas, tengo 37 a\u00f1os y trabajo desde hace mucho tiempo en el sector de la restauraci\u00f3n. Durante m\u00e1s de 17 a\u00f1os he estado involucrado con el bondage y el shibari, a veces con m\u00e1s intensidad y a veces con menos intensidad. En los \u00faltimos a\u00f1os, para m\u00ed casi todo ha girado en torno a este tema. ^^<\/p><p style=\"text-align: center\"><span style=\"color: #000000\"><strong>\u00a1Cae ante las cuerdas!<\/strong><\/span><\/p><p style=\"text-align: center\">\u00a1Es exactamente esta pasi\u00f3n la que me gustar\u00eda mostrarles en mi p\u00e1gina de inicio! Bondage es m\u00e1s que simplemente atar a alguien, m\u00e1s que jugar, \u00a1m\u00e1s de lo que el nombre bondage puede decir siquiera!<\/p><p style=\"text-align: center\"><span style=\"color: #0000ff\"><strong>Tiempo para momentos cautivadores<\/strong><\/span><\/p><p style=\"text-align: center\">\u00a1Es m\u00e1s que un simple eslogan para m\u00ed!<\/p><p style=\"text-align: center\">\u2665<\/p><h3 style=\"text-align: center\"><strong>la idea<\/strong><\/h3><p style=\"text-align: center\">La idea de crear bavarian-bondage.de surgi\u00f3 en el verano de 2015 tras un taller privado de bondage. Unos meses m\u00e1s tarde, la planificaci\u00f3n del sitio realmente comenz\u00f3, con un blog, instrucciones, talleres y el objetivo de difundir el bondage y el shibari y transmitir la alegr\u00eda del bondage a la gente.<\/p><p style=\"text-align: center\">En medio de la planificaci\u00f3n y despu\u00e9s de una decepcionante compra de cuerdas, surgi\u00f3 otra idea.\u00a0<\/p><p style=\"text-align: center\">\u2665<\/p><h3 style=\"text-align: center\"><strong>\u00a1Una tienda en l\u00ednea!<\/strong><\/h3><p style=\"text-align: center\">Una tienda que impresiona a sus clientes con individualidad, creatividad y calidad razonable. La tienda que se destaca entre la multitud con un dise\u00f1o memorable y autenticidad. Fiel al lema &quot;Calidad en lugar de cantidad&quot;, mis productos son en su mayor\u00eda hechos a mano y personalizables individualmente.<\/p><p style=\"text-align: center\">\u2665<\/p><h3 style=\"text-align: center\"><strong>Talleres:<\/strong>\u00a0<\/h3><p style=\"text-align: center\">A menudo se lee sobre las referencias que tienen los proveedores; qu\u00e9 tan buenos son los talleres que se ofrecen; \u00bfPuede el proveedor hacer algo? y \u00bfmerece la pena participar?<\/p><p style=\"text-align: center\">No. No recib\u00ed ninguna formaci\u00f3n en Jap\u00f3n, no soy autor y tampoco soy conocido a trav\u00e9s de reportajes televisivos o v\u00eddeos en Internet. Mis referencias se encuentran en los a\u00f1os de experiencia que he adquirido a trav\u00e9s de numerosas participaciones en cursos y por iniciativa propia.<\/p><p style=\"text-align: center\">No me veo como un artista de bondage, un maestro de shibari o un profesor. No, solo soy yo, me gusta transmitir mis conocimientos y mostrarte c\u00f3mo usar las cuerdas.<\/p><p style=\"text-align: center\">Tienes que decidir por ti mismo si vale la pena participar en mis talleres. En cualquier caso, siempre intento hacer lo mejor que puedo y responder a ti y a tus deseos de aprendizaje lo mejor que puedo.<\/p><p style=\"text-align: center\">\u2665<\/p><h3 style=\"text-align: center\"><strong>el nombre<\/strong><\/h3><p style=\"text-align: center\">El nombre de mi sitio o tienda es muy regional porque el objetivo estuvo claramente definido desde el principio. Ofreciendo talleres para personas de mi zona.<\/p><p style=\"text-align: center\">Queda por ver si Bavarian Bondage es adecuado para una tienda online. Creo que el nombre es bueno y seguir\u00e1 as\u00ed en el futuro ^^\u00a0<\/p><p style=\"text-align: center\">\u2665<\/p><h3 style=\"text-align: center\"><strong>El futuro de la esclavitud b\u00e1vara<\/strong><\/h3><p style=\"text-align: center\">Qui\u00e9n sabe lo que nos deparar\u00e1 el futuro. Definitivamente, mis objetivos son continuar expandiendo el sitio, ofrecer siempre nuevos productos, escribir entradas en el blog, tal vez crear algunas instrucciones de bondage, etc. Por supuesto, no de la noche a la ma\u00f1ana, pero el viaje es el objetivo y \u00a1me apego a \u00e9l!<\/p><p style=\"text-align: center\">Empec\u00e9 a ofrecer mis productos peri\u00f3dicamente en ferias y diversos eventos para poder dar a mis clientes la oportunidad de ver las ofertas y, por supuesto, a cualquiera que quisiera conocerme in situ. Cu\u00e1ndo y d\u00f3nde tendr\u00e9 un stand se actualizar\u00e1 peri\u00f3dicamente en la p\u00e1gina de inicio.<\/p><p style=\"text-align: center\">\u2665<\/p><h3 style=\"text-align: center\"><strong>Lo m\u00e1s importante llega al final.<\/strong><\/h3><p style=\"text-align: center\">\u00bf\u00a1De qu\u00e9 sirven las mejores ideas, el dise\u00f1o m\u00e1s bonito y la buena voluntad!? Al final nada, un sitio o una tienda s\u00f3lo vive de la confianza de sus visitantes, de sus clientes. \u00a1Lo m\u00e1s importante en todo el sitio eres t\u00fa!<\/p><p style=\"text-align: center\">Espero que haya podido tener una peque\u00f1a impresi\u00f3n de m\u00ed, mi sitio y los objetivos que persigo.<\/p><p style=\"text-align: center\">Por supuesto, siempre estoy disponible para responder a tus preguntas y sugerencias.<\/p><p style=\"text-align: center\"><strong>saludos andreas<\/strong><\/p>\t\t\t\t\t\t\t\t<\/div>\n\t\t\t\t\t<\/div>\n\t\t<\/div>\n\t\t\t\t\t<\/div>\n\t\t<\/section>\n\t\t\t\t<\/div>","protected":false},"excerpt":{"rendered":"<p>Zeit f\u00fcr fesselnde Momente In den folgenden Zeilen erf\u00e4hrst Du das ein oder andere \u00fcber mich, die Seite, den Shopund warum Du hier genau richtig bist! Damit das lesen nicht ganz so langweilig wird, schreibe ich nur die wichtigsten Details und keinen Roman. Ich beginne jetzt einfach mal bei mir, damit du wei\u00dft wer f\u00fcr [&hellip;]<\/p>\n","protected":false},"author":3,"featured_media":0,"parent":0,"menu_order":0,"comment_status":"closed","ping_status":"closed","template":"elementor_header_footer","meta":{"footnotes":""},"class_list":["post-1139","page","type-page","status-publish","hentry"],"_links":{"self":[{"href":"https:\/\/bavarian-bondage.de\/es\/wp-json\/wp\/v2\/pages\/1139","targetHints":{"allow":["GET"]}}],"collection":[{"href":"https:\/\/bavarian-bondage.de\/es\/wp-json\/wp\/v2\/pages"}],"about":[{"href":"https:\/\/bavarian-bondage.de\/es\/wp-json\/wp\/v2\/types\/page"}],"author":[{"embeddable":true,"href":"https:\/\/bavarian-bondage.de\/es\/wp-json\/wp\/v2\/users\/3"}],"replies":[{"embeddable":true,"href":"https:\/\/bavarian-bondage.de\/es\/wp-json\/wp\/v2\/comments?post=1139"}],"version-history":[{"count":8,"href":"https:\/\/bavarian-bondage.de\/es\/wp-json\/wp\/v2\/pages\/1139\/revisions"}],"predecessor-version":[{"id":9546,"href":"https:\/\/bavarian-bondage.de\/es\/wp-json\/wp\/v2\/pages\/1139\/revisions\/9546"}],"wp:attachment":[{"href":"https:\/\/bavarian-bondage.de\/es\/wp-json\/wp\/v2\/media?parent=1139"}],"curies":[{"name":"gracias","href":"https:\/\/api.w.org\/{rel}","templated":true}]}}