{"id":1145,"date":"2016-06-01T10:24:58","date_gmt":"2016-06-01T08:24:58","guid":{"rendered":"https:\/\/bavarian-bondage.mysupr.de\/widerrufsrecht-fuer-waren\/"},"modified":"2025-07-20T08:32:20","modified_gmt":"2025-07-20T06:32:20","slug":"derecho-de-desistimiento-de-bienes","status":"publish","type":"page","link":"https:\/\/bavarian-bondage.de\/es\/widerrufsrecht-fuer-waren\/","title":{"rendered":"Derecho de desistimiento de bienes"},"content":{"rendered":"<div data-elementor-type=\"wp-post\" data-elementor-id=\"1145\" class=\"elementor elementor-1145\" data-elementor-post-type=\"page\">\n\t\t\t\t<div class=\"elementor-element elementor-element-eb1d6f5 e-flex e-con-boxed e-con e-parent\" data-id=\"eb1d6f5\" data-element_type=\"container\" data-e-type=\"container\">\n\t\t\t\t\t<div class=\"e-con-inner\">\n\t\t\t\t<div class=\"elementor-element elementor-element-7a6ac82 elementor-widget elementor-widget-text-editor\" data-id=\"7a6ac82\" data-element_type=\"widget\" data-e-type=\"widget\" data-widget_type=\"text-editor.default\">\n\t\t\t\t\t\t\t\t\t<p><strong>Derecho de desistimiento para los consumidores\u00a0<\/strong><br \/>(Un consumidor es cualquier persona f\u00edsica que celebra un negocio jur\u00eddico con fines que no pueden atribuirse principalmente a su actividad comercial o profesional independiente).<br \/><br \/><strong>Pol\u00edtica de cancelaci\u00f3n<\/strong><br \/><br \/><strong>Derecho de desistimiento<\/strong><br \/>Tiene derecho a cancelar este contrato dentro de los 14 d\u00edas sin dar motivos.<br \/>El plazo de cancelaci\u00f3n es de 14 d\u00edas a partir del d\u00eda<br \/><br \/>\u2013 en el que usted o un tercero nombrado por usted que no sea el transportista haya tomado o haya tomado posesi\u00f3n de las mercanc\u00edas, siempre que haya pedido una o m\u00e1s mercanc\u00edas como parte de un pedido uniforme y \u00e9stas se entreguen o se entreguen de manera uniforme;<br \/><br \/>\u2013 en el que usted o un tercero designado por usted que no sea el transportista tom\u00f3 posesi\u00f3n de la \u00faltima mercanc\u00eda, siempre que haya pedido varias mercanc\u00edas como parte de un solo pedido y \u00e9stas se entreguen por separado;<br \/><br \/>Para ejercer su derecho de desistimiento debe contactar con nosotros\u00a0<strong>(Andreas Venus, Haidberg 2, 94379 Sankt Englmar, n\u00famero de tel\u00e9fono: 016091594448, direcci\u00f3n de correo electr\u00f3nico: info@bavarian-bondage.de)<\/strong>\u00a0informarle de su decisi\u00f3n de desistir de este contrato mediante una declaraci\u00f3n clara (por ejemplo, una carta enviada por correo postal o un correo electr\u00f3nico). Puede utilizar el modelo de formulario de cancelaci\u00f3n adjunto, aunque no es obligatorio.<br \/><br \/>Para cumplir con el plazo de cancelaci\u00f3n, basta con que env\u00ede la notificaci\u00f3n de su ejercicio del derecho de cancelaci\u00f3n antes de que expire el plazo de cancelaci\u00f3n.<br \/><br \/><strong>Consecuencias de la revocaci\u00f3n<\/strong><br \/><br \/>Si cancela este contrato, le reembolsaremos todos los pagos recibidos de usted, incluidos los costos de env\u00edo (excepto cualquier costo adicional que surja de su elecci\u00f3n de un m\u00e9todo de entrega distinto de la entrega est\u00e1ndar m\u00e1s barata que ofrecemos, que se reembolsar\u00e1 de inmediato y en el a m\u00e1s tardar dentro de los 14 d\u00edas siguientes al d\u00eda en que recibimos la notificaci\u00f3n de su cancelaci\u00f3n de este contrato. Para este reembolso utilizamos el mismo m\u00e9todo de pago que usted utiliz\u00f3 para la transacci\u00f3n original, a menos que se haya acordado expresamente algo diferente con usted; bajo ninguna circunstancia se le cobrar\u00e1 ninguna tarifa como resultado de este reembolso.<br \/><br \/>Podemos rechazar el reembolso hasta que hayamos recibido los productos de vuelta o hasta que usted haya proporcionado pruebas de que los ha devuelto, lo que ocurra primero.<br \/><br \/>Deber\u00e1 devolvernos o entregarnos la mercanc\u00eda inmediatamente y, en cualquier caso, a m\u00e1s tardar 14 d\u00edas despu\u00e9s del d\u00eda en que nos informe de su cancelaci\u00f3n de este contrato. El plazo se cumple si env\u00eda la mercanc\u00eda antes de que expire el plazo de 14 d\u00edas.<br \/><br \/>Usted asume los costes directos de devoluci\u00f3n de la mercanc\u00eda.<br \/><br \/>Usted s\u00f3lo es responsable de cualquier p\u00e9rdida de valor de los bienes si esta p\u00e9rdida de valor se debe a una manipulaci\u00f3n distinta a la necesaria para establecer la naturaleza, caracter\u00edsticas y funcionalidad de los bienes.<br \/><br \/><strong>Motivos de exclusi\u00f3n o caducidad<\/strong><br \/><br \/>El derecho de desistimiento no se aplica a los contratos.<br \/><br \/>\u2013 para el suministro de bienes que no sean prefabricados y para cuya producci\u00f3n sea decisiva una selecci\u00f3n o determinaci\u00f3n individual por parte del consumidor o que est\u00e9n claramente adaptados a las necesidades personales del consumidor;<br \/>\u2013 para la entrega de mercanc\u00edas que puedan estropearse r\u00e1pidamente o cuya fecha de caducidad se supere r\u00e1pidamente;<br \/>\u2013 para la entrega de bebidas alcoh\u00f3licas, cuyo precio se acord\u00f3 al celebrar el contrato, pero que no pueden entregarse antes de 30 d\u00edas despu\u00e9s de la celebraci\u00f3n del contrato y cuyo valor actual depende de las fluctuaciones del mercado sobre las cuales el empresario tiene sin influencia;<br \/>\u2013 para la entrega de peri\u00f3dicos, revistas o revistas con excepci\u00f3n de los contratos de suscripci\u00f3n.<br \/><br \/>El derecho de desistimiento expira prematuramente para los contratos.<br \/><br \/>\u2013 para la entrega de productos precintados que no sean aptos para su devoluci\u00f3n por motivos de protecci\u00f3n de la salud o de higiene si se les ha quitado el precinto despu\u00e9s de la entrega;<br \/>\u2013 para la entrega de bienes si, por su naturaleza, despu\u00e9s de la entrega estuvieran mezclados inseparablemente con otros bienes;<br \/>\u2013 entregar grabaciones de audio o v\u00eddeo o software inform\u00e1tico en un paquete sellado si el precinto ha sido retirado despu\u00e9s de la entrega.<br \/><br \/><\/p><hr \/><p><br \/><strong>Formulario de cancelaci\u00f3n de muestra<\/strong><br \/><br \/>(Si desea cancelar el contrato, complete este formulario y env\u00edelo de regreso).<br \/><br \/>\u2013 A Andreas Venus, Haidberg 2, 94379 Sankt Englmar, direcci\u00f3n de correo electr\u00f3nico: info@bavarian-bondage.de:<br \/><br \/>\u2013 Yo\/nosotros (*) revocamos por la presente el contrato celebrado por m\u00ed\/nosotros (*) para la compra de los siguientes bienes (*)\/<br \/>\u00a0 la prestaci\u00f3n del siguiente servicio (*)<br \/><br \/>\u2013 Pedido el (*)\/recibido el (*)<br \/><br \/>\u2013 Nombre del consumidor(es)<br \/>\u2013 Direcci\u00f3n del consumidor(es)<br \/>\u2013 Firma del consumidor (s\u00f3lo para notificaci\u00f3n en papel)<br \/>- Fecha<br \/><br \/>(*) Eliminar lo que no corresponda.<br \/><br \/><\/p>\t\t\t\t\t\t\t\t<\/div>\n\t\t\t\t\t<\/div>\n\t\t\t\t<\/div>\n\t\t\t\t<\/div>","protected":false},"excerpt":{"rendered":"<p>Widerrufsrecht f\u00fcr Verbraucher\u00a0(Verbraucher ist jede nat\u00fcrliche Person, die ein Rechtsgesch\u00e4ft zu Zwecken abschlie\u00dft, die \u00fcberwiegend weder ihrer gewerblichen noch ihrer selbstst\u00e4ndigen beruflichen T\u00e4tigkeit zugerechnet werden k\u00f6nnen.) Widerrufsbelehrung WiderrufsrechtSie haben das Recht, binnen 14 Tagen ohne Angabe von Gr\u00fcnden diesen Vertrag zu widerrufen.Die Widerrufsfrist betr\u00e4gt 14 Tage ab dem Tag, &#8211; an dem Sie oder ein [&hellip;]<\/p>\n","protected":false},"author":3,"featured_media":0,"parent":0,"menu_order":0,"comment_status":"closed","ping_status":"closed","template":"","meta":{"footnotes":""},"class_list":["post-1145","page","type-page","status-publish","hentry"],"_links":{"self":[{"href":"https:\/\/bavarian-bondage.de\/es\/wp-json\/wp\/v2\/pages\/1145","targetHints":{"allow":["GET"]}}],"collection":[{"href":"https:\/\/bavarian-bondage.de\/es\/wp-json\/wp\/v2\/pages"}],"about":[{"href":"https:\/\/bavarian-bondage.de\/es\/wp-json\/wp\/v2\/types\/page"}],"author":[{"embeddable":true,"href":"https:\/\/bavarian-bondage.de\/es\/wp-json\/wp\/v2\/users\/3"}],"replies":[{"embeddable":true,"href":"https:\/\/bavarian-bondage.de\/es\/wp-json\/wp\/v2\/comments?post=1145"}],"version-history":[{"count":5,"href":"https:\/\/bavarian-bondage.de\/es\/wp-json\/wp\/v2\/pages\/1145\/revisions"}],"predecessor-version":[{"id":15405,"href":"https:\/\/bavarian-bondage.de\/es\/wp-json\/wp\/v2\/pages\/1145\/revisions\/15405"}],"wp:attachment":[{"href":"https:\/\/bavarian-bondage.de\/es\/wp-json\/wp\/v2\/media?parent=1145"}],"curies":[{"name":"gracias","href":"https:\/\/api.w.org\/{rel}","templated":true}]}}