{"id":1146,"date":"2016-06-01T17:42:08","date_gmt":"2016-06-01T15:42:08","guid":{"rendered":"https:\/\/bavarian-bondage.mysupr.de\/widerrufsrecht-fuer-kurse\/"},"modified":"2025-07-20T08:33:24","modified_gmt":"2025-07-20T06:33:24","slug":"derecho-de-desistimiento-de-cursos","status":"publish","type":"page","link":"https:\/\/bavarian-bondage.de\/es\/widerrufsrecht-fuer-kurse\/","title":{"rendered":"Derecho de desistimiento de cursos"},"content":{"rendered":"<div data-elementor-type=\"wp-post\" data-elementor-id=\"1146\" class=\"elementor elementor-1146\" data-elementor-post-type=\"page\">\n\t\t\t\t<div class=\"elementor-element elementor-element-e1f9e83 e-flex e-con-boxed e-con e-parent\" data-id=\"e1f9e83\" data-element_type=\"container\" data-e-type=\"container\">\n\t\t\t\t\t<div class=\"e-con-inner\">\n\t\t\t\t<div class=\"elementor-element elementor-element-f81c21d elementor-widget elementor-widget-text-editor\" data-id=\"f81c21d\" data-element_type=\"widget\" data-e-type=\"widget\" data-widget_type=\"text-editor.default\">\n\t\t\t\t\t\t\t\t\t<p><strong>Derecho de desistimiento para los consumidores<\/strong><br \/>(Un consumidor es cualquier persona f\u00edsica que celebra un negocio jur\u00eddico con fines que no pueden atribuirse principalmente a su actividad comercial o profesional independiente).<br \/><br \/><strong>Pol\u00edtica de cancelaci\u00f3n<\/strong><br \/><br \/><strong>Derecho de desistimiento<\/strong><br \/>Tiene derecho a cancelar este contrato dentro de los catorce d\u00edas sin dar ning\u00fan motivo.<br \/>El plazo de cancelaci\u00f3n es de catorce d\u00edas a partir de la celebraci\u00f3n del contrato.<br \/><br \/>Para ejercer su derecho de desistimiento, debe ponerse en contacto con nosotros (<strong>Andreas Venus, Haidberg 2, 94379 Sankt Englmar, n\u00famero de tel\u00e9fono: 016091594448, direcci\u00f3n de correo electr\u00f3nico: info@bavarian-bondage.de<\/strong>) informarle de su decisi\u00f3n de rescindir este contrato mediante una declaraci\u00f3n clara (por ejemplo, una carta enviada por correo postal o un correo electr\u00f3nico). Puede utilizar el modelo de formulario de cancelaci\u00f3n adjunto, aunque no es obligatorio.<br \/><br \/>Para cumplir con el plazo de cancelaci\u00f3n, basta con que env\u00ede la notificaci\u00f3n de su ejercicio del derecho de cancelaci\u00f3n antes de que expire el plazo de cancelaci\u00f3n.<br \/><br \/><strong>Consecuencias de la revocaci\u00f3n<\/strong><br \/>\u00a0<br \/>Si cancela este contrato, le reembolsaremos todos los pagos recibidos de usted, incluidos los costos de env\u00edo (excepto cualquier costo adicional que surja de su elecci\u00f3n de un m\u00e9todo de entrega distinto de la entrega est\u00e1ndar m\u00e1s barata que ofrecemos, que se reembolsar\u00e1 de inmediato y en el a m\u00e1s tardar dentro de los catorce d\u00edas siguientes al d\u00eda en que recibimos la notificaci\u00f3n de su cancelaci\u00f3n de este contrato. Para este reembolso utilizamos el mismo m\u00e9todo de pago que usted utiliz\u00f3 para la transacci\u00f3n original, a menos que se haya acordado expresamente algo diferente con usted; bajo ninguna circunstancia se le cobrar\u00e1 ninguna tarifa como resultado de este reembolso.<br \/><br \/>Si ha solicitado que los servicios para los cuales el contrato prev\u00e9 el pago de un precio comiencen durante el per\u00edodo de cancelaci\u00f3n, deber\u00e1 pagarnos una cantidad razonable correspondiente a la proporci\u00f3n de los servicios hasta el momento en que nos informe del En el ejercicio del derecho de desistimiento en relaci\u00f3n con el presente contrato, los servicios ya prestados corresponden al alcance total de los servicios previstos en el contrato.<br \/><br \/><strong>Motivos de exclusi\u00f3n o caducidad<\/strong><br \/><br \/>El derecho de desistimiento no se aplica a los contratos de prestaci\u00f3n de servicios relacionados con actividades de ocio si el contrato prev\u00e9 una fecha o plazo determinado para la prestaci\u00f3n.<br \/><br \/>En el caso de un contrato de prestaci\u00f3n de servicios que obliga al consumidor a pagar un precio, el derecho de desistimiento expira con la plena prestaci\u00f3n del servicio, si el consumidor ha acordado expresamente antes del inicio de la prestaci\u00f3n que el empresario comenzar\u00e1 prestaci\u00f3n del servicio antes de la expiraci\u00f3n del plazo comienza el plazo de revocaci\u00f3n y ha confirmado su conocimiento de que su derecho de revocaci\u00f3n expira con el cumplimiento total del contrato por parte del empresario.<\/p><div>\u00a0<\/div><p>\u00a0<\/p><hr \/><p><br \/><strong>Formulario de cancelaci\u00f3n de muestra<\/strong><br \/><br \/>(Si desea cancelar el contrato, complete este formulario y env\u00edelo de regreso).<br \/><br \/>\u2013 A Andreas Venus, Haidberg 2, 94379 Sankt Englmar, direcci\u00f3n de correo electr\u00f3nico: info@bavarian-bondage.de:<br \/><br \/>\u2013 Yo\/nosotros (*) revocamos por la presente el contrato celebrado por m\u00ed\/nosotros (*) para la compra de los siguientes bienes (*)\/<br \/>\u00a0 la prestaci\u00f3n del siguiente servicio (*)<br \/><br \/>\u2013 Pedido el (*)\/recibido el (*)<br \/><br \/>\u2013 Nombre del consumidor(es)<br \/>\u2013 Direcci\u00f3n del consumidor(es)<br \/>\u2013 Firma del consumidor (s\u00f3lo para notificaci\u00f3n en papel)<br \/>- Fecha<br \/><br \/>(*) Eliminar lo que no corresponda.<br \/><br \/><\/p>\t\t\t\t\t\t\t\t<\/div>\n\t\t\t\t\t<\/div>\n\t\t\t\t<\/div>\n\t\t\t\t<\/div>","protected":false},"excerpt":{"rendered":"<p>Widerrufsrecht f\u00fcr Verbraucher(Verbraucher ist jede nat\u00fcrliche Person, die ein Rechtsgesch\u00e4ft zu Zwecken abschlie\u00dft, die \u00fcberwiegend weder ihrer gewerblichen noch ihrer selbstst\u00e4ndigen beruflichen T\u00e4tigkeit zugerechnet werden k\u00f6nnen.) Widerrufsbelehrung WiderrufsrechtSie haben das Recht, binnen vierzehn Tagen ohne Angabe von Gr\u00fcnden diesen Vertrag zu widerrufen.Die Widerrufsfrist betr\u00e4gt vierzehn Tage ab dem Tag des Vertragsabschlusses. Um Ihr Widerrufsrecht auszu\u00fcben, [&hellip;]<\/p>\n","protected":false},"author":3,"featured_media":0,"parent":0,"menu_order":0,"comment_status":"closed","ping_status":"closed","template":"","meta":{"footnotes":""},"class_list":["post-1146","page","type-page","status-publish","hentry"],"_links":{"self":[{"href":"https:\/\/bavarian-bondage.de\/es\/wp-json\/wp\/v2\/pages\/1146","targetHints":{"allow":["GET"]}}],"collection":[{"href":"https:\/\/bavarian-bondage.de\/es\/wp-json\/wp\/v2\/pages"}],"about":[{"href":"https:\/\/bavarian-bondage.de\/es\/wp-json\/wp\/v2\/types\/page"}],"author":[{"embeddable":true,"href":"https:\/\/bavarian-bondage.de\/es\/wp-json\/wp\/v2\/users\/3"}],"replies":[{"embeddable":true,"href":"https:\/\/bavarian-bondage.de\/es\/wp-json\/wp\/v2\/comments?post=1146"}],"version-history":[{"count":5,"href":"https:\/\/bavarian-bondage.de\/es\/wp-json\/wp\/v2\/pages\/1146\/revisions"}],"predecessor-version":[{"id":15408,"href":"https:\/\/bavarian-bondage.de\/es\/wp-json\/wp\/v2\/pages\/1146\/revisions\/15408"}],"wp:attachment":[{"href":"https:\/\/bavarian-bondage.de\/es\/wp-json\/wp\/v2\/media?parent=1146"}],"curies":[{"name":"gracias","href":"https:\/\/api.w.org\/{rel}","templated":true}]}}