{"id":12,"date":"2018-09-04T13:47:19","date_gmt":"2018-09-04T11:47:19","guid":{"rendered":"http:\/\/bavarian-bondage.mysupr.de\/versandarten\/"},"modified":"2018-09-04T13:47:19","modified_gmt":"2018-09-04T11:47:19","slug":"metodos-de-envio","status":"publish","type":"page","link":"https:\/\/bavarian-bondage.de\/es\/versandarten\/","title":{"rendered":"Versandarten"},"content":{"rendered":"<div data-elementor-type=\"wp-post\" data-elementor-id=\"12\" class=\"elementor elementor-12\" data-elementor-post-type=\"page\">\n\t\t\t\t\t\t<section class=\"elementor-section elementor-top-section elementor-element elementor-element-07d64f3 elementor-section-boxed elementor-section-height-default elementor-section-height-default\" data-id=\"07d64f3\" data-element_type=\"section\" data-e-type=\"section\">\n\t\t\t\t\t\t<div class=\"elementor-container elementor-column-gap-default\">\n\t\t\t\t\t<div class=\"elementor-column elementor-col-100 elementor-top-column elementor-element elementor-element-6935983\" data-id=\"6935983\" data-element_type=\"column\" data-e-type=\"column\">\n\t\t\t<div class=\"elementor-widget-wrap elementor-element-populated\">\n\t\t\t\t\t\t<div class=\"elementor-element elementor-element-4538605 elementor-widget elementor-widget-text-editor\" data-id=\"4538605\" data-element_type=\"widget\" data-e-type=\"widget\" data-widget_type=\"text-editor.default\">\n\t\t\t\t\t\t\t\t\t<h3><strong>Pago y env\u00edo<\/strong><\/h3><p>Se aplican las siguientes condiciones:<\/p><p><strong>Condiciones de env\u00edo<\/strong><\/p><p>La entrega se realiza a nivel nacional (Alemania) y a los siguientes pa\u00edses: B\u00e9lgica, Dinamarca, Francia, Italia, Luxemburgo, Pa\u00edses Bajos, Suecia, Espa\u00f1a, Austria.<\/p><p>No se realizan env\u00edos a las siguientes islas extranjeras: El Hierro, Fuerteventura, Gran Canaria, La Gomera, La Palma, Lanzarote, Tenerife<\/p><p><strong>Gastos de env\u00edo<\/strong>\u00a0(incluido el IVA legal)<\/p><p><strong>Entregas nacionales (Alemania):\u00a0<\/strong><\/p><p>Cobramos una tarifa de env\u00edo fija de 4,90 \u20ac por pedido.<\/p><p>Para pedidos superiores a 120,00 \u20ac ofrecemos env\u00edo gratuito.<\/p><p><strong>Entregas en el extranjero:<\/strong><\/p><p>Calculamos los gastos de env\u00edo al extranjero de la siguiente manera:<\/p><p>B\u00e9lgica: 13,99 \u20ac<br \/>Dinamarca: 13,99 \u20ac<br \/>Francia: 13,99 \u20ac<br \/>Italia: 13,99 \u20ac<br \/>Luxemburgo: 13,99 \u20ac<br \/>Pa\u00edses Bajos: 13,99 \u20ac<br \/>Suecia 13,99 \u20ac<br \/>Espa\u00f1a: 13,99 \u20ac<br \/>Austria: 13,99 \u20ac<br \/><strong>Plazos de entrega<\/strong><\/p><p>A menos que se especifique un plazo diferente en la oferta respectiva, la entrega de la mercanc\u00eda se realizar\u00e1 en el territorio nacional (Alemania) en un plazo de 5 a 7 d\u00edas y, para entregas internacionales, en un plazo de 5 a 7 d\u00edas despu\u00e9s de la celebraci\u00f3n del contrato (si se ha acordado el pago por adelantado, despu\u00e9s del momento de su instrucci\u00f3n de pago).<br \/>Tenga en cuenta que no se realizan entregas los domingos y festivos.<br \/>Si ha pedido art\u00edculos con diferentes tiempos de entrega, enviaremos los productos en un solo env\u00edo a menos que hayamos llegado a acuerdos diferentes con usted. En este caso, el tiempo de entrega viene determinado por el art\u00edculo con el tiempo de entrega m\u00e1s largo que usted pidi\u00f3.<\/p><p><strong>Opciones de pago aceptadas<\/strong><\/p><p><strong>\u2013\u00a0\u00a0<\/strong>Pago por adelantado mediante transferencia bancaria<br \/><strong>\u2013\u00a0\u00a0<\/strong>Pago con tarjeta de cr\u00e9dito<br \/><strong>\u2013<\/strong>\u00a0 Pago mediante PayPal\u00a0<br \/><strong>\u2013<\/strong><strong>\u00a0\u00a0<\/strong>pago mediante transferencia instant\u00e1nea<\/p><p><strong>M\u00e1s detalles de pago<\/strong><\/p><p>Si paga con tarjeta de cr\u00e9dito, el cargo en su cuenta de tarjeta de cr\u00e9dito se realizar\u00e1 al concluir el contrato.<\/p><p>Si tienes alguna duda, puedes encontrar nuestros datos de contacto en el aviso legal.<\/p>\t\t\t\t\t\t\t\t<\/div>\n\t\t\t\t\t<\/div>\n\t\t<\/div>\n\t\t\t\t\t<\/div>\n\t\t<\/section>\n\t\t\t\t<\/div>","protected":false},"excerpt":{"rendered":"<p>Zahlung und Versand Es gelten folgende Bedingungen: Versandbedingungen Die Lieferung erfolgt im Inland (Deutschland)\u00a0und in die nachstehenden L\u00e4nder:\u00a0Belgien, D\u00e4nemark, Frankreich, Italien, Luxemburg, Niederlande, Schweden, Spanien, \u00d6sterreich. Keine Versendung erfolgt auf die nachstehenden ausl\u00e4ndischen Inseln: El Hierro, Fuerteventura, Gran Canaria, La Gomera, La Palma, Lanzarote,Teneriffa Versandkosten\u00a0(inklusive gesetzliche Mehrwertsteuer) Lieferungen im Inland (Deutschland):\u00a0 Wir berechnen die Versandkosten [&hellip;]<\/p>\n","protected":false},"author":3,"featured_media":0,"parent":0,"menu_order":0,"comment_status":"closed","ping_status":"closed","template":"","meta":{"footnotes":""},"class_list":["post-12","page","type-page","status-publish","hentry"],"_links":{"self":[{"href":"https:\/\/bavarian-bondage.de\/es\/wp-json\/wp\/v2\/pages\/12","targetHints":{"allow":["GET"]}}],"collection":[{"href":"https:\/\/bavarian-bondage.de\/es\/wp-json\/wp\/v2\/pages"}],"about":[{"href":"https:\/\/bavarian-bondage.de\/es\/wp-json\/wp\/v2\/types\/page"}],"author":[{"embeddable":true,"href":"https:\/\/bavarian-bondage.de\/es\/wp-json\/wp\/v2\/users\/3"}],"replies":[{"embeddable":true,"href":"https:\/\/bavarian-bondage.de\/es\/wp-json\/wp\/v2\/comments?post=12"}],"version-history":[{"count":0,"href":"https:\/\/bavarian-bondage.de\/es\/wp-json\/wp\/v2\/pages\/12\/revisions"}],"wp:attachment":[{"href":"https:\/\/bavarian-bondage.de\/es\/wp-json\/wp\/v2\/media?parent=12"}],"curies":[{"name":"gracias","href":"https:\/\/api.w.org\/{rel}","templated":true}]}}