{"id":13,"date":"2018-09-04T13:47:19","date_gmt":"2018-09-04T11:47:19","guid":{"rendered":"http:\/\/bavarian-bondage.mysupr.de\/bezahlmoeglichkeiten\/"},"modified":"2025-07-20T08:35:49","modified_gmt":"2025-07-20T06:35:49","slug":"pago-y-envio","status":"publish","type":"page","link":"https:\/\/bavarian-bondage.de\/es\/zahlung-und-versand\/","title":{"rendered":"Pago y env\u00edo"},"content":{"rendered":"<div data-elementor-type=\"wp-post\" data-elementor-id=\"13\" class=\"elementor elementor-13\" data-elementor-post-type=\"page\">\n\t\t\t\t<div class=\"elementor-element elementor-element-5ac5788 e-flex e-con-boxed e-con e-parent\" data-id=\"5ac5788\" data-element_type=\"container\" data-e-type=\"container\">\n\t\t\t\t\t<div class=\"e-con-inner\">\n\t\t\t\t<div class=\"elementor-element elementor-element-197797c elementor-widget elementor-widget-text-editor\" data-id=\"197797c\" data-element_type=\"widget\" data-e-type=\"widget\" data-widget_type=\"text-editor.default\">\n\t\t\t\t\t\t\t\t\t<p><strong>Pago y env\u00edo<\/strong><br \/><br \/>Se aplican las siguientes condiciones:<br \/><br \/>La entrega se realiza a nivel nacional (Alemania) y a los siguientes pa\u00edses: B\u00e9lgica, Dinamarca, Francia, Italia, Luxemburgo, Pa\u00edses Bajos, Portugal, Suecia, Espa\u00f1a, Austria.<br \/><br \/>El env\u00edo a islas alemanas y extranjeras est\u00e1 excluido.<br \/><br \/><strong>Gastos de env\u00edo<\/strong>\u00a0(incluido el IVA legal)<br \/><br \/><strong>Entregas nacionales (Alemania):\u00a0<\/strong><br \/><br \/>Cobramos una tarifa fija de 5,90 \u20ac por pedido en concepto de gastos de env\u00edo.<br \/><br \/>Realizamos env\u00edo gratuito para pedidos superiores a 130,00 \u20ac.<br \/><br \/><strong>Entregas en el extranjero:<\/strong><br \/><br \/>Calculamos los gastos de env\u00edo al extranjero de la siguiente manera:<br \/><br \/>Portugal: 15,99 \u20ac B\u00e9lgica: 15,99 \u20ac<br \/>Dinamarca: 15,99 \u20ac<br \/>Francia: 15,99 \u20ac<br \/>Italia: 15,99 \u20ac<br \/>Luxemburgo: 15,99 \u20ac<br \/>Pa\u00edses Bajos: 15,99 \u20ac<br \/>Suecia 15,99 \u20ac<br \/>Espa\u00f1a: 15,99 \u20ac<br \/>Austria: 15,99 \u20ac<br \/><br \/><br \/><br \/><br \/><br \/><br \/><br \/><br \/><br \/><br \/><br \/><br \/><strong>Plazos de entrega<\/strong><br \/><br \/>A menos que se especifique un plazo diferente en la oferta respectiva, la mercanc\u00eda se entregar\u00e1 en el pa\u00eds (Alemania) dentro de 5 a 7 d\u00edas, para entregas en el extranjero dentro de 10 a 12 d\u00edas despu\u00e9s de la celebraci\u00f3n del contrato (si se ha acordado el pago por adelantado, despu\u00e9s del plazo de su instrucci\u00f3n de pago).<br \/>Tenga en cuenta que no se realizan entregas los domingos y festivos.<br \/>Si ha pedido art\u00edculos con diferentes plazos de entrega, se enviar\u00e1n en un solo env\u00edo, a menos que hayamos acordado lo contrario. En este caso, el plazo de entrega se determinar\u00e1 seg\u00fan el art\u00edculo con el plazo de entrega m\u00e1s largo.<br \/><br \/><strong>Opciones de pago aceptadas<\/strong><br \/><br \/><strong>\u2013\u00a0\u00a0<\/strong>Pago por adelantado mediante transferencia bancaria<br \/>\u2013 Pago mediante transferencia bancaria instant\u00e1nea (v\u00eda Klarna)<br \/>\u2013 Pago mediante domiciliaci\u00f3n bancaria (v\u00eda Klarna)<br \/>\u2013 Pago con tarjeta de cr\u00e9dito (a trav\u00e9s de Klarna)<br \/><br \/><strong>A trav\u00e9s del pago con PayPal:<\/strong><br \/>\u2013 Pago mediante PayPal Express<br \/>\u2013 Pago con tarjeta de cr\u00e9dito<br \/><br \/><strong>A trav\u00e9s de PayPal:<\/strong><br \/>\u2013 Pago a trav\u00e9s de PayPal<br \/>\u2013 Pago con tarjeta de cr\u00e9dito<br \/>\u2013 Pago mediante domiciliaci\u00f3n bancaria SEPA<br \/>\u2013 Pago mediante \u201cPagar despu\u00e9s\u201d<br \/><br \/>Si tienes alguna duda, puedes encontrar nuestros datos de contacto en el aviso legal.<\/p><p>\u00a0<\/p>\t\t\t\t\t\t\t\t<\/div>\n\t\t\t\t\t<\/div>\n\t\t\t\t<\/div>\n\t\t\t\t<\/div>","protected":false},"excerpt":{"rendered":"<p>Zahlung und Versand Es gelten folgende Bedingungen: Die Lieferung erfolgt im Inland (Deutschland)\u00a0und in die nachstehenden L\u00e4nder:\u00a0Belgien, D\u00e4nemark, Frankreich, Italien, Luxemburg, Niederlande, Portugal, Schweden, Spanien, \u00d6sterreich. Der Versand auf deutsche und ausl\u00e4ndische Inseln ist ausgeschlossen. Versandkosten\u00a0(inklusive gesetzliche Mehrwertsteuer) Lieferungen im Inland (Deutschland):\u00a0 Wir berechnen die Versandkosten pauschal mit 5,90 \u20ac pro Bestellung. Ab einem Bestellwert [&hellip;]<\/p>\n","protected":false},"author":3,"featured_media":0,"parent":0,"menu_order":0,"comment_status":"closed","ping_status":"closed","template":"","meta":{"footnotes":""},"class_list":["post-13","page","type-page","status-publish","hentry"],"_links":{"self":[{"href":"https:\/\/bavarian-bondage.de\/es\/wp-json\/wp\/v2\/pages\/13","targetHints":{"allow":["GET"]}}],"collection":[{"href":"https:\/\/bavarian-bondage.de\/es\/wp-json\/wp\/v2\/pages"}],"about":[{"href":"https:\/\/bavarian-bondage.de\/es\/wp-json\/wp\/v2\/types\/page"}],"author":[{"embeddable":true,"href":"https:\/\/bavarian-bondage.de\/es\/wp-json\/wp\/v2\/users\/3"}],"replies":[{"embeddable":true,"href":"https:\/\/bavarian-bondage.de\/es\/wp-json\/wp\/v2\/comments?post=13"}],"version-history":[{"count":5,"href":"https:\/\/bavarian-bondage.de\/es\/wp-json\/wp\/v2\/pages\/13\/revisions"}],"predecessor-version":[{"id":15414,"href":"https:\/\/bavarian-bondage.de\/es\/wp-json\/wp\/v2\/pages\/13\/revisions\/15414"}],"wp:attachment":[{"href":"https:\/\/bavarian-bondage.de\/es\/wp-json\/wp\/v2\/media?parent=13"}],"curies":[{"name":"gracias","href":"https:\/\/api.w.org\/{rel}","templated":true}]}}