{"id":9,"date":"2018-09-04T13:47:19","date_gmt":"2018-09-04T11:47:19","guid":{"rendered":"http:\/\/bavarian-bondage.mysupr.de\/impressum\/"},"modified":"2025-07-20T08:28:49","modified_gmt":"2025-07-20T06:28:49","slug":"imprimir","status":"publish","type":"page","link":"https:\/\/bavarian-bondage.de\/es\/impressum\/","title":{"rendered":"imprimir"},"content":{"rendered":"<div data-elementor-type=\"wp-post\" data-elementor-id=\"9\" class=\"elementor elementor-9\" data-elementor-post-type=\"page\">\n\t\t\t\t<div class=\"elementor-element elementor-element-413ebf4 e-flex e-con-boxed e-con e-parent\" data-id=\"413ebf4\" data-element_type=\"container\" data-e-type=\"container\">\n\t\t\t\t\t<div class=\"e-con-inner\">\n\t\t\t\t<div class=\"elementor-element elementor-element-1c0f452 elementor-widget elementor-widget-text-editor\" data-id=\"1c0f452\" data-element_type=\"widget\" data-e-type=\"widget\" data-widget_type=\"text-editor.default\">\n\t\t\t\t\t\t\t\t\t<p><strong>imprimir<\/strong><\/p><strong>\n<\/strong><p><strong>Identificaci\u00f3n legal del proveedor:<\/strong><\/p>\n<p><strong>Andr\u00e9s Venus<br>esclavitud b\u00e1vara<br>Haidberg 2<br>94379 Sankt Englmar<br>Alemania<\/strong><\/p><p><strong><br>Tel\u00e9fono: 016091594448<br>Correo electr\u00f3nico:&nbsp;<\/strong><strong>info@bavarian-bondage.de<\/strong><br><strong>Whatsapp 0160\/91594448<\/strong><br><strong><br>N\u00famero de identificaci\u00f3n fiscal: DE320922388<\/strong><\/p>\n<p>Estamos dispuestos, pero no obligados, a participar en procedimientos de resoluci\u00f3n de disputas ante juntas arbitrales de consumo.<\/p>\n<p><strong>hemos estado desde&nbsp;<\/strong><strong>10.05.2016&nbsp;<\/strong><strong>Miembro de la iniciativa \u201cFairCommerce\u201d.<\/strong><br>Puede encontrar m\u00e1s informaci\u00f3n en&nbsp;<a href=\"https:\/\/www.haendlerbund.de\/de\/haendlerbund\/interessenvertretung\/faircommerce\" target=\"_blank\" rel=\"noopener\">www.haendlerbund.de\/faircommerce<\/a>.<\/p>\t\t\t\t\t\t\t\t<\/div>\n\t\t\t\t\t<\/div>\n\t\t\t\t<\/div>\n\t\t\t\t<\/div>","protected":false},"excerpt":{"rendered":"<p>Aviso legal. Identificaci\u00f3n del proveedor legal: Andreas Venus Bavarian-Bondage Haidberg 294379 Sankt Englmar, Alemania. Tel\u00e9fono: 016091594448. Correo electr\u00f3nico: info@bavarian-bondage.de. WhatsApp: 0160\/91594448. N.\u00ba de IVA: DE320922388. Estamos dispuestos, pero no obligados, a participar en procedimientos de resoluci\u00f3n de disputas ante las juntas de arbitraje de consumo. Somos miembros de la iniciativa &quot;FairCommerce&quot; desde el 10 de mayo de 2016. Puede encontrar m\u00e1s informaci\u00f3n en www.haendlerbund.de\/faircommerce.<\/p>","protected":false},"author":3,"featured_media":0,"parent":0,"menu_order":0,"comment_status":"closed","ping_status":"closed","template":"elementor_header_footer","meta":{"footnotes":""},"class_list":["post-9","page","type-page","status-publish","hentry"],"_links":{"self":[{"href":"https:\/\/bavarian-bondage.de\/es\/wp-json\/wp\/v2\/pages\/9","targetHints":{"allow":["GET"]}}],"collection":[{"href":"https:\/\/bavarian-bondage.de\/es\/wp-json\/wp\/v2\/pages"}],"about":[{"href":"https:\/\/bavarian-bondage.de\/es\/wp-json\/wp\/v2\/types\/page"}],"author":[{"embeddable":true,"href":"https:\/\/bavarian-bondage.de\/es\/wp-json\/wp\/v2\/users\/3"}],"replies":[{"embeddable":true,"href":"https:\/\/bavarian-bondage.de\/es\/wp-json\/wp\/v2\/comments?post=9"}],"version-history":[{"count":5,"href":"https:\/\/bavarian-bondage.de\/es\/wp-json\/wp\/v2\/pages\/9\/revisions"}],"predecessor-version":[{"id":15402,"href":"https:\/\/bavarian-bondage.de\/es\/wp-json\/wp\/v2\/pages\/9\/revisions\/15402"}],"wp:attachment":[{"href":"https:\/\/bavarian-bondage.de\/es\/wp-json\/wp\/v2\/media?parent=9"}],"curies":[{"name":"gracias","href":"https:\/\/api.w.org\/{rel}","templated":true}]}}