{"id":10206,"date":"2022-04-23T16:44:10","date_gmt":"2022-04-23T14:44:10","guid":{"rendered":"https:\/\/bavarian-bondage.de\/?post_type=product&#038;p=10206"},"modified":"2026-04-12T14:09:16","modified_gmt":"2026-04-12T12:09:16","slug":"cortador-de-cuerda","status":"publish","type":"product","link":"https:\/\/bavarian-bondage.de\/es\/produkt\/ropecutter\/","title":{"rendered":"cortadores de cuerda"},"content":{"rendered":"<h3 style=\"text-align: center\">Cortador de cuerdas<\/h3>\n<p style=\"text-align: center\">Esta peque\u00f1a herramienta de doble filo est\u00e1 perfectamente dise\u00f1ada para cortar cuerdas de bondage de hasta 8 mm.<\/p>\n<p style=\"text-align: center\">La herramienta incluye una bolsa de nailon que se puede sujetar al cintur\u00f3n, por ejemplo, y dos cuchillas de repuesto. Un cierre de velcro la mantiene segura en la bolsa.<\/p>\n<p style=\"text-align: center\">\u00a1Una herramienta peque\u00f1a, afilada y efectiva para emergencias!<\/p>\n<p><strong>Detalles:<\/strong><\/p>\n<p>Material: pl\u00e1stico, nailon, metal.<br \/>\nLongitud total con lazo: 20cm<br \/>\nLargo sin lazo: 9cm<br \/>\nDimensiones de la bolsa: L 10cm; W 5cm<\/p>\n<p>&nbsp;<\/p>\n<p><strong>Alcance de la entrega: <\/strong>1 cortador de cuerda con bolsa de nailon<\/p>\n<p>&nbsp;<\/p>\n<hr \/>\n<blockquote>\n<p style=\"text-align: center\"><span style=\"color: #333399\">La informaci\u00f3n sobre los productos se proporciona seg\u00fan nuestro leal saber y entender. Todas las dimensiones son aproximadas. El uso de los productos ofrecidos aqu\u00ed en la tienda es bajo su propia responsabilidad. Cada persona reacciona de manera diferente a las influencias externas, al placer o al dolor, etc. Por lo tanto, no se acepta ninguna responsabilidad por un uso inadecuado.  Cada usuario asume la total responsabilidad por el uso o correcto uso de los productos y sus consecuencias imprevisibles.<\/span><\/p>\n<\/blockquote>","protected":false},"excerpt":{"rendered":"<p>Plazo de entrega: 5-7 d\u00edas*<\/p>","protected":false},"featured_media":14061,"template":"","meta":[],"product_brand":[],"product_cat":[223],"product_tag":[],"class_list":{"0":"post-10206","1":"product","2":"type-product","3":"status-publish","4":"has-post-thumbnail","6":"product_cat-zubehoer","8":"first","9":"instock","10":"taxable","11":"shipping-taxable","12":"purchasable","13":"product-type-variable"},"_links":{"self":[{"href":"https:\/\/bavarian-bondage.de\/es\/wp-json\/wp\/v2\/product\/10206","targetHints":{"allow":["GET"]}}],"collection":[{"href":"https:\/\/bavarian-bondage.de\/es\/wp-json\/wp\/v2\/product"}],"about":[{"href":"https:\/\/bavarian-bondage.de\/es\/wp-json\/wp\/v2\/types\/product"}],"version-history":[{"count":5,"href":"https:\/\/bavarian-bondage.de\/es\/wp-json\/wp\/v2\/product\/10206\/revisions"}],"predecessor-version":[{"id":16517,"href":"https:\/\/bavarian-bondage.de\/es\/wp-json\/wp\/v2\/product\/10206\/revisions\/16517"}],"wp:featuredmedia":[{"embeddable":true,"href":"https:\/\/bavarian-bondage.de\/es\/wp-json\/wp\/v2\/media\/14061"}],"wp:attachment":[{"href":"https:\/\/bavarian-bondage.de\/es\/wp-json\/wp\/v2\/media?parent=10206"}],"wp:term":[{"taxonomy":"product_brand","embeddable":true,"href":"https:\/\/bavarian-bondage.de\/es\/wp-json\/wp\/v2\/product_brand?post=10206"},{"taxonomy":"product_cat","embeddable":true,"href":"https:\/\/bavarian-bondage.de\/es\/wp-json\/wp\/v2\/product_cat?post=10206"},{"taxonomy":"product_tag","embeddable":true,"href":"https:\/\/bavarian-bondage.de\/es\/wp-json\/wp\/v2\/product_tag?post=10206"}],"curies":[{"name":"gracias","href":"https:\/\/api.w.org\/{rel}","templated":true}]}}