{"id":14345,"date":"2024-12-27T12:38:03","date_gmt":"2024-12-27T11:38:03","guid":{"rendered":"https:\/\/bavarian-bondage.de\/?post_type=product&#038;p=14345"},"modified":"2026-04-15T22:21:16","modified_gmt":"2026-04-15T20:21:16","slug":"giratorio-negro","status":"publish","type":"product","link":"https:\/\/bavarian-bondage.de\/es\/produkt\/drehwirbel-schwarz\/","title":{"rendered":"Giratorio negro"},"content":{"rendered":"<h3 style=\"text-align: center\">Giratorio negro<\/h3>\n<p style=\"text-align: center\">El eslab\u00f3n giratorio, tambi\u00e9n conocido como swivel, hace que cualquier sesi\u00f3n de bondage con suspensi\u00f3n sea a\u00fan m\u00e1s placentera. Est\u00e1 montado sobre rodamientos de bolas y, a pesar de su peque\u00f1o tama\u00f1o, tiene una gran capacidad de carga. Gracias a los rodamientos integrados, puede girar muy r\u00e1pido, silenciosamente y pr\u00e1cticamente sin resistencia.<\/p>\n<p style=\"text-align: center\">Para evitar la rotaci\u00f3n, basta con pasar una cuerda a trav\u00e9s de las dos aberturas una o dos veces.<\/p>\n<p><strong>Detalles:<\/strong><\/p>\n<pre>Tama\u00f1o: L 10,5 cm \/ W 4,2 cm Di\u00e1metro de las aberturas: 3,5 cm x 3,0 cm Grosor del material: aprox. 1 cm Capacidad de carga: 30 KN Material: Aluminio Color: Negro Peso: 130 g EN12275 2008 EN363<\/pre>\n<pre><\/pre>\n<p>&nbsp;<\/p>\n<p><strong>Alcance de la entrega:<\/strong> Giratorio giratorio negro 30KN<\/p>\n<p>&nbsp;<\/p>\n<hr \/>\n<blockquote>\n<p style=\"text-align: center\"><span style=\"color: #333399\">La informaci\u00f3n sobre los productos se proporciona seg\u00fan nuestro leal saber y entender. Todas las dimensiones son aproximadas. El uso de los productos ofrecidos aqu\u00ed en la tienda es bajo su propia responsabilidad. Cada persona reacciona de manera diferente a las influencias externas, al placer o al dolor, etc. Por lo tanto, no se acepta ninguna responsabilidad por un uso inadecuado.  Cada usuario asume la total responsabilidad por el uso o correcto uso de los productos y sus consecuencias imprevisibles.<\/span><\/p>\n<\/blockquote>","protected":false},"excerpt":{"rendered":"<p>Plazo de entrega: 5-7 d\u00edas*<\/p>","protected":false},"featured_media":14347,"template":"","meta":[],"product_brand":[],"product_cat":[222,223,233],"product_tag":[],"class_list":{"0":"post-14345","1":"product","2":"type-product","3":"status-publish","4":"has-post-thumbnail","6":"product_cat-alle-produkte","7":"product_cat-zubehoer","8":"product_cat-bondage-zubehoer","10":"first","11":"instock","12":"taxable","13":"shipping-taxable","14":"purchasable","15":"product-type-simple"},"_links":{"self":[{"href":"https:\/\/bavarian-bondage.de\/es\/wp-json\/wp\/v2\/product\/14345","targetHints":{"allow":["GET"]}}],"collection":[{"href":"https:\/\/bavarian-bondage.de\/es\/wp-json\/wp\/v2\/product"}],"about":[{"href":"https:\/\/bavarian-bondage.de\/es\/wp-json\/wp\/v2\/types\/product"}],"version-history":[{"count":3,"href":"https:\/\/bavarian-bondage.de\/es\/wp-json\/wp\/v2\/product\/14345\/revisions"}],"predecessor-version":[{"id":14351,"href":"https:\/\/bavarian-bondage.de\/es\/wp-json\/wp\/v2\/product\/14345\/revisions\/14351"}],"wp:featuredmedia":[{"embeddable":true,"href":"https:\/\/bavarian-bondage.de\/es\/wp-json\/wp\/v2\/media\/14347"}],"wp:attachment":[{"href":"https:\/\/bavarian-bondage.de\/es\/wp-json\/wp\/v2\/media?parent=14345"}],"wp:term":[{"taxonomy":"product_brand","embeddable":true,"href":"https:\/\/bavarian-bondage.de\/es\/wp-json\/wp\/v2\/product_brand?post=14345"},{"taxonomy":"product_cat","embeddable":true,"href":"https:\/\/bavarian-bondage.de\/es\/wp-json\/wp\/v2\/product_cat?post=14345"},{"taxonomy":"product_tag","embeddable":true,"href":"https:\/\/bavarian-bondage.de\/es\/wp-json\/wp\/v2\/product_tag?post=14345"}],"curies":[{"name":"gracias","href":"https:\/\/api.w.org\/{rel}","templated":true}]}}