{"id":14355,"date":"2024-12-27T13:38:50","date_gmt":"2024-12-27T12:38:50","guid":{"rendered":"https:\/\/bavarian-bondage.de\/?post_type=product&#038;p=14355"},"modified":"2025-09-09T07:50:50","modified_gmt":"2025-09-09T05:50:50","slug":"mosqueton-de-aluminio-negro","status":"publish","type":"product","link":"https:\/\/bavarian-bondage.de\/es\/produkt\/aluminium-karabiner-schwarz\/","title":{"rendered":"Mosquet\u00f3n de aluminio negro"},"content":{"rendered":"<h3 style=\"text-align: center\">Mosquet\u00f3n de aluminio negro<\/h3>\n<p style=\"text-align: center\">El mosquet\u00f3n de aluminio se usa habitualmente en escalada. Es un mosquet\u00f3n de seguridad con cierre giratorio.<\/p>\n<p style=\"text-align: center\">Muy adecuado para fijar una anilla, directamente a la anilla o por supuesto a las propias cuerdas. No tiene bordes afilados ni angulosos que puedan da\u00f1ar una cuerda.<\/p>\n<p>&nbsp;<\/p>\n<h3 style=\"text-align: center\"><\/h3>\n<p><strong>Detalles:<\/strong><\/p>\n<p>Material: aluminio<br \/>\nTama\u00f1o: largo 9,5 cm \/ ancho 6 cm<br \/>\nApertura: 1,7cm<br \/>\nCapacidad de carga: cerrado 25 KN<br \/>\nPeso: aprox. 50 g<br \/>\nColor: negro<br \/>\nEN12275 2008<\/p>\n<p>&nbsp;<\/p>\n<p><strong>Alcance de la entrega:<\/strong> 1 mosquet\u00f3n de aluminio negro<\/p>\n<p>&nbsp;<\/p>\n<hr \/>\n<blockquote>\n<p style=\"text-align: center\"><span style=\"color: #333399\">La informaci\u00f3n sobre los productos se proporciona seg\u00fan nuestro leal saber y entender. Todas las dimensiones son aproximadas. El uso de los productos ofrecidos aqu\u00ed en la tienda es bajo su propia responsabilidad. Cada persona reacciona de manera diferente a las influencias externas, al placer o al dolor, etc. Por lo tanto, no se acepta ninguna responsabilidad por un uso inadecuado.  Cada usuario asume la total responsabilidad por el uso o correcto uso de los productos y sus consecuencias imprevisibles.<\/span><\/p>\n<\/blockquote>","protected":false},"excerpt":{"rendered":"<p>Plazo de entrega: 5-7 d\u00edas*<\/p>","protected":false},"featured_media":14356,"template":"","meta":[],"product_brand":[],"product_cat":[222,223,233],"product_tag":[],"class_list":{"0":"post-14355","1":"product","2":"type-product","3":"status-publish","4":"has-post-thumbnail","6":"product_cat-alle-produkte","7":"product_cat-zubehoer","8":"product_cat-bondage-zubehoer","10":"first","11":"outofstock","12":"taxable","13":"shipping-taxable","14":"purchasable","15":"product-type-simple"},"_links":{"self":[{"href":"https:\/\/bavarian-bondage.de\/es\/wp-json\/wp\/v2\/product\/14355","targetHints":{"allow":["GET"]}}],"collection":[{"href":"https:\/\/bavarian-bondage.de\/es\/wp-json\/wp\/v2\/product"}],"about":[{"href":"https:\/\/bavarian-bondage.de\/es\/wp-json\/wp\/v2\/types\/product"}],"version-history":[{"count":1,"href":"https:\/\/bavarian-bondage.de\/es\/wp-json\/wp\/v2\/product\/14355\/revisions"}],"predecessor-version":[{"id":14357,"href":"https:\/\/bavarian-bondage.de\/es\/wp-json\/wp\/v2\/product\/14355\/revisions\/14357"}],"wp:featuredmedia":[{"embeddable":true,"href":"https:\/\/bavarian-bondage.de\/es\/wp-json\/wp\/v2\/media\/14356"}],"wp:attachment":[{"href":"https:\/\/bavarian-bondage.de\/es\/wp-json\/wp\/v2\/media?parent=14355"}],"wp:term":[{"taxonomy":"product_brand","embeddable":true,"href":"https:\/\/bavarian-bondage.de\/es\/wp-json\/wp\/v2\/product_brand?post=14355"},{"taxonomy":"product_cat","embeddable":true,"href":"https:\/\/bavarian-bondage.de\/es\/wp-json\/wp\/v2\/product_cat?post=14355"},{"taxonomy":"product_tag","embeddable":true,"href":"https:\/\/bavarian-bondage.de\/es\/wp-json\/wp\/v2\/product_tag?post=14355"}],"curies":[{"name":"gracias","href":"https:\/\/api.w.org\/{rel}","templated":true}]}}