{"id":15906,"date":"2025-11-16T12:42:07","date_gmt":"2025-11-16T11:42:07","guid":{"rendered":"https:\/\/bavarian-bondage.de\/?post_type=product&#038;p=15906"},"modified":"2026-04-03T16:30:20","modified_gmt":"2026-04-03T14:30:20","slug":"autschisv1","status":"publish","type":"product","link":"https:\/\/bavarian-bondage.de\/es\/produkt\/autschisv1\/","title":{"rendered":"\u00a1Ay! V1"},"content":{"rendered":"<h3 style=\"text-align: center\">Ay V 1<\/h3>\n<p style=\"text-align: center\" data-start=\"0\" data-end=\"542\">Estos &quot;Autschis&quot; artesanales, hechos de madera de arce aceitada, est\u00e1n especialmente dise\u00f1ados para su uso en pr\u00e1cticas de bondage y shibari. La madera de alta calidad, lijada suavemente, garantiza una sensaci\u00f3n agradable y una estabilidad fiable. Dos muescas en la parte inferior proporcionan un agarre \u00f3ptimo para las cuerdas y evitan que se resbalen durante el uso. La parte superior est\u00e1 equipada con nueve p\u00faas que permiten puntos de presi\u00f3n espec\u00edficos, lo que a\u00f1ade un est\u00edmulo extra al juego.<\/p>\n<p style=\"text-align: center\" data-start=\"544\" data-end=\"917\">Con un di\u00e1metro de 4,9 cm, una altura de 2 cm y un peso de tan solo 14 g cada uno, los Autschis son compactos, ligeros y vers\u00e1tiles. Se pueden integrar f\u00e1cilmente en diversas t\u00e9cnicas de bondage. Se suministra un juego de dos, ideal para aplicaciones sim\u00e9tricas o combinaciones variadas.<\/p>\n<p><strong>Detalles:<\/strong><\/p>\n<p>Material: Arce<br \/>\nColor: Arce<br \/>\nDi\u00e1metro: 4,9 cm<br \/>\nAltura: 2cm<br \/>\nPeso: Aprox. 14 g por pieza<\/p>\n<p>(Cuerda no incluida)<\/p>\n<p>&nbsp;<\/p>\n<p><strong>Alcance de la entrega:<\/strong> Autschies V1, 2 piezas<\/p>\n<p>&nbsp;<\/p>\n<hr \/>\n<blockquote>\n<p style=\"text-align: center\"><span style=\"color: #333399\">La informaci\u00f3n sobre los productos se proporciona seg\u00fan nuestro leal saber y entender. Todas las dimensiones son aproximadas. El uso de los productos ofrecidos aqu\u00ed en la tienda es bajo su propia responsabilidad. Cada persona reacciona de manera diferente a las influencias externas, al placer o al dolor, etc. Por lo tanto, no se acepta ninguna responsabilidad por un uso inadecuado.  Cada usuario asume la total responsabilidad por el uso o correcto uso de los productos y sus consecuencias imprevisibles.<\/span><\/p>\n<\/blockquote>","protected":false},"excerpt":{"rendered":"<p>Plazo de entrega: 5-7 d\u00edas<\/p>","protected":false},"featured_media":15919,"template":"","meta":[],"product_brand":[],"product_cat":[223,222],"product_tag":[],"class_list":{"0":"post-15906","1":"product","2":"type-product","3":"status-publish","4":"has-post-thumbnail","6":"product_cat-zubehoer","7":"product_cat-alle-produkte","9":"first","10":"instock","11":"taxable","12":"shipping-taxable","13":"purchasable","14":"product-type-simple"},"_links":{"self":[{"href":"https:\/\/bavarian-bondage.de\/es\/wp-json\/wp\/v2\/product\/15906","targetHints":{"allow":["GET"]}}],"collection":[{"href":"https:\/\/bavarian-bondage.de\/es\/wp-json\/wp\/v2\/product"}],"about":[{"href":"https:\/\/bavarian-bondage.de\/es\/wp-json\/wp\/v2\/types\/product"}],"version-history":[{"count":5,"href":"https:\/\/bavarian-bondage.de\/es\/wp-json\/wp\/v2\/product\/15906\/revisions"}],"predecessor-version":[{"id":15933,"href":"https:\/\/bavarian-bondage.de\/es\/wp-json\/wp\/v2\/product\/15906\/revisions\/15933"}],"wp:featuredmedia":[{"embeddable":true,"href":"https:\/\/bavarian-bondage.de\/es\/wp-json\/wp\/v2\/media\/15919"}],"wp:attachment":[{"href":"https:\/\/bavarian-bondage.de\/es\/wp-json\/wp\/v2\/media?parent=15906"}],"wp:term":[{"taxonomy":"product_brand","embeddable":true,"href":"https:\/\/bavarian-bondage.de\/es\/wp-json\/wp\/v2\/product_brand?post=15906"},{"taxonomy":"product_cat","embeddable":true,"href":"https:\/\/bavarian-bondage.de\/es\/wp-json\/wp\/v2\/product_cat?post=15906"},{"taxonomy":"product_tag","embeddable":true,"href":"https:\/\/bavarian-bondage.de\/es\/wp-json\/wp\/v2\/product_tag?post=15906"}],"curies":[{"name":"gracias","href":"https:\/\/api.w.org\/{rel}","templated":true}]}}