{"id":15911,"date":"2025-11-16T12:56:00","date_gmt":"2025-11-16T11:56:00","guid":{"rendered":"https:\/\/bavarian-bondage.de\/?post_type=product&#038;p=15911"},"modified":"2026-01-25T18:48:08","modified_gmt":"2026-01-25T17:48:08","slug":"ay-v2","status":"publish","type":"product","link":"https:\/\/bavarian-bondage.de\/es\/produkt\/autschis-v2\/","title":{"rendered":"\u00a1Ay! V2"},"content":{"rendered":"<h3 style=\"text-align: center\">\u00a1Ay! V2<\/h3>\n<p style=\"text-align: center\" data-start=\"0\" data-end=\"542\">Estos palitos de madera artesanales, hechos con madera aceitada, est\u00e1n dise\u00f1ados espec\u00edficamente para pr\u00e1cticas de bondage y shibari. La madera de alta calidad, lijada con suavidad, garantiza una sensaci\u00f3n agradable y una estabilidad fiable. Dos muescas en la parte inferior proporcionan un agarre \u00f3ptimo para las cuerdas y evitan que se resbalen durante el uso. La parte superior est\u00e1 equipada con una punta que permite puntos de presi\u00f3n espec\u00edficos y a\u00f1ade estimulaci\u00f3n adicional al juego.<\/p>\n<p style=\"text-align: center\" data-start=\"544\" data-end=\"917\">Con un di\u00e1metro de 3,6 cm, una altura de 2,5 cm y un peso de tan solo 10 g cada uno, los Autschis son compactos, ligeros y vers\u00e1tiles. Se pueden integrar f\u00e1cilmente en diversas t\u00e9cnicas de bondage. Se suministra un juego de dos, ideal para aplicaciones sim\u00e9tricas o combinaciones variadas.<\/p>\n<p><strong>Detalles:<\/strong><\/p>\n<p>Material: elecci\u00f3n de arce o nogal.<br \/>\nColor: Arce o Nogal<br \/>\nDi\u00e1metro: 3,6 cm<br \/>\nAltura: 2,5cm<br \/>\nPeso: Aprox. 10 g por pieza<\/p>\n<p>&nbsp;<\/p>\n<p>&nbsp;<\/p>\n<p><strong>Alcance de la entrega:<\/strong> Autschies V1, 2 piezas<\/p>\n<p>&nbsp;<\/p>\n<hr \/>\n<blockquote>\n<p style=\"text-align: center\"><span style=\"color: #333399\">La informaci\u00f3n sobre los productos se proporciona seg\u00fan nuestro leal saber y entender. Todas las dimensiones son aproximadas. El uso de los productos ofrecidos aqu\u00ed en la tienda es bajo su propia responsabilidad. Cada persona reacciona de manera diferente a las influencias externas, al placer o al dolor, etc. Por lo tanto, no se acepta ninguna responsabilidad por un uso inadecuado.  Cada usuario asume la total responsabilidad por el uso o correcto uso de los productos y sus consecuencias imprevisibles.<\/span><\/p>\n<\/blockquote>","protected":false},"excerpt":{"rendered":"<p>Plazo de entrega: 5-7 d\u00edas<\/p>","protected":false},"featured_media":15922,"template":"","meta":[],"product_brand":[],"product_cat":[223],"product_tag":[],"class_list":{"0":"post-15911","1":"product","2":"type-product","3":"status-publish","4":"has-post-thumbnail","6":"product_cat-zubehoer","8":"first","9":"instock","10":"taxable","11":"shipping-taxable","12":"purchasable","13":"product-type-variable"},"_links":{"self":[{"href":"https:\/\/bavarian-bondage.de\/es\/wp-json\/wp\/v2\/product\/15911","targetHints":{"allow":["GET"]}}],"collection":[{"href":"https:\/\/bavarian-bondage.de\/es\/wp-json\/wp\/v2\/product"}],"about":[{"href":"https:\/\/bavarian-bondage.de\/es\/wp-json\/wp\/v2\/types\/product"}],"version-history":[{"count":3,"href":"https:\/\/bavarian-bondage.de\/es\/wp-json\/wp\/v2\/product\/15911\/revisions"}],"predecessor-version":[{"id":15928,"href":"https:\/\/bavarian-bondage.de\/es\/wp-json\/wp\/v2\/product\/15911\/revisions\/15928"}],"wp:featuredmedia":[{"embeddable":true,"href":"https:\/\/bavarian-bondage.de\/es\/wp-json\/wp\/v2\/media\/15922"}],"wp:attachment":[{"href":"https:\/\/bavarian-bondage.de\/es\/wp-json\/wp\/v2\/media?parent=15911"}],"wp:term":[{"taxonomy":"product_brand","embeddable":true,"href":"https:\/\/bavarian-bondage.de\/es\/wp-json\/wp\/v2\/product_brand?post=15911"},{"taxonomy":"product_cat","embeddable":true,"href":"https:\/\/bavarian-bondage.de\/es\/wp-json\/wp\/v2\/product_cat?post=15911"},{"taxonomy":"product_tag","embeddable":true,"href":"https:\/\/bavarian-bondage.de\/es\/wp-json\/wp\/v2\/product_tag?post=15911"}],"curies":[{"name":"gracias","href":"https:\/\/api.w.org\/{rel}","templated":true}]}}