{"id":15954,"date":"2025-11-17T11:02:58","date_gmt":"2025-11-17T10:02:58","guid":{"rendered":"https:\/\/bavarian-bondage.de\/?post_type=product&#038;p=15954"},"modified":"2026-01-04T19:37:11","modified_gmt":"2026-01-04T18:37:11","slug":"cuerda-de-yute-estandar-de-5-mm-juego-exclusivo-3-x-8-m","status":"publish","type":"product","link":"https:\/\/bavarian-bondage.de\/es\/produkt\/juteseil-standard-5mm-exklusiv-set-3x8m\/","title":{"rendered":"Cuerda de yute est\u00e1ndar 5mm Exclusiva; Set 3x8m"},"content":{"rendered":"<h3 style=\"text-align: center\">La cuerda de yute de 5 mm EXCLUSIVA<\/h3>\n<p style=\"text-align: center\">Ideal para iniciarse como rigger o para ampliar un set ya existente.<\/p>\n<p style=\"text-align: center\">La cuerda de yute est\u00e1 muy retorcida y al principio es un poco r\u00edgida y \u00e1spera, \u00a1pero esto mejora con el uso! Adem\u00e1s, la cuerda estaba provista de peque\u00f1os nudos en los extremos. El refinado le da a la cuerda de yute un hermoso aspecto de color caramelo. La cuerda est\u00e1 hecha de un solo hilo y, por lo tanto, es uniforme y generalmente sin nudos en toda su longitud.<\/p>\n<p><strong>\u00a0Detalles:<\/strong><\/p>\n<p>Cuerda de yute 5mm EXCLUSIVA<br \/>\n3 ejes fuertemente torcidos<br \/>\ncolores caramelo<br \/>\nNudos de extremo peque\u00f1os<br \/>\nLongitud: 3x8m<br \/>\n(La longitud de la cuerda puede variar hasta 3% de la longitud especificada).<\/p>\n<p>&nbsp;<\/p>\n<p><span style=\"color: #ff0000\"><strong>Un aviso:<\/strong><\/span><\/p>\n<p>\u00a1Compruebe peri\u00f3dicamente si los cables est\u00e1n desgastados o da\u00f1ados!<br \/>\n\u00a1Si las cuerdas se golpean o retuercen, pueden soltarse durante el uso!<br \/>\nNo lave cuerdas de yute. Lo mejor es limpiar con un pa\u00f1o h\u00famedo.<\/p>\n<p>&nbsp;<\/p>\n<p><strong>Alcance de la entrega:<\/strong> Cuerda de yute de 3x8 m y 5 mm EXCLUSIVA<\/p>\n<p>&nbsp;<\/p>\n<hr \/>\n<blockquote>\n<p style=\"text-align: center\"><span style=\"color: #333399\">La informaci\u00f3n sobre los productos se proporciona seg\u00fan nuestro leal saber y entender. Todas las dimensiones son aproximadas. El uso de los productos ofrecidos aqu\u00ed en la tienda es bajo su propia responsabilidad. Cada persona reacciona de manera diferente a las influencias externas, al placer o al dolor, etc. Por lo tanto, no se acepta ninguna responsabilidad por un uso inadecuado.  Cada usuario asume la total responsabilidad por el uso o correcto uso de los productos y sus consecuencias imprevisibles.<\/span><\/p>\n<\/blockquote>","protected":false},"excerpt":{"rendered":"<p>Precio b\u00e1sico: 2,21 \u20ac\/m<\/p>\n<p>Plazo de entrega: 5-7 d\u00edas*<\/p>","protected":false},"featured_media":15996,"template":"","meta":[],"product_brand":[],"product_cat":[222,294,560,216],"product_tag":[221,273,297,329],"class_list":{"0":"post-15954","1":"product","2":"type-product","3":"status-publish","4":"has-post-thumbnail","6":"product_cat-alle-produkte","7":"product_cat-juteseile","8":"product_cat-jute-standard-5mm","9":"product_cat-bondageseile","10":"product_tag-seilset","11":"product_tag-5mm","12":"product_tag-juteseil","13":"product_tag-bondageseile","15":"first","16":"instock","17":"taxable","18":"shipping-taxable","19":"purchasable","20":"product-type-simple"},"_links":{"self":[{"href":"https:\/\/bavarian-bondage.de\/es\/wp-json\/wp\/v2\/product\/15954","targetHints":{"allow":["GET"]}}],"collection":[{"href":"https:\/\/bavarian-bondage.de\/es\/wp-json\/wp\/v2\/product"}],"about":[{"href":"https:\/\/bavarian-bondage.de\/es\/wp-json\/wp\/v2\/types\/product"}],"version-history":[{"count":3,"href":"https:\/\/bavarian-bondage.de\/es\/wp-json\/wp\/v2\/product\/15954\/revisions"}],"predecessor-version":[{"id":15993,"href":"https:\/\/bavarian-bondage.de\/es\/wp-json\/wp\/v2\/product\/15954\/revisions\/15993"}],"wp:featuredmedia":[{"embeddable":true,"href":"https:\/\/bavarian-bondage.de\/es\/wp-json\/wp\/v2\/media\/15996"}],"wp:attachment":[{"href":"https:\/\/bavarian-bondage.de\/es\/wp-json\/wp\/v2\/media?parent=15954"}],"wp:term":[{"taxonomy":"product_brand","embeddable":true,"href":"https:\/\/bavarian-bondage.de\/es\/wp-json\/wp\/v2\/product_brand?post=15954"},{"taxonomy":"product_cat","embeddable":true,"href":"https:\/\/bavarian-bondage.de\/es\/wp-json\/wp\/v2\/product_cat?post=15954"},{"taxonomy":"product_tag","embeddable":true,"href":"https:\/\/bavarian-bondage.de\/es\/wp-json\/wp\/v2\/product_tag?post=15954"}],"curies":[{"name":"gracias","href":"https:\/\/api.w.org\/{rel}","templated":true}]}}