{"id":15958,"date":"2025-11-17T11:03:03","date_gmt":"2025-11-17T10:03:03","guid":{"rendered":"https:\/\/bavarian-bondage.de\/?post_type=product&#038;p=15958"},"modified":"2025-11-17T15:32:00","modified_gmt":"2025-11-17T14:32:00","slug":"cuerda-de-yute-estandar-de-5-mm-cuerda-simple-exclusiva-de-4-m","status":"publish","type":"product","link":"https:\/\/bavarian-bondage.de\/es\/produkt\/juteseil-standard-5mm-exklusiv-einzelseil-4m\/","title":{"rendered":"Cuerda de yute est\u00e1ndar de 5 mm (exclusiva); cuerda simple de 4 m"},"content":{"rendered":"<h3 style=\"text-align: center\">La cuerda de yute de 5 mm EXCLUSIVA<\/h3>\n<p style=\"text-align: center\">Reemplaza una cuerda, ampl\u00eda el conjunto o simplemente comprueba la calidad.<\/p>\n<p style=\"text-align: center\">La cuerda de yute est\u00e1 muy retorcida y al principio es un poco r\u00edgida y \u00e1spera, \u00a1pero esto mejora con el uso! Las cuerdas se limpian, se rompen, se flamean y luego se engrasan. Adem\u00e1s, la cuerda estaba provista de peque\u00f1os nudos en los extremos. El refinamiento confiere a la cuerda de yute un bonito aspecto de color caramelo. La cuerda est\u00e1 hecha de un solo hilo y, por lo tanto, es continua, uniforme y sin nudos.<\/p>\n<p><strong>Detalles:<\/strong><\/p>\n<p>Cuerda de yute 5mm EXCLUSIVA<br \/>\n3 ejes fuertemente torcidos<br \/>\ncolores caramelo<br \/>\nNudos de extremo peque\u00f1os<br \/>\nLongitud: 1x4m<br \/>\n(La longitud de la cuerda puede variar hasta 3% de la longitud especificada).<\/p>\n<p>&nbsp;<\/p>\n<p><span style=\"color: #ff0000\"><strong>Un aviso:<\/strong><\/span><\/p>\n<p>\u00a1Compruebe peri\u00f3dicamente si los cables est\u00e1n desgastados o da\u00f1ados!<br \/>\n\u00a1Si las cuerdas se golpean o retuercen, pueden soltarse durante el uso!<br \/>\nLas cuerdas de yute no se deben lavar. Es mejor limpiar con un pa\u00f1o h\u00famedo.<\/p>\n<p>&nbsp;<\/p>\n<p><strong><span style=\"color: #000000\">Alcance de la entrega:<\/span><\/strong> 1x4m Cuerda de Yute 5mm EXCLUSIVA<\/p>\n<p>&nbsp;<\/p>\n<hr \/>\n<blockquote>\n<p style=\"text-align: center\"><span style=\"color: #333399\">La informaci\u00f3n sobre los productos se proporciona seg\u00fan nuestro leal saber y entender. Todas las dimensiones son aproximadas. El uso de los productos ofrecidos aqu\u00ed en la tienda es bajo su propia responsabilidad. Cada persona reacciona de manera diferente a las influencias externas, al placer o al dolor, etc. Por lo tanto, no se acepta ninguna responsabilidad por un uso inadecuado.  Cada usuario asume la total responsabilidad por el uso o correcto uso de los productos y sus consecuencias imprevisibles.<\/span><\/p>\n<\/blockquote>","protected":false},"excerpt":{"rendered":"<p>Precio b\u00e1sico: 2,50\u20ac\/m<\/p>\n<p>Plazo de entrega: 5-7 d\u00edas*<\/p>","protected":false},"featured_media":15997,"template":"","meta":[],"product_brand":[],"product_cat":[216,222,294,560],"product_tag":[227,273,297,348],"class_list":{"0":"post-15958","1":"product","2":"type-product","3":"status-publish","4":"has-post-thumbnail","6":"product_cat-bondageseile","7":"product_cat-alle-produkte","8":"product_cat-juteseile","9":"product_cat-jute-standard-5mm","10":"product_tag-bondage","11":"product_tag-5mm","12":"product_tag-juteseil","13":"product_tag-fest-gedreht","15":"first","16":"instock","17":"taxable","18":"shipping-taxable","19":"purchasable","20":"product-type-simple"},"_links":{"self":[{"href":"https:\/\/bavarian-bondage.de\/es\/wp-json\/wp\/v2\/product\/15958","targetHints":{"allow":["GET"]}}],"collection":[{"href":"https:\/\/bavarian-bondage.de\/es\/wp-json\/wp\/v2\/product"}],"about":[{"href":"https:\/\/bavarian-bondage.de\/es\/wp-json\/wp\/v2\/types\/product"}],"version-history":[{"count":2,"href":"https:\/\/bavarian-bondage.de\/es\/wp-json\/wp\/v2\/product\/15958\/revisions"}],"predecessor-version":[{"id":15962,"href":"https:\/\/bavarian-bondage.de\/es\/wp-json\/wp\/v2\/product\/15958\/revisions\/15962"}],"wp:featuredmedia":[{"embeddable":true,"href":"https:\/\/bavarian-bondage.de\/es\/wp-json\/wp\/v2\/media\/15997"}],"wp:attachment":[{"href":"https:\/\/bavarian-bondage.de\/es\/wp-json\/wp\/v2\/media?parent=15958"}],"wp:term":[{"taxonomy":"product_brand","embeddable":true,"href":"https:\/\/bavarian-bondage.de\/es\/wp-json\/wp\/v2\/product_brand?post=15958"},{"taxonomy":"product_cat","embeddable":true,"href":"https:\/\/bavarian-bondage.de\/es\/wp-json\/wp\/v2\/product_cat?post=15958"},{"taxonomy":"product_tag","embeddable":true,"href":"https:\/\/bavarian-bondage.de\/es\/wp-json\/wp\/v2\/product_tag?post=15958"}],"curies":[{"name":"gracias","href":"https:\/\/api.w.org\/{rel}","templated":true}]}}