{"id":15963,"date":"2025-11-17T11:07:37","date_gmt":"2025-11-17T10:07:37","guid":{"rendered":"https:\/\/bavarian-bondage.de\/?post_type=product&#038;p=15963"},"modified":"2026-03-16T15:09:06","modified_gmt":"2026-03-16T14:09:06","slug":"cuerda-de-yute-estandar-de-5-mm-juego-clasico-de-10-x-8-m-y-2-x-4-m","status":"publish","type":"product","link":"https:\/\/bavarian-bondage.de\/es\/produkt\/juteseil-standard-5mm-klassik-set-10x8m-und-2x4m\/","title":{"rendered":"Cuerda de yute cl\u00e1sica est\u00e1ndar de 5 mm; juego de 10 x 8 m y 2 x 4 m"},"content":{"rendered":"<h3 style=\"text-align: center\">La cuerda de yute CL\u00c1SICA de 5 mm<\/h3>\n<p style=\"text-align: center\">El gran set profesional ofrece mucha cuerda para el bondage exigente. \u00a1Las cuatro cuerdas cortas complementan perfectamente el conjunto y ofrecen una amplia gama de usos posibles!<\/p>\n<p style=\"text-align: center\">Al principio la cuerda est\u00e1 un poco r\u00edgida y \u00e1spera debido a la fuerte rotaci\u00f3n. La cuerda de yute no tiene ning\u00fan olor propio, huele m\u00ednimamente al aceite de tratamiento utilizado. Los extremos de la cuerda se atan con un nudo simple normal. El color caramelo creado mediante oxicorte ofrece una apariencia hermosa. La cuerda est\u00e1 hecha de un solo hilo y, por lo tanto, es uniforme y sin nudos en toda su longitud.<\/p>\n<p><strong>Detalles:<\/strong><\/p>\n<p>Cuerda de yute 5mm CL\u00c1SICA<br \/>\n3 ejes fuertemente torcidos<br \/>\ncolores caramelo<br \/>\nNudos normales<br \/>\nLongitud: 10x8m \/ 2x4m<br \/>\n(La longitud de la cuerda puede variar hasta 3% de la longitud especificada).<\/p>\n<p><span style=\"color: #ff0000\"><strong>Un aviso:<\/strong><\/span><\/p>\n<p>\u00a1Compruebe peri\u00f3dicamente si los cables est\u00e1n desgastados o da\u00f1ados!<br \/>\n\u00a1Si las cuerdas se golpean o retuercen, pueden soltarse durante el uso!<br \/>\nNo lave cuerdas de yute. Lo mejor es limpiar con un pa\u00f1o h\u00famedo.<\/p>\n<p><strong>Alcance de la entrega:<\/strong> Cuerda de yute 10x8m \/ 2x4m 5mm CL\u00c1SICA<\/p>\n<p>&nbsp;<\/p>\n<hr \/>\n<blockquote>\n<p style=\"text-align: center\"><span style=\"color: #333399\">La informaci\u00f3n sobre los productos se proporciona seg\u00fan nuestro leal saber y entender. Todas las dimensiones son aproximadas. El uso de los productos ofrecidos aqu\u00ed en la tienda es bajo su propia responsabilidad. Cada persona reacciona de manera diferente a las influencias externas, al placer o al dolor, etc. Por lo tanto, no se acepta ninguna responsabilidad por un uso inadecuado.  Cada usuario asume la total responsabilidad por el uso o correcto uso de los productos y sus consecuencias imprevisibles.<\/span><\/p>\n<\/blockquote>","protected":false},"excerpt":{"rendered":"<p>Precio b\u00e1sico: 1,61\u20ac\/m<\/p>\n<p>Plazo de entrega: 5-7 d\u00edas*<\/p>","protected":false},"featured_media":16027,"template":"","meta":[],"product_brand":[],"product_cat":[560,216,222,294],"product_tag":[297,221,261,273],"class_list":{"0":"post-15963","1":"product","2":"type-product","3":"status-publish","4":"has-post-thumbnail","6":"product_cat-jute-standard-5mm","7":"product_cat-bondageseile","8":"product_cat-alle-produkte","9":"product_cat-juteseile","10":"product_tag-juteseil","11":"product_tag-seilset","12":"product_tag-bondageseil","13":"product_tag-5mm","15":"first","16":"instock","17":"taxable","18":"shipping-taxable","19":"purchasable","20":"product-type-simple"},"_links":{"self":[{"href":"https:\/\/bavarian-bondage.de\/es\/wp-json\/wp\/v2\/product\/15963","targetHints":{"allow":["GET"]}}],"collection":[{"href":"https:\/\/bavarian-bondage.de\/es\/wp-json\/wp\/v2\/product"}],"about":[{"href":"https:\/\/bavarian-bondage.de\/es\/wp-json\/wp\/v2\/types\/product"}],"version-history":[{"count":3,"href":"https:\/\/bavarian-bondage.de\/es\/wp-json\/wp\/v2\/product\/15963\/revisions"}],"predecessor-version":[{"id":15991,"href":"https:\/\/bavarian-bondage.de\/es\/wp-json\/wp\/v2\/product\/15963\/revisions\/15991"}],"wp:featuredmedia":[{"embeddable":true,"href":"https:\/\/bavarian-bondage.de\/es\/wp-json\/wp\/v2\/media\/16027"}],"wp:attachment":[{"href":"https:\/\/bavarian-bondage.de\/es\/wp-json\/wp\/v2\/media?parent=15963"}],"wp:term":[{"taxonomy":"product_brand","embeddable":true,"href":"https:\/\/bavarian-bondage.de\/es\/wp-json\/wp\/v2\/product_brand?post=15963"},{"taxonomy":"product_cat","embeddable":true,"href":"https:\/\/bavarian-bondage.de\/es\/wp-json\/wp\/v2\/product_cat?post=15963"},{"taxonomy":"product_tag","embeddable":true,"href":"https:\/\/bavarian-bondage.de\/es\/wp-json\/wp\/v2\/product_tag?post=15963"}],"curies":[{"name":"gracias","href":"https:\/\/api.w.org\/{rel}","templated":true}]}}