{"id":15969,"date":"2025-11-17T11:07:46","date_gmt":"2025-11-17T10:07:46","guid":{"rendered":"https:\/\/bavarian-bondage.de\/?post_type=product&#038;p=15969"},"modified":"2026-03-25T23:14:38","modified_gmt":"2026-03-25T22:14:38","slug":"cuerda-de-yute-estandar-de-5-mm-cuerda-simple-clasica-de-8-m","status":"publish","type":"product","link":"https:\/\/bavarian-bondage.de\/es\/produkt\/juteseil-standard-5mm-klassik-einzelseil-8m\/","title":{"rendered":"Cuerda de yute est\u00e1ndar de 5 mm, estilo cl\u00e1sico; cuerda simple de 8 m"},"content":{"rendered":"<h3 style=\"text-align: center\">La cuerda de yute CL\u00c1SICA de 5 mm<\/h3>\n<p style=\"text-align: center\">Reemplaza una cuerda, ampl\u00eda el conjunto o simplemente comprueba la calidad.<\/p>\n<p style=\"text-align: center\">Debido a su torsi\u00f3n apretada, la cuerda es inicialmente algo r\u00edgida y \u00e1spera. La cuerda de yute pr\u00e1cticamente no tiene olor; solo un ligero aroma al aceite de tratamiento utilizado. Los extremos de la cuerda est\u00e1n rematados con un nudo simple est\u00e1ndar. El color caramelo, resultado del tratamiento con llama, le confiere a la cuerda una apariencia hermosa. Est\u00e1 hecha de un solo hilo, lo que la hace uniforme y sin nudos a lo largo de toda su extensi\u00f3n.<\/p>\n<p><strong>Detalles:<\/strong><\/p>\n<p>Cuerda de yute 5mm CL\u00c1SICA<br \/>\n3 ejes fuertemente torcidos<br \/>\ncolores caramelo<br \/>\nNudos normales<br \/>\nLongitud: 1x8m<br \/>\n(La longitud de la cuerda puede variar hasta 3% de la longitud especificada).<\/p>\n<p>&nbsp;<\/p>\n<p><strong><span style=\"color: #ff0000\">Un aviso:<\/span><\/strong><\/p>\n<p>\u00a1Compruebe peri\u00f3dicamente si los cables est\u00e1n desgastados o da\u00f1ados!<br \/>\n\u00a1Si las cuerdas se golpean o retuercen, pueden soltarse durante el uso!<br \/>\nNo lave cuerdas de yute. Lo mejor es limpiar con un pa\u00f1o h\u00famedo.<\/p>\n<p><span style=\"color: #000000\"><strong>Alcance de la entrega:<\/strong><\/span> 1x8m Cuerda de yute 5mm CL\u00c1SICA<\/p>\n<p>&nbsp;<\/p>\n<hr \/>\n<blockquote>\n<p style=\"text-align: center\"><span style=\"color: #333399\">La informaci\u00f3n sobre los productos se proporciona seg\u00fan nuestro leal saber y entender. Todas las dimensiones son aproximadas. El uso de los productos ofrecidos aqu\u00ed en la tienda es bajo su propia responsabilidad. Cada persona reacciona de manera diferente a las influencias externas, al placer o al dolor, etc. Por lo tanto, no se acepta ninguna responsabilidad por un uso inadecuado.  Cada usuario asume la total responsabilidad por el uso o correcto uso de los productos y sus consecuencias imprevisibles.<\/span><\/p>\n<\/blockquote>","protected":false},"excerpt":{"rendered":"<p>Precio b\u00e1sico: 2,00\u20ac\/m<\/p>\n<p>Plazo de entrega: 5-7 d\u00edas*<\/p>","protected":false},"featured_media":16028,"template":"","meta":[],"product_brand":[],"product_cat":[216,222,294,560],"product_tag":[221,261,297],"class_list":{"0":"post-15969","1":"product","2":"type-product","3":"status-publish","4":"has-post-thumbnail","6":"product_cat-bondageseile","7":"product_cat-alle-produkte","8":"product_cat-juteseile","9":"product_cat-jute-standard-5mm","10":"product_tag-seilset","11":"product_tag-bondageseil","12":"product_tag-juteseil","14":"first","15":"instock","16":"taxable","17":"shipping-taxable","18":"purchasable","19":"product-type-simple"},"_links":{"self":[{"href":"https:\/\/bavarian-bondage.de\/es\/wp-json\/wp\/v2\/product\/15969","targetHints":{"allow":["GET"]}}],"collection":[{"href":"https:\/\/bavarian-bondage.de\/es\/wp-json\/wp\/v2\/product"}],"about":[{"href":"https:\/\/bavarian-bondage.de\/es\/wp-json\/wp\/v2\/types\/product"}],"version-history":[{"count":4,"href":"https:\/\/bavarian-bondage.de\/es\/wp-json\/wp\/v2\/product\/15969\/revisions"}],"predecessor-version":[{"id":16515,"href":"https:\/\/bavarian-bondage.de\/es\/wp-json\/wp\/v2\/product\/15969\/revisions\/16515"}],"wp:featuredmedia":[{"embeddable":true,"href":"https:\/\/bavarian-bondage.de\/es\/wp-json\/wp\/v2\/media\/16028"}],"wp:attachment":[{"href":"https:\/\/bavarian-bondage.de\/es\/wp-json\/wp\/v2\/media?parent=15969"}],"wp:term":[{"taxonomy":"product_brand","embeddable":true,"href":"https:\/\/bavarian-bondage.de\/es\/wp-json\/wp\/v2\/product_brand?post=15969"},{"taxonomy":"product_cat","embeddable":true,"href":"https:\/\/bavarian-bondage.de\/es\/wp-json\/wp\/v2\/product_cat?post=15969"},{"taxonomy":"product_tag","embeddable":true,"href":"https:\/\/bavarian-bondage.de\/es\/wp-json\/wp\/v2\/product_tag?post=15969"}],"curies":[{"name":"gracias","href":"https:\/\/api.w.org\/{rel}","templated":true}]}}